{"id":23444,"date":"2023-09-27T19:42:45","date_gmt":"2023-09-27T22:42:45","guid":{"rendered":"https:\/\/saxuming.net\/careers\/"},"modified":"2025-08-17T23:36:51","modified_gmt":"2025-08-18T02:36:51","slug":"empleo","status":"publish","type":"page","link":"https:\/\/saxuming.net\/pt-br\/empleo\/","title":{"rendered":"Empleo"},"content":{"rendered":"<div class=\"vgblk-rw-wrapper limit-wrapper\">\n<h2>\n\tPor que SAXUM?\n\t<\/h2>\n\t<p>Na SAXUM, voc\u00ea ter\u00e1 acesso a um portf\u00f3lio din\u00e2mico, desafiador e internacional de projetos em todo o mundo. Ajudaremos voc\u00ea a acelerar sua carreira fazendo parte desta equipe incr\u00edvel.<\/p>\n\t<a href=\"https:\/\/saxuming.net\/pt-br\/projetos\/\" target=\"_self\" role=\"button\" rel=\"noopener\">\n\t\t\t\t\tProjetos da SAXUM\n\t<\/a>\n\t<a href=\"https:\/\/saxuming.net\/pt-br\/nossa-equipe\/\" target=\"_self\" role=\"button\" rel=\"noopener\">\n\t\t\t\t\tEquipe SAXUM\n\t<\/a>\n<h2>\n\tProcurando oportunidades?\n\t<\/h2>\n\t<p>Navegue em nossas listas de empregos para encontrar oportunidades que correspondam ao seu conjunto de habilidades.<\/p>\n\t<a href=\"https:\/\/www.livehire.com\/careers\/saxum\/jobs\" target=\"_blank\" role=\"button\" rel=\"noopener\">\n\t\t\t\t\tCandidatar-se a Empregos\n\t<\/a>\n\t<a href=\"https:\/\/www.livehire.com\/talent\/community\/saxum\/contact\" target=\"_blank\" role=\"button\" rel=\"noopener\">\n\t\t\t\t\tJunte-se \u00e0 Nossa Comunidade de Talentos\n\t<\/a>\n\n<\/div><!-- .vgblk-rw-wrapper -->","protected":false},"excerpt":{"rendered":"<p>Por que SAXUM? Na SAXUM, voc\u00ea ter\u00e1 acesso a um portf\u00f3lio din\u00e2mico, desafiador e internacional de projetos em todo o mundo. Ajudaremos voc\u00ea a acelerar sua carreira fazendo parte desta equipe incr\u00edvel. Projetos da SAXUM Equipe SAXUM Procurando oportunidades? Navegue em nossas listas de empregos para encontrar oportunidades que correspondam ao seu conjunto de habilidades&#8230;.<\/p>\n","protected":false},"author":1,"featured_media":0,"parent":0,"menu_order":0,"comment_status":"closed","ping_status":"closed","template":"","meta":{"inline_featured_image":false},"jetpack_sharing_enabled":true,"_links":{"self":[{"href":"https:\/\/saxuming.net\/pt-br\/wp-json\/wp\/v2\/pages\/23444"}],"collection":[{"href":"https:\/\/saxuming.net\/pt-br\/wp-json\/wp\/v2\/pages"}],"about":[{"href":"https:\/\/saxuming.net\/pt-br\/wp-json\/wp\/v2\/types\/page"}],"author":[{"embeddable":true,"href":"https:\/\/saxuming.net\/pt-br\/wp-json\/wp\/v2\/users\/1"}],"replies":[{"embeddable":true,"href":"https:\/\/saxuming.net\/pt-br\/wp-json\/wp\/v2\/comments?post=23444"}],"version-history":[{"count":6,"href":"https:\/\/saxuming.net\/pt-br\/wp-json\/wp\/v2\/pages\/23444\/revisions"}],"predecessor-version":[{"id":24354,"href":"https:\/\/saxuming.net\/pt-br\/wp-json\/wp\/v2\/pages\/23444\/revisions\/24354"}],"wp:attachment":[{"href":"https:\/\/saxuming.net\/pt-br\/wp-json\/wp\/v2\/media?parent=23444"}],"curies":[{"name":"wp","href":"https:\/\/api.w.org\/{rel}","templated":true}]}}