{"id":20647,"date":"2020-11-18T20:11:12","date_gmt":"2020-11-18T23:11:12","guid":{"rendered":"https:\/\/saxuming.net\/industries\/iron-steel\/"},"modified":"2020-11-19T03:23:16","modified_gmt":"2020-11-19T06:23:16","slug":"ferro-e-aco","status":"publish","type":"page","link":"https:\/\/saxuming.net\/pt-br\/industries\/ferro-e-aco\/","title":{"rendered":"Ferro e A\u00e7o"},"content":{"rendered":"<div class=\"vgblk-rw-wrapper limit-wrapper\"><h2>\n\tFerro e A\u00e7o\n\t<\/h2>\n\t<p>SAXUM Engineering oferece uma ampla gama de servi\u00e7os de engenharia para a ind\u00fastria de ferro e a\u00e7o, tanto para rotas de processo integrado e mini-mills, de mat\u00e9rias-primas, fabrica\u00e7\u00e3o de ferro, siderurgia, refino, fundi\u00e7\u00e3o e lamina\u00e7\u00e3o de produtos planos e longos e p\u00f3s-processamento.<\/p>\n<p>Nossos servi\u00e7os incluem estudos de escopo e viabilidade, an\u00e1lise de compensa\u00e7\u00e3o, avalia\u00e7\u00f5es de processos e opera\u00e7\u00f5es, mat\u00e9rias-primas, avalia\u00e7\u00f5es de energia e valor em uso e otimiza\u00e7\u00e3o, engenharia conceitual, b\u00e1sica e detalhada em todas as disciplinas, incluindo civil e estrutural, mec\u00e2nica e oleodutos e engenharia el\u00e9trica, instrumenta\u00e7\u00e3o e controle.<\/p>\n<p>A equipe de engenharia da SAXUM usa o software computacional mais eficiente e abrangente para desenvolver projetos de engenharia em ambientes totalmente 3D, permitindo a integra\u00e7\u00e3o precisa entre projetos de todas as diferentes disciplinas t\u00e9cnicas. Al\u00e9m disso, a abordagem de engenharia da SAXUM para projetos de ferro e a\u00e7o concentra-se nos aspectos de construtibilidade e valor de engenharia por meio de projetos de baixo custo.<\/p>\n<p>Nossas equipes de engenharia em cada projeto s\u00e3o dirigidas e coordenadas por Gerentes de Projeto, Controladores de Projeto e Supervisores de QA \/ QC altamente experientes e especializados; Al\u00e9m disso, os servi\u00e7os de gest\u00e3o de aquisi\u00e7\u00e3o e constru\u00e7\u00e3o da SAXUM fornecem projetos com toda a experi\u00eancia necess\u00e1ria, desde o desenvolvimento inicial de processos e opera\u00e7\u00f5es at\u00e9 sua conclus\u00e3o bem-sucedida. Nossa equipe de Gest\u00e3o de Obras segue os m\u00e9todos, estrat\u00e9gias construtivas e controles or\u00e7ament\u00e1rios mais eficientes, pois \u00e9 formada por profissionais multidisciplinares para permitir a coordena\u00e7\u00e3o de todas as disciplinas envolvidas como seguran\u00e7a, qualidade, acompanhamento de contratos, administra\u00e7\u00e3o, comissionamento e comissionamento. Mar\u00e7o. Portanto, SAXUM est\u00e1 em uma posi\u00e7\u00e3o \u00fanica para fornecer servi\u00e7os EPCM abrangentes e abrangentes.<\/p>\n<h3>\n\tNOSSOS SERVI\u00c7OS\n\t<\/h3>\n<h3>\n\tOS SERVI\u00c7OS DE ENGENHARIA MULTIDISCIPLINA DA SAXUM PARA A IND\u00daSTRIA DE FERRO E A\u00c7O PARA OS PROJETOS BROWNFIELD E GREENFIELD S\u00c3O:\n\t<\/h3>\n\t\t<h3>Baixe o Folheto de Ferro e A\u00e7o<\/h3>\n\t\t<p>Nosso folheto completo em formato PDF<\/p>\u00a0\n\t<a href=\"\/wp-content\/uploads\/2020\/11\/SAXUM-Iron-Steel-Flyer.pdf\" target=\"_blank\" role=\"button\" rel=\"noopener noreferrer\">\n\t\t\t\t\tBaixar\n\t<\/a>\n<style>\n\t\t<\/style>\n<section>\n\t\t\t\t<a href=\"https:\/\/saxuming.net\/pt-br\/portfolio\/tecpetrol\/\" target=\"_self\" rel=\"noopener noreferrer\">\n\t\t\t\t\t\t\t\tTecpetrol\t\t\t\t\t\t\t\n\t\t\t\t\t\t\t\t\t\t\t\t\t\t\t\t\t\t\tLocation: &#8211;\n\t\t\t\t<\/a>\n\t\t\t\t<a href=\"https:\/\/saxuming.net\/pt-br\/portfolio\/tecpetrol\/\">Read more &rarr;<\/a>\n\t\t\t\t\t\t\t\t\t<a href=\"https:\/\/saxuming.net\/pt-br\/portfolio\/tecpetrol\/\" target=\"_self\" rel=\"noopener noreferrer\">\n\t\t\t\t\t\t\t<img width=\"350\" height=\"269\" src=\"https:\/\/saxuming.net\/wp-content\/uploads\/2020\/05\/Tecpetrol-saxum-mineria-industria-construccion-empresas-ingenieria-argentina-litio-cementera-350x269.jpg\" alt=\"\" loading=\"lazy\" srcset=\"data:image\/svg+xml;utf8,&lt;svg%20xmlns=&quot;http:\/\/www.w3.org\/2000\/svg&quot;%20viewBox=&quot;0%200%20350%20269&quot;%20height=&quot;269px&quot;%20width=&quot;350px&quot;\/&gt;\" data-srcset=\"https:\/\/saxuming.net\/wp-content\/uploads\/2020\/05\/Tecpetrol-saxum-mineria-industria-construccion-empresas-ingenieria-argentina-litio-cementera-350x269.jpg 350w, https:\/\/saxuming.net\/wp-content\/uploads\/2020\/05\/Tecpetrol-saxum-mineria-industria-construccion-empresas-ingenieria-argentina-litio-cementera-700x538.jpg 700w, https:\/\/saxuming.net\/wp-content\/uploads\/2020\/05\/Tecpetrol-saxum-mineria-industria-construccion-empresas-ingenieria-argentina-litio-cementera-466x358.jpg 466w\" sizes=\"(min-width: 900px) 50vw, 100vw\" data-attachment-id=\"19691\" data-permalink=\"https:\/\/saxuming.net\/pt-br\/portfolio\/pluspetrol-2\/tecpetrol-saxum-mineria-industria-construccion-empresas-ingenieria-argentina-litio-cementera\/\" data-orig-file=\"https:\/\/saxuming.net\/wp-content\/uploads\/2020\/05\/Tecpetrol-saxum-mineria-industria-construccion-empresas-ingenieria-argentina-litio-cementera.jpg\" data-orig-size=\"1200,675\" data-comments-opened=\"0\" data-image-meta=\"{&quot;aperture&quot;:&quot;0&quot;,&quot;credit&quot;:&quot;&quot;,&quot;camera&quot;:&quot;&quot;,&quot;caption&quot;:&quot;&quot;,&quot;created_timestamp&quot;:&quot;0&quot;,&quot;copyright&quot;:&quot;&quot;,&quot;focal_length&quot;:&quot;0&quot;,&quot;iso&quot;:&quot;0&quot;,&quot;shutter_speed&quot;:&quot;0&quot;,&quot;title&quot;:&quot;&quot;,&quot;orientation&quot;:&quot;0&quot;}\" data-image-title=\"Tecpetrol -saxum-mineria-industria-construccion-empresas-ingenieria-argentina-litio-cementera\" data-image-description=\"\" data-medium-file=\"https:\/\/saxuming.net\/wp-content\/uploads\/2020\/05\/Tecpetrol-saxum-mineria-industria-construccion-empresas-ingenieria-argentina-litio-cementera-300x169.jpg\" data-large-file=\"https:\/\/saxuming.net\/wp-content\/uploads\/2020\/05\/Tecpetrol-saxum-mineria-industria-construccion-empresas-ingenieria-argentina-litio-cementera-1024x576.jpg\" \/>\t\t\t\t\t\t<\/a>\n\t\t\t\t<a href=\"https:\/\/saxuming.net\/pt-br\/portfolio\/pluspetrol-2\/\" target=\"_self\" rel=\"noopener noreferrer\">\n\t\t\t\t\t\t\t\tPluspetrol\t\t\t\t\t\t\t\n\t\t\t\t\t\t\t\t\t\t\t\t\t\t\t\t\t\t\tLocation: Tucum\u00e1n, Argentina\n\t\t\t\t<\/a>\n\t\t\t\t<a href=\"https:\/\/saxuming.net\/pt-br\/portfolio\/pluspetrol-2\/\">Read more &rarr;<\/a>\n\t\t\t\t\t\t\t\t\t<a href=\"https:\/\/saxuming.net\/pt-br\/portfolio\/pluspetrol-2\/\" target=\"_self\" rel=\"noopener noreferrer\">\n\t\t\t\t\t\t\t<img width=\"350\" height=\"269\" src=\"https:\/\/saxuming.net\/wp-content\/uploads\/2020\/05\/Tecpetrol-2-saxum-mineria-industria-construccion-empresas-ingenieria-argentina-litio-cementera-350x269.jpg\" alt=\"\" loading=\"lazy\" srcset=\"data:image\/svg+xml;utf8,&lt;svg%20xmlns=&quot;http:\/\/www.w3.org\/2000\/svg&quot;%20viewBox=&quot;0%200%20350%20269&quot;%20height=&quot;269px&quot;%20width=&quot;350px&quot;\/&gt;\" data-srcset=\"https:\/\/saxuming.net\/wp-content\/uploads\/2020\/05\/Tecpetrol-2-saxum-mineria-industria-construccion-empresas-ingenieria-argentina-litio-cementera-350x269.jpg 350w, https:\/\/saxuming.net\/wp-content\/uploads\/2020\/05\/Tecpetrol-2-saxum-mineria-industria-construccion-empresas-ingenieria-argentina-litio-cementera-1400x1076.jpg 1400w, https:\/\/saxuming.net\/wp-content\/uploads\/2020\/05\/Tecpetrol-2-saxum-mineria-industria-construccion-empresas-ingenieria-argentina-litio-cementera-700x538.jpg 700w, https:\/\/saxuming.net\/wp-content\/uploads\/2020\/05\/Tecpetrol-2-saxum-mineria-industria-construccion-empresas-ingenieria-argentina-litio-cementera-466x358.jpg 466w, https:\/\/saxuming.net\/wp-content\/uploads\/2020\/05\/Tecpetrol-2-saxum-mineria-industria-construccion-empresas-ingenieria-argentina-litio-cementera-933x717.jpg 933w\" sizes=\"(min-width: 900px) 50vw, 100vw\" data-attachment-id=\"19692\" data-permalink=\"https:\/\/saxuming.net\/pt-br\/portfolio\/pluspetrol-2\/tecpetrol-2-saxum-mineria-industria-construccion-empresas-ingenieria-argentina-litio-cementera\/\" data-orig-file=\"https:\/\/saxuming.net\/wp-content\/uploads\/2020\/05\/Tecpetrol-2-saxum-mineria-industria-construccion-empresas-ingenieria-argentina-litio-cementera.jpg\" data-orig-size=\"1473,1112\" data-comments-opened=\"0\" data-image-meta=\"{&quot;aperture&quot;:&quot;4&quot;,&quot;credit&quot;:&quot;&quot;,&quot;camera&quot;:&quot;DSC-W50&quot;,&quot;caption&quot;:&quot;&quot;,&quot;created_timestamp&quot;:&quot;1176440444&quot;,&quot;copyright&quot;:&quot;&quot;,&quot;focal_length&quot;:&quot;12.4&quot;,&quot;iso&quot;:&quot;100&quot;,&quot;shutter_speed&quot;:&quot;0.0125&quot;,&quot;title&quot;:&quot;&quot;,&quot;orientation&quot;:&quot;1&quot;}\" data-image-title=\"Tecpetrol-2-saxum-mineria-industria-construccion-empresas-ingenieria-argentina-litio-cementera\" data-image-description=\"\" data-medium-file=\"https:\/\/saxuming.net\/wp-content\/uploads\/2020\/05\/Tecpetrol-2-saxum-mineria-industria-construccion-empresas-ingenieria-argentina-litio-cementera-300x226.jpg\" data-large-file=\"https:\/\/saxuming.net\/wp-content\/uploads\/2020\/05\/Tecpetrol-2-saxum-mineria-industria-construccion-empresas-ingenieria-argentina-litio-cementera-1024x773.jpg\" \/>\t\t\t\t\t\t<\/a>\n<\/section>\n<\/div><!-- .vgblk-rw-wrapper -->","protected":false},"excerpt":{"rendered":"<p>Ferro e A\u00e7o SAXUM Engineering oferece uma ampla gama de servi\u00e7os de engenharia para a ind\u00fastria de ferro e a\u00e7o, tanto para rotas de processo integrado e mini-mills, de mat\u00e9rias-primas, fabrica\u00e7\u00e3o de ferro, siderurgia, refino, fundi\u00e7\u00e3o e lamina\u00e7\u00e3o de produtos planos e longos e p\u00f3s-processamento. Nossos servi\u00e7os incluem estudos de escopo e viabilidade, an\u00e1lise de&#8230;<\/p>\n","protected":false},"author":1,"featured_media":0,"parent":20435,"menu_order":0,"comment_status":"closed","ping_status":"closed","template":"","meta":{"inline_featured_image":false},"jetpack_sharing_enabled":true,"_links":{"self":[{"href":"https:\/\/saxuming.net\/pt-br\/wp-json\/wp\/v2\/pages\/20647"}],"collection":[{"href":"https:\/\/saxuming.net\/pt-br\/wp-json\/wp\/v2\/pages"}],"about":[{"href":"https:\/\/saxuming.net\/pt-br\/wp-json\/wp\/v2\/types\/page"}],"author":[{"embeddable":true,"href":"https:\/\/saxuming.net\/pt-br\/wp-json\/wp\/v2\/users\/1"}],"replies":[{"embeddable":true,"href":"https:\/\/saxuming.net\/pt-br\/wp-json\/wp\/v2\/comments?post=20647"}],"version-history":[{"count":0,"href":"https:\/\/saxuming.net\/pt-br\/wp-json\/wp\/v2\/pages\/20647\/revisions"}],"up":[{"embeddable":true,"href":"https:\/\/saxuming.net\/pt-br\/wp-json\/wp\/v2\/pages\/20435"}],"wp:attachment":[{"href":"https:\/\/saxuming.net\/pt-br\/wp-json\/wp\/v2\/media?parent=20647"}],"curies":[{"name":"wp","href":"https:\/\/api.w.org\/{rel}","templated":true}]}}