{"id":20342,"date":"2020-04-20T21:05:18","date_gmt":"2020-04-21T00:05:18","guid":{"rendered":"https:\/\/saxuming.net\/oil-gas\/"},"modified":"2020-11-05T21:55:03","modified_gmt":"2020-11-06T00:55:03","slug":"oleo-e-gas","status":"publish","type":"page","link":"https:\/\/saxuming.net\/pt-br\/industries\/oleo-e-gas\/","title":{"rendered":"\u00d3leo e G\u00e1s"},"content":{"rendered":"<div class=\"vgblk-rw-wrapper limit-wrapper\"><h2>\n\t\u00d3leo e G\u00e1s\n\t<\/h2>\n\t<p>A SAXUM oferece uma ampla gama de servi\u00e7os de engenharia para as ind\u00fastrias de petr\u00f3leo e g\u00e1s, incluindo estudos de escopo e viabilidade, an\u00e1lise de compensa\u00e7\u00e3o, engenharia conceitual, b\u00e1sica e detalhada. Nossas capacidades de engenharia abrangem todas as disciplinas t\u00e9cnicas, incluindo engenharia civil e estrutural, engenharia mec\u00e2nica e de tubos e el\u00e9trica, instrumenta\u00e7\u00e3o e controle.<\/p>\n<h3>\n\tNOSSOS SERVI\u00c7OS\n\t<\/h3>\n<h3>\n\tOS SERVI\u00c7OS DE ENGENHARIA MULXDISCIPLINA SAXUM PARA A IND\u00daSTRIA DE PROCESSAMENTO E PRODU\u00c7\u00c3O DE PETR\u00d3LEO E G\u00c1S S\u00c3O OS SEGUINTES\n\t<\/h3>\n\t\t<h3>Ver Brochura de \u00d3leo e G\u00e1s<\/h3>\n\t\t<p>Our complete brochure in pdf format<\/p>\u00a0\n\t<a href=\"\/wp-content\/uploads\/2020\/04\/SAXUM-Oil-Gas-Flyer-Book.pdf\" target=\"_blank\" role=\"button\" rel=\"noopener noreferrer\">\n\t\t\t\t\tDownload\n\t<\/a>\n<style>\n\t\t<\/style>\n<section>\n\t\t\t\t<a href=\"https:\/\/saxuming.net\/pt-br\/portfolio\/tecpetrol\/\" target=\"_self\" rel=\"noopener noreferrer\">\n\t\t\t\t\t\t\t\tTecpetrol\t\t\t\t\t\t\t\n\t\t\t\t\t\t\t\t\t\t\t\t\t\t\t\t\t\t\tLocation: &#8211;\n\t\t\t\t<\/a>\n\t\t\t\t<a href=\"https:\/\/saxuming.net\/pt-br\/portfolio\/tecpetrol\/\">Read more &rarr;<\/a>\n\t\t\t\t\t\t\t\t\t<a href=\"https:\/\/saxuming.net\/pt-br\/portfolio\/tecpetrol\/\" target=\"_self\" rel=\"noopener noreferrer\">\n\t\t\t\t\t\t\t<img width=\"350\" height=\"269\" src=\"https:\/\/saxuming.net\/wp-content\/uploads\/2020\/05\/Tecpetrol-saxum-mineria-industria-construccion-empresas-ingenieria-argentina-litio-cementera-350x269.jpg\" alt=\"\" loading=\"lazy\" srcset=\"data:image\/svg+xml;utf8,&lt;svg%20xmlns=&quot;http:\/\/www.w3.org\/2000\/svg&quot;%20viewBox=&quot;0%200%20350%20269&quot;%20height=&quot;269px&quot;%20width=&quot;350px&quot;\/&gt;\" data-srcset=\"https:\/\/saxuming.net\/wp-content\/uploads\/2020\/05\/Tecpetrol-saxum-mineria-industria-construccion-empresas-ingenieria-argentina-litio-cementera-350x269.jpg 350w, https:\/\/saxuming.net\/wp-content\/uploads\/2020\/05\/Tecpetrol-saxum-mineria-industria-construccion-empresas-ingenieria-argentina-litio-cementera-700x538.jpg 700w, https:\/\/saxuming.net\/wp-content\/uploads\/2020\/05\/Tecpetrol-saxum-mineria-industria-construccion-empresas-ingenieria-argentina-litio-cementera-466x358.jpg 466w\" sizes=\"(min-width: 900px) 50vw, 100vw\" data-attachment-id=\"19691\" data-permalink=\"https:\/\/saxuming.net\/pt-br\/portfolio\/pluspetrol-2\/tecpetrol-saxum-mineria-industria-construccion-empresas-ingenieria-argentina-litio-cementera\/\" data-orig-file=\"https:\/\/saxuming.net\/wp-content\/uploads\/2020\/05\/Tecpetrol-saxum-mineria-industria-construccion-empresas-ingenieria-argentina-litio-cementera.jpg\" data-orig-size=\"1200,675\" data-comments-opened=\"0\" data-image-meta=\"{&quot;aperture&quot;:&quot;0&quot;,&quot;credit&quot;:&quot;&quot;,&quot;camera&quot;:&quot;&quot;,&quot;caption&quot;:&quot;&quot;,&quot;created_timestamp&quot;:&quot;0&quot;,&quot;copyright&quot;:&quot;&quot;,&quot;focal_length&quot;:&quot;0&quot;,&quot;iso&quot;:&quot;0&quot;,&quot;shutter_speed&quot;:&quot;0&quot;,&quot;title&quot;:&quot;&quot;,&quot;orientation&quot;:&quot;0&quot;}\" data-image-title=\"Tecpetrol -saxum-mineria-industria-construccion-empresas-ingenieria-argentina-litio-cementera\" data-image-description=\"\" data-medium-file=\"https:\/\/saxuming.net\/wp-content\/uploads\/2020\/05\/Tecpetrol-saxum-mineria-industria-construccion-empresas-ingenieria-argentina-litio-cementera-300x169.jpg\" data-large-file=\"https:\/\/saxuming.net\/wp-content\/uploads\/2020\/05\/Tecpetrol-saxum-mineria-industria-construccion-empresas-ingenieria-argentina-litio-cementera-1024x576.jpg\" \/>\t\t\t\t\t\t<\/a>\n\t\t\t\t<a href=\"https:\/\/saxuming.net\/pt-br\/portfolio\/pluspetrol-2\/\" target=\"_self\" rel=\"noopener noreferrer\">\n\t\t\t\t\t\t\t\tPluspetrol\t\t\t\t\t\t\t\n\t\t\t\t\t\t\t\t\t\t\t\t\t\t\t\t\t\t\tLocation: Tucum\u00e1n, Argentina\n\t\t\t\t<\/a>\n\t\t\t\t<a href=\"https:\/\/saxuming.net\/pt-br\/portfolio\/pluspetrol-2\/\">Read more &rarr;<\/a>\n\t\t\t\t\t\t\t\t\t<a href=\"https:\/\/saxuming.net\/pt-br\/portfolio\/pluspetrol-2\/\" target=\"_self\" rel=\"noopener noreferrer\">\n\t\t\t\t\t\t\t<img width=\"350\" height=\"269\" src=\"https:\/\/saxuming.net\/wp-content\/uploads\/2020\/05\/Tecpetrol-2-saxum-mineria-industria-construccion-empresas-ingenieria-argentina-litio-cementera-350x269.jpg\" alt=\"\" loading=\"lazy\" srcset=\"data:image\/svg+xml;utf8,&lt;svg%20xmlns=&quot;http:\/\/www.w3.org\/2000\/svg&quot;%20viewBox=&quot;0%200%20350%20269&quot;%20height=&quot;269px&quot;%20width=&quot;350px&quot;\/&gt;\" data-srcset=\"https:\/\/saxuming.net\/wp-content\/uploads\/2020\/05\/Tecpetrol-2-saxum-mineria-industria-construccion-empresas-ingenieria-argentina-litio-cementera-350x269.jpg 350w, https:\/\/saxuming.net\/wp-content\/uploads\/2020\/05\/Tecpetrol-2-saxum-mineria-industria-construccion-empresas-ingenieria-argentina-litio-cementera-1400x1076.jpg 1400w, https:\/\/saxuming.net\/wp-content\/uploads\/2020\/05\/Tecpetrol-2-saxum-mineria-industria-construccion-empresas-ingenieria-argentina-litio-cementera-700x538.jpg 700w, https:\/\/saxuming.net\/wp-content\/uploads\/2020\/05\/Tecpetrol-2-saxum-mineria-industria-construccion-empresas-ingenieria-argentina-litio-cementera-466x358.jpg 466w, https:\/\/saxuming.net\/wp-content\/uploads\/2020\/05\/Tecpetrol-2-saxum-mineria-industria-construccion-empresas-ingenieria-argentina-litio-cementera-933x717.jpg 933w\" sizes=\"(min-width: 900px) 50vw, 100vw\" data-attachment-id=\"19692\" data-permalink=\"https:\/\/saxuming.net\/pt-br\/portfolio\/pluspetrol-2\/tecpetrol-2-saxum-mineria-industria-construccion-empresas-ingenieria-argentina-litio-cementera\/\" data-orig-file=\"https:\/\/saxuming.net\/wp-content\/uploads\/2020\/05\/Tecpetrol-2-saxum-mineria-industria-construccion-empresas-ingenieria-argentina-litio-cementera.jpg\" data-orig-size=\"1473,1112\" data-comments-opened=\"0\" data-image-meta=\"{&quot;aperture&quot;:&quot;4&quot;,&quot;credit&quot;:&quot;&quot;,&quot;camera&quot;:&quot;DSC-W50&quot;,&quot;caption&quot;:&quot;&quot;,&quot;created_timestamp&quot;:&quot;1176440444&quot;,&quot;copyright&quot;:&quot;&quot;,&quot;focal_length&quot;:&quot;12.4&quot;,&quot;iso&quot;:&quot;100&quot;,&quot;shutter_speed&quot;:&quot;0.0125&quot;,&quot;title&quot;:&quot;&quot;,&quot;orientation&quot;:&quot;1&quot;}\" data-image-title=\"Tecpetrol-2-saxum-mineria-industria-construccion-empresas-ingenieria-argentina-litio-cementera\" data-image-description=\"\" data-medium-file=\"https:\/\/saxuming.net\/wp-content\/uploads\/2020\/05\/Tecpetrol-2-saxum-mineria-industria-construccion-empresas-ingenieria-argentina-litio-cementera-300x226.jpg\" data-large-file=\"https:\/\/saxuming.net\/wp-content\/uploads\/2020\/05\/Tecpetrol-2-saxum-mineria-industria-construccion-empresas-ingenieria-argentina-litio-cementera-1024x773.jpg\" \/>\t\t\t\t\t\t<\/a>\n<\/section>\n<\/div><!-- .vgblk-rw-wrapper -->","protected":false},"excerpt":{"rendered":"<p>\u00d3leo e G\u00e1s A SAXUM oferece uma ampla gama de servi\u00e7os de engenharia para as ind\u00fastrias de petr\u00f3leo e g\u00e1s, incluindo estudos de escopo e viabilidade, an\u00e1lise de compensa\u00e7\u00e3o, engenharia conceitual, b\u00e1sica e detalhada. Nossas capacidades de engenharia abrangem todas as disciplinas t\u00e9cnicas, incluindo engenharia civil e estrutural, engenharia mec\u00e2nica e de tubos e el\u00e9trica,&#8230;<\/p>\n","protected":false},"author":1,"featured_media":0,"parent":20435,"menu_order":0,"comment_status":"closed","ping_status":"closed","template":"","meta":{"inline_featured_image":false},"jetpack_sharing_enabled":true,"_links":{"self":[{"href":"https:\/\/saxuming.net\/pt-br\/wp-json\/wp\/v2\/pages\/20342"}],"collection":[{"href":"https:\/\/saxuming.net\/pt-br\/wp-json\/wp\/v2\/pages"}],"about":[{"href":"https:\/\/saxuming.net\/pt-br\/wp-json\/wp\/v2\/types\/page"}],"author":[{"embeddable":true,"href":"https:\/\/saxuming.net\/pt-br\/wp-json\/wp\/v2\/users\/1"}],"replies":[{"embeddable":true,"href":"https:\/\/saxuming.net\/pt-br\/wp-json\/wp\/v2\/comments?post=20342"}],"version-history":[{"count":0,"href":"https:\/\/saxuming.net\/pt-br\/wp-json\/wp\/v2\/pages\/20342\/revisions"}],"up":[{"embeddable":true,"href":"https:\/\/saxuming.net\/pt-br\/wp-json\/wp\/v2\/pages\/20435"}],"wp:attachment":[{"href":"https:\/\/saxuming.net\/pt-br\/wp-json\/wp\/v2\/media?parent=20342"}],"curies":[{"name":"wp","href":"https:\/\/api.w.org\/{rel}","templated":true}]}}