{"id":20335,"date":"2020-04-20T20:25:13","date_gmt":"2020-04-20T23:25:13","guid":{"rendered":"https:\/\/saxuming.net\/manufacturing-infrastructure\/"},"modified":"2025-09-09T23:52:13","modified_gmt":"2025-09-10T02:52:13","slug":"fabricacao-e-infraestrutura","status":"publish","type":"page","link":"https:\/\/saxuming.net\/pt-br\/industries\/fabricacao-e-infraestrutura\/","title":{"rendered":"Fabrica\u00e7\u00e3o e Infraestrutura"},"content":{"rendered":"<div class=\"vgblk-rw-wrapper limit-wrapper\">\n<h2>\n\tFabrica\u00e7\u00e3o e Infraestrutura\n\t<\/h2>\n<h3>\n\tNOSSOS SERVI\u00c7OS\n\t<\/h3>\n<h3>\n\tESPECIALIZAMOS EM\n\t<\/h3>\n\t\t<h3>Ver Brochura de Fabrica\u00e7\u00e3o e Infraestrutura<\/h3>\n\t\t<p>Our complete brochure in pdf format<\/p>\n\t<a href=\"https:\/\/saxuming.net\/wp-content\/uploads\/2025\/09\/SAXUM-Manufacturing-Infrastructure-Brochure..pdf\" target=\"_blank\" role=\"button\" rel=\"noopener\">\n\t\t\t\t\tDownload\n\t<\/a>\n\n\n<\/div><!-- .vgblk-rw-wrapper -->","protected":false},"excerpt":{"rendered":"<p>Fabrica\u00e7\u00e3o e Infraestrutura NOSSOS SERVI\u00c7OS ESPECIALIZAMOS EM Ver Brochura de Fabrica\u00e7\u00e3o e Infraestrutura Our complete brochure in pdf format Download<\/p>\n","protected":false},"author":1,"featured_media":0,"parent":20435,"menu_order":0,"comment_status":"closed","ping_status":"closed","template":"","meta":{"inline_featured_image":false},"jetpack_sharing_enabled":true,"_links":{"self":[{"href":"https:\/\/saxuming.net\/pt-br\/wp-json\/wp\/v2\/pages\/20335"}],"collection":[{"href":"https:\/\/saxuming.net\/pt-br\/wp-json\/wp\/v2\/pages"}],"about":[{"href":"https:\/\/saxuming.net\/pt-br\/wp-json\/wp\/v2\/types\/page"}],"author":[{"embeddable":true,"href":"https:\/\/saxuming.net\/pt-br\/wp-json\/wp\/v2\/users\/1"}],"replies":[{"embeddable":true,"href":"https:\/\/saxuming.net\/pt-br\/wp-json\/wp\/v2\/comments?post=20335"}],"version-history":[{"count":1,"href":"https:\/\/saxuming.net\/pt-br\/wp-json\/wp\/v2\/pages\/20335\/revisions"}],"predecessor-version":[{"id":24363,"href":"https:\/\/saxuming.net\/pt-br\/wp-json\/wp\/v2\/pages\/20335\/revisions\/24363"}],"up":[{"embeddable":true,"href":"https:\/\/saxuming.net\/pt-br\/wp-json\/wp\/v2\/pages\/20435"}],"wp:attachment":[{"href":"https:\/\/saxuming.net\/pt-br\/wp-json\/wp\/v2\/media?parent=20335"}],"curies":[{"name":"wp","href":"https:\/\/api.w.org\/{rel}","templated":true}]}}