{"id":20327,"date":"2020-04-20T20:42:12","date_gmt":"2020-04-20T23:42:12","guid":{"rendered":"https:\/\/saxuming.net\/lithium\/"},"modified":"2025-07-07T01:24:42","modified_gmt":"2025-07-07T04:24:42","slug":"litio","status":"publish","type":"page","link":"https:\/\/saxuming.net\/pt-br\/industries\/litio\/","title":{"rendered":"L\u00edtio"},"content":{"rendered":"<div class=\"vgblk-rw-wrapper limit-wrapper\">\n<h2>\n\tL\u00edtio\n\t<\/h2>\n\t<p>N\u00f3s nos diferenciamos de outras empresas de engenharia, oferecendo grande experi\u00eancia e conhecimento em servi\u00e7os de Engenharia, Aquisi\u00e7\u00e3o e Constru\u00e7\u00e3o, Administra\u00e7\u00e3o (EPCM) para as ind\u00fastrias de processamento mineral (cimento, cal, minera\u00e7\u00e3o), bem como para a ind\u00fastria de l\u00edtio.<\/p>\n<p>Nossos servi\u00e7os s\u00e3o caracterizados por equipes de alto n\u00edvel de engenharia e gerenciamento de projetos, que permitem que nossos clientes confiem em nossa maneira de executar seus projetos, com foco na entrega de instala\u00e7\u00f5es novas ou renovadas, dentro de cronogramas e or\u00e7amentos realistas, al\u00e9m de solu\u00e7\u00f5es t\u00e9cnicas \u00f3timas<\/p>\n<h3>\n\tNOSSOS SERVI\u00c7OS\n\t<\/h3>\n<h3>\n\tESPECIALIZAMOS EM\n\t<\/h3>\n\t\t<h3>Ver Brochura de L\u00edtio<\/h3>\n\t\t<p>Our complete brochure in PDF<\/p>\n\t<a href=\"https:\/\/saxuming.net\/wp-content\/uploads\/2025\/07\/SAXUM-Lithium-Capabilities.pdf\" target=\"_blank\" role=\"button\" rel=\"noopener\">\n\t\t\t\t\tDownload\n\t<\/a>\n\n\n<\/div><!-- .vgblk-rw-wrapper -->","protected":false},"excerpt":{"rendered":"<p>L\u00edtio N\u00f3s nos diferenciamos de outras empresas de engenharia, oferecendo grande experi\u00eancia e conhecimento em servi\u00e7os de Engenharia, Aquisi\u00e7\u00e3o e Constru\u00e7\u00e3o, Administra\u00e7\u00e3o (EPCM) para as ind\u00fastrias de processamento mineral (cimento, cal, minera\u00e7\u00e3o), bem como para a ind\u00fastria de l\u00edtio. Nossos servi\u00e7os s\u00e3o caracterizados por equipes de alto n\u00edvel de engenharia e gerenciamento de projetos, que&#8230;<\/p>\n","protected":false},"author":1,"featured_media":0,"parent":20435,"menu_order":0,"comment_status":"closed","ping_status":"closed","template":"","meta":{"inline_featured_image":false},"jetpack_sharing_enabled":true,"_links":{"self":[{"href":"https:\/\/saxuming.net\/pt-br\/wp-json\/wp\/v2\/pages\/20327"}],"collection":[{"href":"https:\/\/saxuming.net\/pt-br\/wp-json\/wp\/v2\/pages"}],"about":[{"href":"https:\/\/saxuming.net\/pt-br\/wp-json\/wp\/v2\/types\/page"}],"author":[{"embeddable":true,"href":"https:\/\/saxuming.net\/pt-br\/wp-json\/wp\/v2\/users\/1"}],"replies":[{"embeddable":true,"href":"https:\/\/saxuming.net\/pt-br\/wp-json\/wp\/v2\/comments?post=20327"}],"version-history":[{"count":7,"href":"https:\/\/saxuming.net\/pt-br\/wp-json\/wp\/v2\/pages\/20327\/revisions"}],"predecessor-version":[{"id":24319,"href":"https:\/\/saxuming.net\/pt-br\/wp-json\/wp\/v2\/pages\/20327\/revisions\/24319"}],"up":[{"embeddable":true,"href":"https:\/\/saxuming.net\/pt-br\/wp-json\/wp\/v2\/pages\/20435"}],"wp:attachment":[{"href":"https:\/\/saxuming.net\/pt-br\/wp-json\/wp\/v2\/media?parent=20327"}],"curies":[{"name":"wp","href":"https:\/\/api.w.org\/{rel}","templated":true}]}}