{"id":20315,"date":"2020-04-20T19:42:57","date_gmt":"2020-04-20T22:42:57","guid":{"rendered":"https:\/\/saxuming.net\/mining\/"},"modified":"2025-06-12T01:05:21","modified_gmt":"2025-06-12T04:05:21","slug":"mineracao","status":"publish","type":"page","link":"https:\/\/saxuming.net\/pt-br\/industries\/mineracao\/","title":{"rendered":"Minera\u00e7\u00e3o"},"content":{"rendered":"<div class=\"vgblk-rw-wrapper limit-wrapper\">\n<h2>\n\tMinera\u00e7\u00e3o\n\t<\/h2>\n\t<p>A SAXUM oferece uma ampla gama de servi\u00e7os de engenharia para a ind\u00fastria de minera\u00e7\u00e3o. Desde estudos de topografia, compensa\u00e7\u00e3o e viabilidade at\u00e9 engenharia b\u00e1sica e detalhada, bem como servi\u00e7os de constru\u00e7\u00e3o e otimiza\u00e7\u00f5es de opera\u00e7\u00f5es de processo. A SAXUM oferece valores agregados e solu\u00e7\u00f5es econ\u00f4micas para seus clientes. A engenharia multidisciplinar da SAXUM abrange todas as \u00e1reas da ind\u00fastria de minera\u00e7\u00e3o.<\/p>\n<p>Nos diferenciamos de outras empresas de engenharia, oferecendo grande experi\u00eancia e conhecimento em servi\u00e7os de Engenharia, Aquisi\u00e7\u00e3o e Constru\u00e7\u00e3o, Gerenciamento (EPCM) para as ind\u00fastrias de processamento mineral (cimento, cal, minera\u00e7\u00e3o), al\u00e9m de manufatura e agroneg\u00f3cios.<\/p>\n<h3>\n\tNOSSOS SERVI\u00c7OS\n\t<\/h3>\n<h3>\n\tESPECIALIZAMOS EM\n\t<\/h3>\n<h3>\n\tOFERECEMOS SERVI\u00c7OS DE ENGENHARIA DO CONCEITO \u00c0 REALIDADE\n\t<\/h3>\n\t\t<h3>Ver Brochura de Minera\u00e7\u00e3o<\/h3>\n\t\t<p>Our complete brochure in PDF<\/p>\n\t<a href=\"https:\/\/saxuming.net\/wp-content\/uploads\/2025\/06\/SAXUM-Mining-Qualifications.pdf\" target=\"_blank\" role=\"button\" rel=\"noopener\">\n\t\t\t\t\tDownload\n\t<\/a>\n\n\n<\/div><!-- .vgblk-rw-wrapper -->","protected":false},"excerpt":{"rendered":"<p>Minera\u00e7\u00e3o A SAXUM oferece uma ampla gama de servi\u00e7os de engenharia para a ind\u00fastria de minera\u00e7\u00e3o. Desde estudos de topografia, compensa\u00e7\u00e3o e viabilidade at\u00e9 engenharia b\u00e1sica e detalhada, bem como servi\u00e7os de constru\u00e7\u00e3o e otimiza\u00e7\u00f5es de opera\u00e7\u00f5es de processo. A SAXUM oferece valores agregados e solu\u00e7\u00f5es econ\u00f4micas para seus clientes. A engenharia multidisciplinar da SAXUM&#8230;<\/p>\n","protected":false},"author":1,"featured_media":0,"parent":20435,"menu_order":0,"comment_status":"closed","ping_status":"closed","template":"","meta":{"inline_featured_image":false},"jetpack_sharing_enabled":true,"_links":{"self":[{"href":"https:\/\/saxuming.net\/pt-br\/wp-json\/wp\/v2\/pages\/20315"}],"collection":[{"href":"https:\/\/saxuming.net\/pt-br\/wp-json\/wp\/v2\/pages"}],"about":[{"href":"https:\/\/saxuming.net\/pt-br\/wp-json\/wp\/v2\/types\/page"}],"author":[{"embeddable":true,"href":"https:\/\/saxuming.net\/pt-br\/wp-json\/wp\/v2\/users\/1"}],"replies":[{"embeddable":true,"href":"https:\/\/saxuming.net\/pt-br\/wp-json\/wp\/v2\/comments?post=20315"}],"version-history":[{"count":5,"href":"https:\/\/saxuming.net\/pt-br\/wp-json\/wp\/v2\/pages\/20315\/revisions"}],"predecessor-version":[{"id":24291,"href":"https:\/\/saxuming.net\/pt-br\/wp-json\/wp\/v2\/pages\/20315\/revisions\/24291"}],"up":[{"embeddable":true,"href":"https:\/\/saxuming.net\/pt-br\/wp-json\/wp\/v2\/pages\/20435"}],"wp:attachment":[{"href":"https:\/\/saxuming.net\/pt-br\/wp-json\/wp\/v2\/media?parent=20315"}],"curies":[{"name":"wp","href":"https:\/\/api.w.org\/{rel}","templated":true}]}}