{"id":20305,"date":"2017-04-26T15:07:13","date_gmt":"2017-04-26T15:07:13","guid":{"rendered":"https:\/\/saxuming.net\/cement-lime\/"},"modified":"2025-06-12T01:15:04","modified_gmt":"2025-06-12T04:15:04","slug":"cimento-e-cal","status":"publish","type":"page","link":"https:\/\/saxuming.net\/pt-br\/industries\/cimento-e-cal\/","title":{"rendered":"Cimento e Cal"},"content":{"rendered":"<div class=\"vgblk-rw-wrapper limit-wrapper\">\n<h2>\n\tCimento e Cal\n\t<\/h2>\n<h3>\n\tNOSSOS SERVI\u00c7OS\n\t<\/h3>\n<h3>\n\tESPECIALIZAMOS EM\n\t<\/h3>\n<h3>\n\tOFERECEMOS SERVI\u00c7OS DE ENGENHARIA DO CONCEITO \u00c0 REALIDADE\n\t<\/h3>\n\t\t<h3>Ver Brochura de Cimento<\/h3>\n\t\t<p>Our complete brochure in PDF<\/p>\n\t<a href=\"https:\/\/saxuming.net\/wp-content\/uploads\/2025\/06\/SAXUM-Cement-Qualifications.pdf\" target=\"_blank\" role=\"button\" rel=\"noopener\">\n\t\t\t\t\tDownload\n\t<\/a>\n\n\n<\/div><!-- .vgblk-rw-wrapper -->","protected":false},"excerpt":{"rendered":"<p>Cimento e Cal NOSSOS SERVI\u00c7OS ESPECIALIZAMOS EM OFERECEMOS SERVI\u00c7OS DE ENGENHARIA DO CONCEITO \u00c0 REALIDADE Ver Brochura de Cimento Our complete brochure in PDF Download<\/p>\n","protected":false},"author":1,"featured_media":0,"parent":20435,"menu_order":0,"comment_status":"closed","ping_status":"closed","template":"","meta":{"inline_featured_image":false},"jetpack_sharing_enabled":true,"_links":{"self":[{"href":"https:\/\/saxuming.net\/pt-br\/wp-json\/wp\/v2\/pages\/20305"}],"collection":[{"href":"https:\/\/saxuming.net\/pt-br\/wp-json\/wp\/v2\/pages"}],"about":[{"href":"https:\/\/saxuming.net\/pt-br\/wp-json\/wp\/v2\/types\/page"}],"author":[{"embeddable":true,"href":"https:\/\/saxuming.net\/pt-br\/wp-json\/wp\/v2\/users\/1"}],"replies":[{"embeddable":true,"href":"https:\/\/saxuming.net\/pt-br\/wp-json\/wp\/v2\/comments?post=20305"}],"version-history":[{"count":6,"href":"https:\/\/saxuming.net\/pt-br\/wp-json\/wp\/v2\/pages\/20305\/revisions"}],"predecessor-version":[{"id":24300,"href":"https:\/\/saxuming.net\/pt-br\/wp-json\/wp\/v2\/pages\/20305\/revisions\/24300"}],"up":[{"embeddable":true,"href":"https:\/\/saxuming.net\/pt-br\/wp-json\/wp\/v2\/pages\/20435"}],"wp:attachment":[{"href":"https:\/\/saxuming.net\/pt-br\/wp-json\/wp\/v2\/media?parent=20305"}],"curies":[{"name":"wp","href":"https:\/\/api.w.org\/{rel}","templated":true}]}}