{"id":20291,"date":"2017-05-10T20:16:34","date_gmt":"2017-05-10T20:16:34","guid":{"rendered":"https:\/\/saxuming.net\/procurement\/"},"modified":"2020-11-02T19:53:55","modified_gmt":"2020-11-02T22:53:55","slug":"compras","status":"publish","type":"page","link":"https:\/\/saxuming.net\/pt-br\/services\/compras\/","title":{"rendered":"Compras"},"content":{"rendered":"<div class=\"vgblk-rw-wrapper limit-wrapper\"><h2>\n\tLog\u00edstica\n\t<\/h2>\n<h3>\n\tA SAXUM oferece uma ampla gama de servi\u00e7os na \u00e1rea de Log\u00edstica, incluindo:\n\t<\/h3>\n\t<ul>\n<li>Gerenciamento da cadeia de suprimentos<\/li>\n<li>Planejamento,<\/li>\n<li>Gerenciamento de informa\u00e7\u00f5es e tecnologia associada.<\/li>\n<li>Gerenciamento de suprimentos.<\/li>\n<li>Projeto e desenvolvimento de desempenho de kpi da cadeia de suprimentos.<\/li>\n<\/ul>\n<p><strong>Al\u00e9m disso, desenvolvemos os seguintes servi\u00e7os:<\/strong><\/p>\n<p>Gerenciamento da ativa\u00e7\u00e3o e expedi\u00e7\u00e3o de compras em locais de fabrica\u00e7\u00e3o ou fornecimento externo, relat\u00f3rios e status de progresso, relat\u00f3rios de qualidade e identifica\u00e7\u00e3o de riscos potenciais. Capacidade de resposta nas Am\u00e9ricas, Europa, \u00c1frica, Oriente M\u00e9dio, \u00c1sia e Oceania, disponibilidade de uma equipe de profissionais especializados em todas as disciplinas de engenharia.<\/p>\n<p>Log\u00edstica abrangente e gest\u00e3o de Comex, totalmente focada em projetos de EPCM, expertise para lidar com todas as suas complexidades. SAXUM se expressa com uma estrat\u00e9gia abrangente:<\/p>\n<p>Avalia\u00e7\u00e3o, desenvolvimento e gerenciamento de fornecedores sugeridos para log\u00edstica internacional, nacional e local.<\/p>\n<p>An\u00e1lise, planejamento e desenvolvimento de servi\u00e7os portu\u00e1rios e procedimentos aduaneiros, incluindo despachantes. Alf\u00e2ndega e estrat\u00e9gia de importa\u00e7\u00e3o. Configura\u00e7\u00e3o do modo inicial para importa\u00e7\u00f5es ou exporta\u00e7\u00f5es. An\u00e1lise e propostas geogr\u00e1ficas din\u00e2micas de zonas francas, dep\u00f3sitos fiscais e nacionais. Gest\u00e3o de Com\u00e9rcio Exterior. Servi\u00e7os de Importa\u00e7\u00e3o e Exporta\u00e7\u00e3o. Garantir a conformidade com pol\u00edticas ambientais, de seguran\u00e7a e qualidade.<\/p>\n<p>An\u00e1lise de origem \/ destino da infraestrutura ideal de porto, ar, terra e ferrovia para a entrada no pa\u00eds; bem como rotas internas \/ dom\u00e9sticas para garantir um suprimento de qualidade e seguran\u00e7a. Garantir o cumprimento das pol\u00edticas ambientais.<\/p>\n<p>An\u00e1lise e revis\u00e3o de vias de acesso \u00e0s \u00e1reas do projeto, desenho de log\u00edstica estrat\u00e9gica de suprimentos e log\u00edstica reversa. Estudo dos centros globais de armazenamento e redistribui\u00e7\u00e3o, a fim de garantir suporte log\u00edstico adequado, garantindo o cumprimento das pol\u00edticas ambientais, de seguran\u00e7a e de rela\u00e7\u00f5es sociais da comunidade.<\/p>\n<p>Servi\u00e7o e gerenciamento de remetente em n\u00edvel global, com a capacidade de operar com cargas gerais, cargas perigosas e cargas pesadas extras ou fora das dimens\u00f5es padr\u00e3o. Equipamentos e profissionais com experi\u00eancia comprovada. Transporte multimodal: capacidade nacional e internacional, global em modalidades terrestres, incluindo transporte ferrovi\u00e1rio, mar\u00edtimo e a\u00e9reo. Garantir a conformidade com pol\u00edticas ambientais, de seguran\u00e7a e qualidade.<\/p>\n<p>Assessoria em planos estrat\u00e9gicos de mobiliza\u00e7\u00e3o e desmobiliza\u00e7\u00e3o de parque de m\u00e1quinas e equipamentos. Fluxo de tr\u00e1fego e organiza\u00e7\u00e3o da matriz vi\u00e1ria de receitas \/ despesas dos locais. Garantir a conformidade com pol\u00edticas ambientais, de seguran\u00e7a e qualidade.<\/p>\n<h3>\n\tAn\u00e1lise de log\u00edstica de pessoas\n\t<\/h3>\n\t<p>Planos de mobiliza\u00e7\u00e3o e desmobiliza\u00e7\u00e3o. Emiss\u00e3o de planos de conting\u00eancia. Gest\u00e3o de acampamentos estrat\u00e9gicos e posicionamento permanente. Garantir a conformidade com pol\u00edticas ambientais, de seguran\u00e7a e qualidade.<\/p>\n<p>Log\u00edstica de produ\u00e7\u00e3o no local. Gerenciamento e administra\u00e7\u00e3o do Parque de M\u00e1quinas, Equipamentos, frota de ve\u00edculos leves e pesados e transporte de pessoas, durante a constru\u00e7\u00e3o e opera\u00e7\u00e3o. Tecnologias aplicadas e profissionais capazes de inspecionar e garantir manuten\u00e7\u00e3o preventiva, preditiva e corretiva. Gerenciamento de controle de custos e melhoria de desempenho. Administra\u00e7\u00e3o da Plataforma de Abastecimento de Combust\u00edvel. Garantir a conformidade com pol\u00edticas ambientais, de seguran\u00e7a e qualidade.<\/p>\n<h2>\n\tProcessos e prepara\u00e7\u00e3o de pacotes de propostas\n\t<\/h2>\n\t<p>Todas as aquisi\u00e7\u00f5es est\u00e3o sujeitas a ofertas competitivas. Isso \u00e9 para garantir que nosso cliente obtenha o melhor pre\u00e7o poss\u00edvel dentro do contexto das diretrizes legais e de compras, enquanto pratica uma pol\u00edtica comercial aberta e justa.<\/p>\n<p>Dependendo da complexidade da oferta, o processo da oferta pode levar de 1 dia a um m\u00eas. A maioria de nossas compras acima de US $ 100.000 est\u00e1 sujeita \u00e0s considera\u00e7\u00f5es descritas em nosso processo de aquisi\u00e7\u00e3o, garantindo que qualquer empresa, em qualquer pa\u00eds ou prov\u00edncia, tenha oportunidades justas e iguais para nossos neg\u00f3cios.<\/p>\n<p>O processo de licita\u00e7\u00e3o come\u00e7a com a solicita\u00e7\u00e3o de cota\u00e7\u00e3o de nossos escrit\u00f3rios de engenharia ou constru\u00e7\u00e3o. Esta solicita\u00e7\u00e3o inclui uma especifica\u00e7\u00e3o t\u00e9cnica e uma folha de dados t\u00e9cnicos. Os controladores do projeto indicam a &#8220;data necess\u00e1ria no local&#8221; (RAS) para fornecimento e a equipe de log\u00edstica nos informa o incoterm recomendado.<\/p>\n<p>Tendo em conta o que precede, o departamento de compras convida todas as empresas inclu\u00eddas na lista de licitantes a enviar uma proposta de acordo com todos os termos comerciais, que incluem a data de apresenta\u00e7\u00e3o da proposta, condi\u00e7\u00f5es de pagamento, incoterms, cobran\u00e7a etc.<\/p>\n<p>Durante o processo de licita\u00e7\u00e3o, as perguntas dos participantes podem aparecer, nossos engenheiros as coletam e respondem a elas.<\/p>\n<p>Quando o per\u00edodo de licita\u00e7\u00e3o termina, todas as propostas recebidas s\u00e3o divididas em se\u00e7\u00f5es t\u00e9cnicas (sem pre\u00e7o) e se\u00e7\u00f5es comerciais (com pre\u00e7o). A se\u00e7\u00e3o t\u00e9cnica \u00e9 enviada para an\u00e1lise subsequente aos engenheiros que devem enviar a an\u00e1lise t\u00e9cnica de ofertas (TBA).<\/p>\n<p>O departamento de compras revisa a se\u00e7\u00e3o comercial, quando a an\u00e1lise da oferta comercial termina, o comprador emite o documento CBA.<\/p>\n<p>A avalia\u00e7\u00e3o da oferta \u00e9 o processo organizado de examinar e comparar ofertas para selecionar a melhor oferta em um esfor\u00e7o para adquirir os bens, obras e servi\u00e7os necess\u00e1rios para alcan\u00e7ar os objetivos de uma organiza\u00e7\u00e3o.<\/p>\n<p>O \u00faltimo passo para o comprador \u00e9 preparar a carta de recomenda\u00e7\u00e3o (LOR). Este documento final \u00e9 um resumo do TBA e do CBA. O LOR recomendar\u00e1 a melhor proposta t\u00e9cnica e comercial ao nosso cliente.<\/p>\n<p>Situa\u00e7\u00f5es que exigem um determinado item ou entrega expressa podem justificar uma exce\u00e7\u00e3o ao processo de licita\u00e7\u00e3o.<\/p>\n<\/div><!-- .vgblk-rw-wrapper -->","protected":false},"excerpt":{"rendered":"<p>Log\u00edstica A SAXUM oferece uma ampla gama de servi\u00e7os na \u00e1rea de Log\u00edstica, incluindo: Gerenciamento da cadeia de suprimentos Planejamento, Gerenciamento de informa\u00e7\u00f5es e tecnologia associada. Gerenciamento de suprimentos. Projeto e desenvolvimento de desempenho de kpi da cadeia de suprimentos. Al\u00e9m disso, desenvolvemos os seguintes servi\u00e7os: Gerenciamento da ativa\u00e7\u00e3o e expedi\u00e7\u00e3o de compras em locais&#8230;<\/p>\n","protected":false},"author":1,"featured_media":0,"parent":20428,"menu_order":0,"comment_status":"closed","ping_status":"closed","template":"","meta":{"inline_featured_image":false},"jetpack_sharing_enabled":true,"_links":{"self":[{"href":"https:\/\/saxuming.net\/pt-br\/wp-json\/wp\/v2\/pages\/20291"}],"collection":[{"href":"https:\/\/saxuming.net\/pt-br\/wp-json\/wp\/v2\/pages"}],"about":[{"href":"https:\/\/saxuming.net\/pt-br\/wp-json\/wp\/v2\/types\/page"}],"author":[{"embeddable":true,"href":"https:\/\/saxuming.net\/pt-br\/wp-json\/wp\/v2\/users\/1"}],"replies":[{"embeddable":true,"href":"https:\/\/saxuming.net\/pt-br\/wp-json\/wp\/v2\/comments?post=20291"}],"version-history":[{"count":0,"href":"https:\/\/saxuming.net\/pt-br\/wp-json\/wp\/v2\/pages\/20291\/revisions"}],"up":[{"embeddable":true,"href":"https:\/\/saxuming.net\/pt-br\/wp-json\/wp\/v2\/pages\/20428"}],"wp:attachment":[{"href":"https:\/\/saxuming.net\/pt-br\/wp-json\/wp\/v2\/media?parent=20291"}],"curies":[{"name":"wp","href":"https:\/\/api.w.org\/{rel}","templated":true}]}}