{"id":20279,"date":"2017-05-08T17:41:42","date_gmt":"2017-05-08T17:41:42","guid":{"rendered":"https:\/\/saxuming.net\/construction-management\/"},"modified":"2020-11-02T18:58:49","modified_gmt":"2020-11-02T21:58:49","slug":"gestao-da-construcao","status":"publish","type":"page","link":"https:\/\/saxuming.net\/pt-br\/services\/gestao-da-construcao\/","title":{"rendered":"Construction Management"},"content":{"rendered":"<div class=\"vgblk-rw-wrapper limit-wrapper\"><h2>\n\tSupervis\u00e3o do local\n\t<\/h2>\n\t<p><strong>Os servi\u00e7os de supervis\u00e3o do local que a SAXUM oferece durante a fase de constru\u00e7\u00e3o \/ montagem do Projeto s\u00e3o os seguintes:<\/strong><\/p>\n<ul>\n<li>Supervis\u00e3o de obras civis, estruturais, el\u00e9tricas, I \/ C e constru\u00e7\u00e3o \/ montagem mec\u00e2nica;<\/li>\n<li>Revis\u00e3o da consist\u00eancia das obras e materiais de constru\u00e7\u00e3o \/ montagem com documentos de engenharia \/ design;<\/li>\n<li>Revis\u00e3o dos certificados de progresso mensais emitidos por construtores e construtores;<\/li>\n<li>Monitoramento e respostas a solicita\u00e7\u00f5es de informa\u00e7\u00f5es de construtores e construtores;<\/li>\n<li>Coordena\u00e7\u00e3o dos trabalhos de engenharia necess\u00e1rios durante a fase de constru\u00e7\u00e3o \/ montagem;<\/li>\n<li>Acompanhamento de testes de materiais de constru\u00e7\u00e3o e montagem de acordo com as especifica\u00e7\u00f5es t\u00e9cnicas do projeto;<\/li>\n<li>Acompanhamento dos cronogramas de constru\u00e7\u00e3o \/ montagem e alertas antecipados de poss\u00edveis conflitos \/ problemas no cronograma do projeto.<\/li>\n<\/ul>\n<h2>\n\tControle de Qualidade\n\t<\/h2>\n\t<p>O potencial da SAXUM \u00e9 baseado em uma equipe humana altamente qualificada, experiente e treinada; procedimentos de trabalho atualizados permanentemente; disponibilidade de sistemas de tecnologia e c\u00e1lculo, projeto e meios t\u00e9cnicos avan\u00e7ados e mecanismos de controle que garantam a qualidade do produto.<\/p>\n<h3>\n\tAlinhados \u00e0 vis\u00e3o e miss\u00e3o de nossa empresa, somos regidos pela seguinte Pol\u00edtica de Qualidade:\n\t<\/h3>\n\t<ul>\n<li>stabelecer, dentro da estrutura desta Pol\u00edtica, objetivos de melhoria cont\u00ednua do desempenho e aumento da satisfa\u00e7\u00e3o do cliente.<\/li>\n<li>Integrar a qualidade \u00e0 cultura da empresa para que ela se torne um fator diferencial em rela\u00e7\u00e3o aos nossos concorrentes, promovendo a participa\u00e7\u00e3o de todos os trabalhadores.<\/li>\n<li>Fornecer os recursos necess\u00e1rios para o cumprimento dos objetivos estabelecidos, fazendo uso eficiente deles para aumentar o desempenho.<\/li>\n<li>Cumprir a legisla\u00e7\u00e3o aplic\u00e1vel, os requisitos acordados com os clientes e todos os outros compromissos assumidos voluntariamente.<\/li>\n<li>Verifique se os fornecedores e prestadores t\u00eam os recursos adequados para cumprir suas obriga\u00e7\u00f5es e responsabilidades.<\/li>\n<li>Manter e respeitar a confidencialidade das informa\u00e7\u00f5es de nossos clientes.<\/li>\n<li>A qualidade tamb\u00e9m \u00e9 alcan\u00e7ada com uma organiza\u00e7\u00e3o clara, com motiva\u00e7\u00e3o permanente em todos os n\u00edveis de pessoal, buscando a melhor adapta\u00e7\u00e3o dos homens para cada cargo e com o compromisso da empresa em garantir o treinamento necess\u00e1rio para acompanhar os desenvolvimentos t\u00e9cnicos.<\/li>\n<\/ul>\n\t<a href=\"#\" target=\"_blank\" role=\"button\" rel=\"noopener noreferrer\">\n\t\t\t\t\tVer manual de controle de qualidade\n\t<\/a>\n<h2>\n\tGerenciamento e supervis\u00e3o de seguran\u00e7a\n\t<\/h2>\n<h3>\n\tA SAXUM fornece um MANUAL DE SEGURAN\u00c7A, SA\u00daDE E MEIO AMBIENTE, obrigat\u00f3rio para o trabalho em qualquer projeto.\n\t<\/h3>\n\t<p>O compromisso com seguran\u00e7a, sa\u00fade e meio ambiente (SHE) resultar\u00e1 em cada pessoa que trabalha no projeto sendo respons\u00e1vel pelo desenvolvimento adequado de quest\u00f5es de seguran\u00e7a, sa\u00fade e meio ambiente. O resultado ideal das quest\u00f5es de SSMA, bem como a seguran\u00e7a e a sa\u00fade de quem trabalha conosco, \u00e9 fundamental para o sucesso do projeto.<\/p>\n<h3>\n\tNossos objetivos est\u00e3o claramente estabelecidos: SEM ACIDENTES E SEM DANOS AO MEIO AMBIENTE.\n\t<\/h3>\n\t<p>A prioridade da SAXUM em todos os seus projetos e tarefas \u00e9 tratar da seguran\u00e7a do pessoal e do meio ambiente. Reafirmamos esse conceito implementando uma pol\u00edtica para bloquear trabalhos inseguros, a fim de garantir a seguran\u00e7a e alcan\u00e7ar os seguintes objetivos:<\/p>\n<h3>\n\tTrabalhe com seguran\u00e7a. \u00c9 um requisito de emprego descrito pela SAXUM.\n\t<\/h3>\n\t<p>Qualquer pessoa que trabalha para um projeto SAXUM, incluindo todos os subcontratados, deve cumprir esta pol\u00edtica. Qualquer pessoa que trabalhe em projetos para a SAXUM dar\u00e1 a m\u00e1xima import\u00e2ncia \u00e0 seguran\u00e7a e ser\u00e1 um exemplo a seguir em rela\u00e7\u00e3o a esse assunto.<\/p>\n<p>Os equipamentos de prote\u00e7\u00e3o individual obrigat\u00f3rios (EPI) s\u00e3o capacetes, \u00f3culos de prote\u00e7\u00e3o, luvas de seguran\u00e7a, sapatos de seguran\u00e7a e todos os necess\u00e1rios de acordo com o tipo de risco envolvido. Quem n\u00e3o atender aos requisitos mencionados acima n\u00e3o permanecer\u00e1 no projeto.<\/p>\n<p>Qualquer pessoa que observe uma atividade insegura o interromper\u00e1 imediatamente. Em seguida, ele \/ ela informar\u00e1 o supervisor de trabalho sobre o assunto para tomar as medidas corretivas necess\u00e1rias para evitar a recorr\u00eancia do evento.O trabalho n\u00e3o come\u00e7ar\u00e1 at\u00e9 que o supervisor tenha informado os trabalhadores sobre os riscos envolvidos, medidas preventivas, atribui\u00e7\u00e3o de pap\u00e9is e responsabilidades e, se aplic\u00e1vel, a permiss\u00e3o de trabalho.<\/p>\n<p>Qualquer altera\u00e7\u00e3o nas condi\u00e7\u00f5es de trabalho avaliadas anteriormente fornece evid\u00eancias suficientes para interromper o trabalho; portanto, a avalia\u00e7\u00e3o de riscos, a documenta\u00e7\u00e3o e eventuais medidas devem ser necessariamente reestudadas antes de reiniciar os trabalhos.<\/p>\n<h3>\n\tDesenvolvimento e emiss\u00e3o do programa contratado de sa\u00fade e seguran\u00e7a:\n\t<\/h3>\n\t<p>O Programa de Seguran\u00e7a, Sa\u00fade e Preven\u00e7\u00e3o de Acidentes por escrito do Empreiteiro dever\u00e1 ser submetido \u00e0 an\u00e1lise da Supervis\u00e3o SAXUM, o mais tardar trinta dias antes do in\u00edcio do trabalho no local de trabalho. Essa revis\u00e3o n\u00e3o isenta o contratado de sua exclusiva responsabilidade pela seguran\u00e7a e sa\u00fade, nem deve ser interpretada como limitante de qualquer forma \u00e0 obriga\u00e7\u00e3o do contratante de tomar qualquer a\u00e7\u00e3o necess\u00e1ria ou exigida para estabelecer e manter condi\u00e7\u00f5es de trabalho seguras com rela\u00e7\u00e3o a seu trabalho no local de trabalho<\/p>\n<p>&nbsp;<\/p>\n<h3>\n\tOs supervisores da SAXUM SHE garantir\u00e3o as melhores pr\u00e1ticas apropriadas do seguinte:\n\t<\/h3>\n\t<p>Requisitos de sa\u00fade e seguran\u00e7a ocupacional Conformidade do construtor, relat\u00f3rio de an\u00e1lise de risco ocupacional, inspe\u00e7\u00f5es de SHE, relat\u00f3rio de incidentes, integra\u00e7\u00e3o de SHE, an\u00e1lise preventiva de atividades<\/p>\n<h2>\n\tAdministra\u00e7\u00e3o de Contratos\n\t<\/h2>\n\t<p>O Manual de Administra\u00e7\u00e3o de Contratos da SAXUM, que monitora o ciclo completo dos contratos do projeto, que inclui:<\/p>\n<h3>\n\tConhecimento do contrato:\n\t<\/h3>\n\t<p>consiste em fazer um resumo explicativo das principais cl\u00e1usulas do contrato. O valor agregado deste resumo \u00e9 interpretar e tornar expl\u00edcito o contrato em termos simples e intelig\u00edveis, e torn\u00e1-lo acess\u00edvel a partes interessadas n\u00e3o-legais<\/p>\n<h3>\n\tNegocia\u00e7\u00e3o:\n\t<\/h3>\n\t<p>\u00e9 uma atividade di\u00e1ria do gerente de contratos que envolve prepara\u00e7\u00e3o \u00e1rdua, uma busca exaustiva por interesses m\u00fatuos, uma abordagem m\u00fatua proativa e criativa e o desenvolvimento de crit\u00e9rios objetivos, bem como a promo\u00e7\u00e3o de um relacionamento respeitoso.<\/p>\n<h3>\n\tGerenciamento de riscos: \n\t<\/h3>\n\t<p>bastante semelhante ao gerenciamento de riscos do projeto, cujo artefato final \u00e9 o registro de riscos com mais ou menos os mesmos atributos que os elaborados no Guia PMBOK\u00ae.<\/p>\n<h3>\n\tReclama\u00e7\u00f5es:\n\t<\/h3>\n\t<p>este \u00e9 um processo essencial para dominar quando o relacionamento entre o cliente e o projeto se torna muito emocional. Abordagens n\u00e3o-violentas s\u00e3o t\u00e9cnicas potenciais a serem desenvolvidas aqui<\/p>\n<p><strong>Outros processos \u00fateis podem incluir:<\/strong><\/p>\n<ul>\n<li>Comunica\u00e7\u00e3o<\/li>\n<li>Gerenciamento de dados cr\u00edticos (pessoal, comercial, confidencial, propriedade intelectual, etc.)<\/li>\n<li>Fechamento de contrato<\/li>\n<\/ul>\n<\/div><!-- .vgblk-rw-wrapper -->","protected":false},"excerpt":{"rendered":"<p>Supervis\u00e3o do local Os servi\u00e7os de supervis\u00e3o do local que a SAXUM oferece durante a fase de constru\u00e7\u00e3o \/ montagem do Projeto s\u00e3o os seguintes: Supervis\u00e3o de obras civis, estruturais, el\u00e9tricas, I \/ C e constru\u00e7\u00e3o \/ montagem mec\u00e2nica; Revis\u00e3o da consist\u00eancia das obras e materiais de constru\u00e7\u00e3o \/ montagem com documentos de engenharia \/&#8230;<\/p>\n","protected":false},"author":1,"featured_media":0,"parent":20428,"menu_order":0,"comment_status":"closed","ping_status":"closed","template":"","meta":{"inline_featured_image":false},"jetpack_sharing_enabled":true,"_links":{"self":[{"href":"https:\/\/saxuming.net\/pt-br\/wp-json\/wp\/v2\/pages\/20279"}],"collection":[{"href":"https:\/\/saxuming.net\/pt-br\/wp-json\/wp\/v2\/pages"}],"about":[{"href":"https:\/\/saxuming.net\/pt-br\/wp-json\/wp\/v2\/types\/page"}],"author":[{"embeddable":true,"href":"https:\/\/saxuming.net\/pt-br\/wp-json\/wp\/v2\/users\/1"}],"replies":[{"embeddable":true,"href":"https:\/\/saxuming.net\/pt-br\/wp-json\/wp\/v2\/comments?post=20279"}],"version-history":[{"count":0,"href":"https:\/\/saxuming.net\/pt-br\/wp-json\/wp\/v2\/pages\/20279\/revisions"}],"up":[{"embeddable":true,"href":"https:\/\/saxuming.net\/pt-br\/wp-json\/wp\/v2\/pages\/20428"}],"wp:attachment":[{"href":"https:\/\/saxuming.net\/pt-br\/wp-json\/wp\/v2\/media?parent=20279"}],"curies":[{"name":"wp","href":"https:\/\/api.w.org\/{rel}","templated":true}]}}