{"id":20268,"date":"2017-05-10T20:18:37","date_gmt":"2017-05-10T20:18:37","guid":{"rendered":"https:\/\/saxuming.net\/project-management\/"},"modified":"2020-11-02T17:39:50","modified_gmt":"2020-11-02T20:39:50","slug":"gestao-de-projetos","status":"publish","type":"page","link":"https:\/\/saxuming.net\/pt-br\/services\/gestao-de-projetos\/","title":{"rendered":"Gest\u00e3o de Projetos"},"content":{"rendered":"<div class=\"vgblk-rw-wrapper limit-wrapper\"><h2>\n\tCoordena\u00e7\u00e3o do Projeto\n\t<\/h2>\n\t<p>O gerenciamento de projetos da SAXUM fornece as melhores pr\u00e1ticas para coordenar custo, cronograma, qualidade e seguran\u00e7a do projeto. Aloca\u00e7\u00e3o do equipamento certo, ferramentas e outros recursos dispon\u00edveis para enfrentar um ambiente de trabalho desafiador.<\/p>\n<p>Garantir uma ponte de comunica\u00e7\u00e3o superior que conecte todos os membros do projeto. Os objetivos e marcos do projeto s\u00e3o claramente entregues a todos os p\u00fablicos, incluindo avisos e an\u00e1lise de riscos.<\/p>\n<p>Link principal do cliente para quest\u00f5es e pessoas do site \/ campo de trabalho. Nossos gerentes de projeto atuam como o contato principal e o gerente geral da coordena\u00e7\u00e3o de todas as atividades do projeto, tanto no escrit\u00f3rio quanto no campo.<\/p>\n<p>Os processos de coordena\u00e7\u00e3o de gerenciamento de projetos da SAXUM foram projetados e aprimorados ao longo dos anos e aproveitam as li\u00e7\u00f5es aprendidas em projetos anteriores para garantir a implementa\u00e7\u00e3o e execu\u00e7\u00e3o bem-sucedidas do escopo do trabalho contratado.<\/p>\n<h2>\n\tControle do Projeto\n\t<\/h2>\n\t<p>Os servi\u00e7os de controle de projeto s\u00e3o cruciais para a organiza\u00e7\u00e3o e o gerenciamento eficazes de um projeto. O objetivo principal dos controles do projeto \u00e9 fornecer os meios pelos quais um projeto possa ser coordenado, monitorado e entregue com efici\u00eancia em rela\u00e7\u00e3o aos objetivos de custo e cronograma, al\u00e9m de padr\u00f5es de qualidade e seguran\u00e7a.<\/p>\n<p>A SAXUM fornece servi\u00e7os completos e abrangentes de controle de projetos, do in\u00edcio ao encerramento do projeto, para garantir que os projetos sejam entregues dentro do or\u00e7amento, cronograma e expectativas de risco. Fornecemos informa\u00e7\u00f5es precisas e oportunas, an\u00e1lise de dados e recomenda\u00e7\u00f5es para auxiliar o gerenciamento do projeto na tomada de decis\u00f5es e influenciar positivamente o cronograma do projeto e os resultados dos custos. Com mais de 10 anos de experi\u00eancia especializada em controles de projetos, a SAXUM oferece servi\u00e7os eficazes de planejamento, monitoramento e gera\u00e7\u00e3o de relat\u00f3rios para consolidar e alcan\u00e7ar os objetivos dos clientes.<\/p>\n<h3>\n\tOs servi\u00e7os de controle de projetos incluem:\n\t<\/h3>\n\t<ul>\n<li>Gerenciamento de configura\u00e7\u00f5es e mudan\u00e7as<\/li>\n<li>Gerenciamento de cronograma e controle de custos<\/li>\n<li>Estimativa de custos e elabora\u00e7\u00e3o do or\u00e7amento<\/li>\n<li>Gerenciamento CaPex<\/li>\n<li>Controle de documentos<\/li>\n<li>Gerenciamento do valor agregado<\/li>\n<li>Medi\u00e7\u00e3o de progresso<\/li>\n<li>Relat\u00f3rios de gerenciamento<\/li>\n<li>Gerenciamento e an\u00e1lise de riscos<\/li>\n<li>Gerenciamento e suporte de reclama\u00e7\u00f5es para evitar<\/li>\n<li>Desenvolvimento de estrutura de divis\u00e3o de trabalho (WBS)<\/li>\n<\/ul>\n<h2>\n\tControle de Custos\n\t<\/h2>\n\t<p>A SAXUM utiliza relat\u00f3rios de progresso e valor agregado com base em entregas atrav\u00e9s de nosso banco de dados interno propriet\u00e1rio conectado ao sistema de contabilidade. Podemos relatar os custos reais do projeto com rela\u00e7\u00e3o aos or\u00e7amentos e prever os custos restantes do projeto para calcular a estimativa completa (EAC).<\/p>\n<p><strong>Estimativa:<\/strong> rastreie, relate e preveja os custos de engenharia no n\u00edvel da disciplina por meio de nosso sistema interno de rastreamento de custos. Podemos fornecer estimativas de projetos de Custo Total Instalado (TIC) acompanhados de cronogramas carregados de recursos.<\/p>\n<h3>\n\tServi\u00e7os de engenharia de custos\n\t<\/h3>\n\t<p><strong>Nossos servi\u00e7os de controle de projetos consistem em tr\u00eas partes principais:<\/strong><\/p>\n<ul>\n<li>Previs\u00e3o precisa de como o seu projeto se desenvolver\u00e1 em termos de tempo e custos.<\/li>\n<li>Gerencie as altera\u00e7\u00f5es para reconhecer as altera\u00e7\u00f5es do escopo o mais r\u00e1pido poss\u00edvel e tome as a\u00e7\u00f5es corretivas quando necess\u00e1rio.<\/li>\n<li>O uso de ferramentas dedicadas de controle de projetos; Com o Primavera P6, voc\u00ea sempre ter\u00e1 pain\u00e9is de gerenciamento oportunos e precisos, levando em considera\u00e7\u00e3o todos os detalhes, mas sem perder a vis\u00e3o geral. Ele tamb\u00e9m se conecta diretamente \u00e0 linha de base do or\u00e7amento original, para que todas as informa\u00e7\u00f5es relevantes sejam mantidas em um \u00fanico local.<\/li>\n<\/ul>\n<h2>\n\tPlanejamento e cronograma do projeto\n\t<\/h2>\n\t<p>Oferecemos toda a gama de servi\u00e7os de Controle de Projetos, incluindo planejamento e programa\u00e7\u00e3o, medi\u00e7\u00e3o do progresso do valor agregado, controle de custos, estimativa de gerenciamento de mudan\u00e7as, gerenciamento de riscos e relat\u00f3rios de projetos. V\u00e1rias ferramentas e t\u00e9cnicas da ind\u00fastria s\u00e3o usadas e destacadas abaixo.<\/p>\n<p>O SAXUM fornece agendas repletas de recursos, baseadas em l\u00f3gica e suporte anal\u00edtico usando t\u00e9cnicas de Gerenciamento de caminho cr\u00edtico (CPM). O Primavera Project Planner P6 \u00e9 o padr\u00e3o Brown &amp; Root para agendamento de projetos. Tamb\u00e9m usamos o Microsoft Project Planner como um sistema de agendamento a pedido do cliente.<\/p>\n<h2>\n\tPlano de Execu\u00e7\u00e3o do Projeto\n\t<\/h2>\n\t<p>O Plano de Execu\u00e7\u00e3o do Projeto (PEP) coleta e organiza e define todas as informa\u00e7\u00f5es, \u00e1reas, ferramentas e procedimentos do Projeto que passam pelo Ponto de In\u00edcio do Projeto, Planejamento, Execu\u00e7\u00e3o, Controle e Monitoramento e Inicializa\u00e7\u00e3o e Fechamento.<\/p>\n<p>O SAXUM PEP atua como o documento de refer\u00eancia geral para todo o projeto e determina o que ser\u00e1 feito para atender ao escopo do projeto e aos requisitos contratuais. O PEP fornece uma estrutura desagregada para informa\u00e7\u00f5es do projeto, organiza\u00e7\u00e3o do projeto, contrato de servi\u00e7o, fluxo de comunica\u00e7\u00e3o, distribui\u00e7\u00e3o de documentos, controles de projeto, padr\u00f5es de desenho de engenharia, requisitos de envio de contratos, compras \/ compras, gerenciamento de contratos, contabilidade, seguran\u00e7a, procedimentos de instru\u00e7\u00f5es do projeto (requisi\u00e7\u00f5es de mudan\u00e7a), conclus\u00e3o do projeto, encerramento do projeto.<\/p>\n<h2>\n\tRelat\u00f3rios de status do projeto\n\t<\/h2>\n\t<p>Os relat\u00f3rios de status do projeto s\u00e3o preparados por nossa equipe de controles do projeto regularmente (geralmente semanalmente) e fornecem detalhes sobre o progresso feito durante o per\u00edodo de tempo integral ou o per\u00edodo do relat\u00f3rio, e an\u00e1lises comparativas s\u00e3o realizadas com per\u00edodos anteriores para identificar tend\u00eancias e varia\u00e7\u00f5es. Al\u00e9m disso, o custo e o cronograma do projeto s\u00e3o integrados e apresentados de forma detalhada ou detalhada e resumidos.<\/p>\n<\/div><!-- .vgblk-rw-wrapper -->","protected":false},"excerpt":{"rendered":"<p>Coordena\u00e7\u00e3o do Projeto O gerenciamento de projetos da SAXUM fornece as melhores pr\u00e1ticas para coordenar custo, cronograma, qualidade e seguran\u00e7a do projeto. Aloca\u00e7\u00e3o do equipamento certo, ferramentas e outros recursos dispon\u00edveis para enfrentar um ambiente de trabalho desafiador. Garantir uma ponte de comunica\u00e7\u00e3o superior que conecte todos os membros do projeto. Os objetivos e marcos&#8230;<\/p>\n","protected":false},"author":1,"featured_media":0,"parent":20428,"menu_order":0,"comment_status":"closed","ping_status":"closed","template":"","meta":{"inline_featured_image":false},"jetpack_sharing_enabled":true,"_links":{"self":[{"href":"https:\/\/saxuming.net\/pt-br\/wp-json\/wp\/v2\/pages\/20268"}],"collection":[{"href":"https:\/\/saxuming.net\/pt-br\/wp-json\/wp\/v2\/pages"}],"about":[{"href":"https:\/\/saxuming.net\/pt-br\/wp-json\/wp\/v2\/types\/page"}],"author":[{"embeddable":true,"href":"https:\/\/saxuming.net\/pt-br\/wp-json\/wp\/v2\/users\/1"}],"replies":[{"embeddable":true,"href":"https:\/\/saxuming.net\/pt-br\/wp-json\/wp\/v2\/comments?post=20268"}],"version-history":[{"count":0,"href":"https:\/\/saxuming.net\/pt-br\/wp-json\/wp\/v2\/pages\/20268\/revisions"}],"up":[{"embeddable":true,"href":"https:\/\/saxuming.net\/pt-br\/wp-json\/wp\/v2\/pages\/20428"}],"wp:attachment":[{"href":"https:\/\/saxuming.net\/pt-br\/wp-json\/wp\/v2\/media?parent=20268"}],"curies":[{"name":"wp","href":"https:\/\/api.w.org\/{rel}","templated":true}]}}