{"id":20245,"date":"2017-05-08T17:30:45","date_gmt":"2017-05-08T17:30:45","guid":{"rendered":"https:\/\/saxuming.net\/engineering\/"},"modified":"2020-11-13T05:21:26","modified_gmt":"2020-11-13T08:21:26","slug":"engineering","status":"publish","type":"page","link":"https:\/\/saxuming.net\/pt-br\/services\/engineering\/","title":{"rendered":"Engenharia"},"content":{"rendered":"<div class=\"vgblk-rw-wrapper limit-wrapper\"><h2>\n\tEstudos de Viabilidade e Trade-off\n\t<\/h2>\n\t<p>Atrav\u00e9s da experi\u00eancia diversificada de seus profissionais, a SAXUM oferece servi\u00e7os de consultoria especializada que visam avaliar a viabilidade de projetos dentro de padr\u00f5es reconhecidos como NI 43-101 e JORC. Nossos relat\u00f3rios incluem recomenda\u00e7\u00f5es conclusivas e estimativas confi\u00e1veis de CapEx e OpEx. No que diz respeito aos estudos de Trade-Off, nossos experientes profissionais s\u00e3o capazes de identificar alternativas vi\u00e1veis que, depois de compartilh\u00e1-las com nossos clientes, s\u00e3o comparadas, t\u00e9cnica e economicamente, at\u00e9 chegar a recomenda\u00e7\u00f5es finais precisas.<\/p>\n<h2>\n\tEngenharia Conceitual\n\t<\/h2>\n\t<p>SAXUM Engineered Solutions \u00e9 uma empresa de engenharia multidisciplinar que realiza todos os est\u00e1gios de servi\u00e7os de engenharia brown-field e green-field, desde o conceito at\u00e9 a engenharia b\u00e1sica e detalhada, incluindo estudos de trade-off, lista de quantidades e op\u00e7\u00f5es espec\u00edficas, otimiza\u00e7\u00f5es e alternativas solu\u00e7\u00f5es nas ind\u00fastrias de Minera\u00e7\u00e3o, Cimento e Cal, Ferro e A\u00e7o e \u00d3leo e G\u00e1s. Nossa experi\u00eancia cobre Mec\u00e2nica \/ Tubula\u00e7\u00e3o, Civil \/ Estrutural, El\u00e9trica \/ Instrumenta\u00e7\u00e3o \/ Controles, Processo e inclui Gerenciamento de Projetos, Controles de Projetos, Aquisi\u00e7\u00f5es e Gerenciamento de Constru\u00e7\u00e3o em contratos de execu\u00e7\u00e3o e entrega de projetos EPCM e EPC.<\/p>\n<p>No est\u00e1gio de Engenharia de Conceito (CE), tamb\u00e9m chamado de pr\u00e9-FEED (Front End Engineering Design) SAXUM desenvolve e fornece a defini\u00e7\u00e3o do projeto, diagramas de fluxo de processo e crit\u00e9rios de design em uma fase de estudo de alto n\u00edvel apoiado pela entrada do cliente, condi\u00e7\u00f5es do local, documenta\u00e7\u00e3o e esquemas ; o resultado deste CE \u00e9 um amplo relat\u00f3rio de descri\u00e7\u00e3o do projeto, incluindo um cronograma inicial do projeto e uma ordem de magnitude de Despesas de Capital (CapEx) e Despesas Operacionais (OpEx).<\/p>\n<h2>\n\tEngenharia B\u00e1sica\n\t<\/h2>\n\t<p>Engenharia B\u00e1sica (BE) ou FEED \u00e9 o est\u00e1gio em que a SAXUM desenvolve a base para o projeto e a engenharia detalhados de um projeto e inclui especifica\u00e7\u00f5es de equipamentos, disposi\u00e7\u00f5es gerais, um cronograma preliminar e uma estimativa de CapEx normalmente com uma precis\u00e3o de +\/- &#8211; 15-30%, que o cliente usa como Decis\u00e3o Final de Investimento (FID) do projeto. Em alguns casos, o BE faz parte de um pacote de propostas para fins de licita\u00e7\u00e3o em contratos EPC.<\/p>\n<h2>\n\tEngenharia de detalhe e RFI\n\t<\/h2>\n\t<p>A Engenharia de detalhes de um projeto SAXUM cont\u00e9m relat\u00f3rios finais, diagramas, c\u00e1lculos e desenhos para cada disciplina para constru\u00e7\u00e3o e inclui um cronograma mestre e uma estimativa de CapEx normalmente com uma precis\u00e3o de +\/- 5-10%. Al\u00e9m disso, os servi\u00e7os EPCM ou EPC est\u00e3o dispon\u00edveis para entregar e executar projetos, dependendo das necessidades e exig\u00eancias espec\u00edficas dos clientes.<\/p>\n<h2>\n\tDisciplinas de Engenharia\n\t<\/h2>\n<h2>\n\tEngenharia de Processos e Ambiental\n\t<\/h2>\n\t<p>SAXUM tem vasta experi\u00eancia em engenharia de processo e ambiental para as ind\u00fastrias de minera\u00e7\u00e3o, cimento e cal, atrav\u00e9s do uso de software avan\u00e7ado e ferramentas tecnol\u00f3gicas, juntamente com dados pr\u00e1ticos de opera\u00e7\u00e3o e manuten\u00e7\u00e3o. Do lado ambiental, os engenheiros da SAXUM garantem que todas as emiss\u00f5es (s\u00f3lidas, l\u00edquidas, gasosas e ruidosas) sejam capturadas e mitigadas, al\u00e9m de cumprir todas as regulamenta\u00e7\u00f5es locais, estaduais e federais. Nossos recursos de engenharia de processo fornecem valor excepcional para nossos clientes no centro de suas opera\u00e7\u00f5es, com solu\u00e7\u00f5es econ\u00f4micas e econ\u00f4micas.<\/p>\n<h3>\n\tNossos servi\u00e7os:\n\t<\/h3>\n<h2>\n\tEngenharia Mec\u00e2nica e Piping\n\t<\/h2>\n\t<p>SAXUM tem experi\u00eancia relevante em engenharia mec\u00e2nica e de tubula\u00e7\u00e3o para as ind\u00fastrias de cimento, cal, minera\u00e7\u00e3o e manufatura, atendendo a todos os requisitos relacionados a essas ind\u00fastrias complexas. Nossos projetos e c\u00e1lculos de engenharia mec\u00e2nica abrangem todas as \u00e1reas das ind\u00fastrias que atendemos, com solu\u00e7\u00f5es eficientes e eficazes, considerando aspectos de construtibilidade, manuten\u00e7\u00e3o, seguran\u00e7a e opera\u00e7\u00e3o.<\/p>\n<h3>\n\tNossos servi\u00e7os:\n\t<\/h3>\n<h2>\n\t  Engenharia Civil e Estrutural\n\t<\/h2>\n\t<p>A assist\u00eancia de engenharia civil e estrutural da SAXUM cobre o amplo espectro de consultoria para investiga\u00e7\u00f5es geomec\u00e2nicas, para projetos detalhados das superestruturas, e incluindo a sele\u00e7\u00e3o e projeto dos sistemas de funda\u00e7\u00e3o mais adequados. Nossas capacidades e experi\u00eancia envolvem a an\u00e1lise e dimensionamento de obras de infraestrutura, tanto subterr\u00e2neas quanto de superf\u00edcie, que s\u00e3o necess\u00e1rias em todas as etapas de projetos industriais greenfield e brownfield, desde seus conceitos, passando por sua constru\u00e7\u00e3o, opera\u00e7\u00e3o e at\u00e9 o fechamento.<\/p>\n<p>As compet\u00eancias dos nossos profissionais v\u00e3o desde a identifica\u00e7\u00e3o de riscos e oportunidades, a caracteriza\u00e7\u00e3o geot\u00e9cnica, a modela\u00e7\u00e3o matem\u00e1tica de estruturas e funda\u00e7\u00f5es, at\u00e9 projectos de pormenor contemplando aspectos de construtibilidade. Nossos projetos construtivos de engenharia civil \/ estrutural envolvem profundo n\u00edvel de detalhes, que s\u00e3o o resultado da avalia\u00e7\u00e3o de m\u00faltiplas alternativas e v\u00e1rios aspectos relevantes como economia, seguran\u00e7a operacional, manuten\u00e7\u00e3o, mitiga\u00e7\u00e3o dos riscos envolvidos, etc. Nossa experi\u00eancia garante aos nossos clientes um detalhamento e compreens\u00e3o clara das conting\u00eancias e complexidades de seus projetos civis \/ estruturais, do in\u00edcio ao fim.<\/p>\n<p>Nossos servi\u00e7os incluem a avalia\u00e7\u00e3o das causas da patologia estrutural e o projeto das solu\u00e7\u00f5es de reparo ideais. Temos experi\u00eancia no projeto de estruturas de alta complexidade de concreto e a\u00e7o, como silos, componentes de usinas nucleares, torres de processo, pontes e estruturas com forte intera\u00e7\u00e3o com o terreno, como t\u00faneis, funda\u00e7\u00f5es e sistemas de conten\u00e7\u00e3o de taludes.<\/p>\n<h3>\n\tNossos servi\u00e7os:\n\t<\/h3>\n<h2>\n\tEngenharia El\u00e9trica e Instrumenta\u00e7\u00e3o e Controle\n\t<\/h2>\n\tEste departamento consiste em profissionais das disciplinas el\u00e9trica e eletr\u00f4nica, com vasta experi\u00eancia em engenharia para o transporte, transforma\u00e7\u00e3o e distribui\u00e7\u00e3o de energia el\u00e9trica de plantas industriais, assim como na defini\u00e7\u00e3o dos sistemas de instrumenta\u00e7\u00e3o e controle que formam o \u201csistema nervoso\u201d dos processos industriais dos nossos clientes.<br \/>\nNossos profissionais est\u00e3o permanentemente atualizados com as novas tecnologias dispon\u00edveis no mercado, e contam com um conhecimento avan\u00e7ado nos assuntos regulat\u00f3rios e normativos requeridos para obter um fornecimento el\u00e9trico seguro para qualquer projeto noas Am\u00e9ricas.\n<h3>\n\tNossos servi\u00e7os:\n\t<\/h3>\n<\/div><!-- .vgblk-rw-wrapper -->","protected":false},"excerpt":{"rendered":"<p>Estudos de Viabilidade e Trade-off Atrav\u00e9s da experi\u00eancia diversificada de seus profissionais, a SAXUM oferece servi\u00e7os de consultoria especializada que visam avaliar a viabilidade de projetos dentro de padr\u00f5es reconhecidos como NI 43-101 e JORC. Nossos relat\u00f3rios incluem recomenda\u00e7\u00f5es conclusivas e estimativas confi\u00e1veis de CapEx e OpEx. No que diz respeito aos estudos de Trade-Off,&#8230;<\/p>\n","protected":false},"author":1,"featured_media":0,"parent":20428,"menu_order":0,"comment_status":"closed","ping_status":"closed","template":"","meta":{"inline_featured_image":false},"jetpack_sharing_enabled":true,"_links":{"self":[{"href":"https:\/\/saxuming.net\/pt-br\/wp-json\/wp\/v2\/pages\/20245"}],"collection":[{"href":"https:\/\/saxuming.net\/pt-br\/wp-json\/wp\/v2\/pages"}],"about":[{"href":"https:\/\/saxuming.net\/pt-br\/wp-json\/wp\/v2\/types\/page"}],"author":[{"embeddable":true,"href":"https:\/\/saxuming.net\/pt-br\/wp-json\/wp\/v2\/users\/1"}],"replies":[{"embeddable":true,"href":"https:\/\/saxuming.net\/pt-br\/wp-json\/wp\/v2\/comments?post=20245"}],"version-history":[{"count":0,"href":"https:\/\/saxuming.net\/pt-br\/wp-json\/wp\/v2\/pages\/20245\/revisions"}],"up":[{"embeddable":true,"href":"https:\/\/saxuming.net\/pt-br\/wp-json\/wp\/v2\/pages\/20428"}],"wp:attachment":[{"href":"https:\/\/saxuming.net\/pt-br\/wp-json\/wp\/v2\/media?parent=20245"}],"curies":[{"name":"wp","href":"https:\/\/api.w.org\/{rel}","templated":true}]}}