{"id":20234,"date":"2016-12-05T16:29:56","date_gmt":"2016-12-05T16:29:56","guid":{"rendered":"https:\/\/saxuming.net\/home\/"},"modified":"2025-10-06T22:12:28","modified_gmt":"2025-10-07T01:12:28","slug":"home","status":"publish","type":"page","link":"https:\/\/saxuming.net\/pt-br\/","title":{"rendered":"Home"},"content":{"rendered":"<div class=\"vgblk-rw-wrapper limit-wrapper\">\n<h3>\n\t\t\t<a href=\"https:\/\/saxuming.net\/pt-br\/industries\/mineracao\/\" title=\"Minera\u00e7\u00e3o\" target=\"_self\" rel=\"noopener\">\n\tMinera\u00e7\u00e3o\n\t\t\t<\/a>\n\t<\/h3>\n\t<p>Servi\u00e7os de Engenharia, Aprovisionamento e Gest\u00e3o da Constru\u00e7\u00e3o (EPCM).<\/p>\n<h3>\n\t\t\t<a href=\"https:\/\/saxuming.net\/pt-br\/industries\/cimento-e-cal\/\" title=\"Cimento e Cal\" target=\"_self\" rel=\"noopener\">\n\tCimento e Cal\n\t\t\t<\/a>\n\t<\/h3>\n\t<p>Engenharia multidisciplinar e de alta qualidade para seus projetos de cimento.<\/p>\n<h3>\n\t\t\t<a href=\"https:\/\/saxuming.net\/pt-br\/industries\/litio\/\" title=\"L\u00edtio\" target=\"_self\" rel=\"noopener\">\n\tL\u00edtio\n\t\t\t<\/a>\n\t<\/h3>\n\t<p>Servi\u00e7os de engenharia e gerenciamento de projetos de alto n\u00edvel para ind\u00fastrias de processamento mineral.<\/p>\n<h3>\n\t\t\t<a href=\"https:\/\/saxuming.net\/pt-br\/industries\/oleo-e-gas\/\" title=\"G\u00e1s de petr\u00f3leo\" target=\"_self\" rel=\"noopener\">\n\tG\u00e1s de petr\u00f3leo\n\t\t\t<\/a>\n\t<\/h3>\n\t<p>Ampla experi\u00eancia e solu\u00e7\u00f5es de engenharia para a ind\u00fastria de \u00f3leo e g\u00e1s.<\/p>\n<h3>\n\t\t\t<a href=\"https:\/\/saxuming.net\/pt-br\/industries\/fabricacao-e-infraestrutura\/\" title=\"Manufatura e Infra\" target=\"_self\" rel=\"noopener\">\n\tManufatura e Infra\n\t\t\t<\/a>\n\t<\/h3>\n\t<p>Servi\u00e7os completos de engenharia e consultoria de alta qualidade na ind\u00fastria.<\/p>\n<h5>\n\tCOMPANY\n\t<\/h5>\n\t<h2>Fornecemos servi\u00e7os de engenharia do <strong>conceito \u00e0 realidade<\/strong><\/h2>\n\t<p>A nossa equipa de profissionais nas \u00e1reas de engenharia, gest\u00e3o e constru\u00e7\u00e3o traz-lhe a vis\u00e3o e aconselhamento de que necessita para o seu projeto.<\/p>\n<h2>\n\tSAXUM Engineered\n\t<\/h2>\n\t<p>Solutions Projects<\/p>\n\t<a href=\"https:\/\/www.youtube.com\/watch?v=fnuNpg9mKZc&#038;t=5s\" target=\"_blank\" role=\"button\" rel=\"noopener\">\n\t\t\t\t\tPlay Video\n\t<\/a>\n<h4>\n\tSAXUM Key Figure:\n\t<\/h4>\n\t\t\t+378\n\t<h4>Com sucesso<br \/>\n<strong>projetos completos<\/strong><\/h4>\n\t\t\t19\n\t<h4><strong>Pa\u00edses<\/strong><br \/>\nao redor do mundo<\/h4>\n\t\t\t105\n\t<h4><strong>Clientes<\/strong> que<br \/>\nconfi\u00e1vel<\/h4>\n\t\t\t5\n\t<h4><strong>Escrit\u00f3rios<\/strong><\/h4>\n<h2>\n\tPROJETOS\n\t<\/h2>\n<h2>\n\tNossos <b>Depoimentos<\/b>\n\t<\/h2>\n\t<p>Na SAXUM, o foco no cliente \u00e9 um dos nossos valores fundamentais. Ouvimos atentamente nossos clientes, entendemos seus objetivos e desafios e trabalhamos em colabora\u00e7\u00e3o para entregar solu\u00e7\u00f5es que atendam \u00e0s suas expectativas.<\/p>\n\n<\/div><!-- .vgblk-rw-wrapper -->","protected":false},"excerpt":{"rendered":"<p>Minera\u00e7\u00e3o Servi\u00e7os de Engenharia, Aprovisionamento e Gest\u00e3o da Constru\u00e7\u00e3o (EPCM). Cimento e Cal Engenharia multidisciplinar e de alta qualidade para seus projetos de cimento. L\u00edtio Servi\u00e7os de engenharia e gerenciamento de projetos de alto n\u00edvel para ind\u00fastrias de processamento mineral. G\u00e1s de petr\u00f3leo Ampla experi\u00eancia e solu\u00e7\u00f5es de engenharia para a ind\u00fastria de \u00f3leo e&#8230;<\/p>\n","protected":false},"author":1,"featured_media":0,"parent":0,"menu_order":0,"comment_status":"closed","ping_status":"closed","template":"","meta":{"inline_featured_image":false},"jetpack_sharing_enabled":true,"_links":{"self":[{"href":"https:\/\/saxuming.net\/pt-br\/wp-json\/wp\/v2\/pages\/20234"}],"collection":[{"href":"https:\/\/saxuming.net\/pt-br\/wp-json\/wp\/v2\/pages"}],"about":[{"href":"https:\/\/saxuming.net\/pt-br\/wp-json\/wp\/v2\/types\/page"}],"author":[{"embeddable":true,"href":"https:\/\/saxuming.net\/pt-br\/wp-json\/wp\/v2\/users\/1"}],"replies":[{"embeddable":true,"href":"https:\/\/saxuming.net\/pt-br\/wp-json\/wp\/v2\/comments?post=20234"}],"version-history":[{"count":9,"href":"https:\/\/saxuming.net\/pt-br\/wp-json\/wp\/v2\/pages\/20234\/revisions"}],"predecessor-version":[{"id":24420,"href":"https:\/\/saxuming.net\/pt-br\/wp-json\/wp\/v2\/pages\/20234\/revisions\/24420"}],"wp:attachment":[{"href":"https:\/\/saxuming.net\/pt-br\/wp-json\/wp\/v2\/media?parent=20234"}],"curies":[{"name":"wp","href":"https:\/\/api.w.org\/{rel}","templated":true}]}}