{"id":20199,"date":"2020-04-06T20:22:53","date_gmt":"2020-04-06T23:22:53","guid":{"rendered":"https:\/\/saxuming.net\/company-policies\/"},"modified":"2026-01-13T18:28:07","modified_gmt":"2026-01-13T21:28:07","slug":"politicas-da-empresa","status":"publish","type":"page","link":"https:\/\/saxuming.net\/pt-br\/politicas-da-empresa\/","title":{"rendered":"Pol\u00edticas da empresa"},"content":{"rendered":"<div class=\"vgblk-rw-wrapper limit-wrapper\">\n<h2>\n\tPol\u00edtica da Qualidade, Ambiente, Sa\u00fade e Seguran\u00e7a\n\t<\/h2>\n\t<p>A miss\u00e3o da SAXUM \u00e9 fornecer servi\u00e7os de engenharia, aquisi\u00e7\u00e3o e gerenciamento de projetos para os seguintes setores:<\/p>\n\u2022 Minera\u00e7\u00e3o,<br \/>\n\u2022 Cimento e cal,<br \/>\n\u2022 Ind\u00fastria sider\u00fargica,<br \/>\n\u2022 Energia,<br \/>\n\u2022 G\u00e1s de petr\u00f3leo,<br \/>\n\u2022 Fabrica\u00e7\u00e3o,<br \/>\n\u2022 A infraestrutura,<br \/>\n\u2022 Ind\u00fastria agr\u00edcola.\n<p>Para o efeito, a SAXUM define e documenta esta pol\u00edtica de Qualidade, Ambiente, Sa\u00fade e Seguran\u00e7a do Trabalhador, que \u00e9 comunicada e compreendida pelos seus membros para a sua aplica\u00e7\u00e3o em todos os seus processos, e est\u00e1 \u00e0 disposi\u00e7\u00e3o das partes interessadas relevantes.<\/p>\n<p>Esta pol\u00edtica de qualidade \u00e9 baseada nos seguintes princ\u00edpios:<\/p>\n<ul>\n<li>Satisfazer em tempo, precis\u00e3o e qualidade o amplo espectro de necessidades t\u00e9cnicas de nossos clientes, envolvendo solu\u00e7\u00f5es adequadas e eficientes em todas as etapas de seus projetos.<\/li>\n<li>Assegurar o cumprimento dos requisitos legais aplic\u00e1veis \u200b\u200b\u00e0s atividades, normas, programas, pol\u00edticas e compliance firmados voluntariamente com clientes e demais stakeholders.<\/li>\n<li>Promover a capacita\u00e7\u00e3o e aperfei\u00e7oamento cont\u00ednuo de nossos profissionais para alcan\u00e7ar a excel\u00eancia em engenharia e procedimentos.<\/li>\n<li>Melhorar continuamente os nossos processos internos incentivando a participa\u00e7\u00e3o e empenho dos nossos colaboradores, implementando metodologias de trabalho comprovadas e adequadas, bem como disponibilizando os recursos necess\u00e1rios para o desenvolvimento das atividades inerentes \u00e0 nossa empresa.<\/li>\n<li>Ter espa\u00e7os de trabalho saud\u00e1veis, limpos, ordenados e dotados das ferramentas tecnol\u00f3gicas necess\u00e1rias para o desenvolvimento eficiente das nossas atividades de forma a otimizar a produtividade.<\/li>\n<li>Selecionar e desenvolver estrategicamente fornecedores e contratados comprometidos e alinhados com nossa Pol\u00edtica.<\/li>\n<li>Prevenir, reduzir e gerenciar os impactos ambientais de nossas opera\u00e7\u00f5es, promovendo o uso eficiente dos recursos naturais, a consci\u00eancia do cuidado com o meio ambiente, o compromisso com a prote\u00e7\u00e3o do meio ambiente e a preven\u00e7\u00e3o da polui\u00e7\u00e3o.<\/li>\n<li>Prevenir, reduzir ou eliminar perigos ou riscos, garantindo condi\u00e7\u00f5es de trabalho seguras e saud\u00e1veis \u200b\u200bpara a preven\u00e7\u00e3o de les\u00f5es e deteriora\u00e7\u00e3o da sa\u00fade das pessoas que trabalham em nossos processos.<\/li>\n<li>Promover a consulta e participa\u00e7\u00e3o dos trabalhadores em todos os n\u00edveis, fornecendo ferramentas adequadas para sua efetiva aplica\u00e7\u00e3o.<\/li>\n<\/ul>\n\t<a href=\"https:\/\/saxuming.net\/wp-content\/uploads\/2022\/03\/RPG-02.02-Politica-de-Sistema-de-Gestion-Saxum-Rev-02.pdf\" target=\"_self\" role=\"button\" rel=\"noopener\">\n\t\t\t\t\tPol\u00edtica da Qualidade, Ambiente, Sa\u00fade e Seguran\u00e7a\n\t<\/a>\n\t\t\t\t\t\t\t<img loading=\"lazy\" src=\"https:\/\/saxuming.net\/wp-content\/uploads\/2026\/01\/pordada-2-normas-iso-9001-2026.jpg\" alt=\"pordada-2-normas-iso-9001-2026\" itemprop=\"image\" height=\"664\" width=\"1400\" title=\"pordada-2-normas-iso-9001-2026\" onerror=\"this.style.display='none'\"  sizes=\"(max-width: 768px) 100vw, 100vw\" srcset=\"data:image\/svg+xml;utf8,&lt;svg%20xmlns=&quot;http:\/\/www.w3.org\/2000\/svg&quot;%20viewBox=&quot;0%200%201400%20664&quot;%20height=&quot;664px&quot;%20width=&quot;1400px&quot;\/&gt;\" data-srcset=\"https:\/\/saxuming.net\/wp-content\/uploads\/2026\/01\/pordada-2-normas-iso-9001-2026.jpg 1400w, https:\/\/saxuming.net\/wp-content\/uploads\/2026\/01\/pordada-2-normas-iso-9001-2026-300x142.jpg 300w, https:\/\/saxuming.net\/wp-content\/uploads\/2026\/01\/pordada-2-normas-iso-9001-2026-1024x486.jpg 1024w, https:\/\/saxuming.net\/wp-content\/uploads\/2026\/01\/pordada-2-normas-iso-9001-2026-150x71.jpg 150w, https:\/\/saxuming.net\/wp-content\/uploads\/2026\/01\/pordada-2-normas-iso-9001-2026-700x332.jpg 700w, https:\/\/saxuming.net\/wp-content\/uploads\/2026\/01\/pordada-2-normas-iso-9001-2026-466x221.jpg 466w, https:\/\/saxuming.net\/wp-content\/uploads\/2026\/01\/pordada-2-normas-iso-9001-2026-933x443.jpg 933w, https:\/\/saxuming.net\/wp-content\/uploads\/2026\/01\/pordada-2-normas-iso-9001-2026-350x166.jpg 350w\" \/>\t\t\t\t\t\t\t\n<h2>\n\tResponsabilidade Social Empresarial\n\t<\/h2>\n\t<p>A SAXUM est\u00e1 comprometida com o desenvolvimento sustent\u00e1vel \/ sustent\u00e1vel dos setores \/ localidades de influ\u00eancia. Busca permanentemente o crescimento e o treinamento dos cidad\u00e3os em cada localidade, atrav\u00e9s do treinamento e da educa\u00e7\u00e3o de seus habitantes. Seus profissionais trabalham ad honorem com a comunidade realizando projetos de casas usando materiais nativos, entre outros projetos ativos, al\u00e9m de treinamento estrat\u00e9gico e oportuno.<\/p>\n<p>Melhorar a qualidade de vida e a empregabilidade da popula\u00e7\u00e3o por meio de treinamento em neg\u00f3cios, conscientiza\u00e7\u00e3o ambiental, higiene e seguran\u00e7a (preven\u00e7\u00e3o de acidentes e incidentes), conscientiza\u00e7\u00e3o nutricional. A busca se concentra no desenvolvimento de uma consci\u00eancia do impacto ambiental de nossa gest\u00e3o, por isso trabalhamos para minimiz\u00e1-la atrav\u00e9s da otimiza\u00e7\u00e3o dos recursos que temos (classifica\u00e7\u00e3o de res\u00edduos, 5 &#8220;S&#8221;, outros), por sua vez, tem como objetivos ser &#8220;multiplicadores&#8221; dessas a\u00e7\u00f5es em nosso ambiente.<\/p>\n<strong>M\u00e9todo de SAXUM de Responsabilidade Social Corporativa<\/strong><br \/>\nTrabalhamos em estreita colabora\u00e7\u00e3o com a comunidade, promovendo alian\u00e7as estrat\u00e9gicas com organiza\u00e7\u00f5es p\u00fablicas, privadas, ONGs, etc., atendendo a diferentes \u00e1reas de interesse, que interagem atrav\u00e9s dos diferentes projetos. Uma metodologia participativa ser\u00e1 usada em cada comunidade.\n<p>Programa de visitas ao complexo industrial da empresa com o objetivo de fortalecer os v\u00ednculos entre a comunidade de influ\u00eancia, a fam\u00edlia de funcion\u00e1rios e a empresa. As pol\u00edticas da organiza\u00e7\u00e3o s\u00e3o comunicadas e o contato \u00e9 feito com o trabalho do pessoal empregado.<\/p>\n<strong>Voluntariado<\/strong><br \/>\nincentivamos nossos funcion\u00e1rios a participar ativamente de ONGs, multiplicando seus conhecimentos. Na SAXUM, acreditamos no treinamento como uma ferramenta fundamental para transformar a sociedade. Deste local, trabalhamos com jovens e crian\u00e7as das popula\u00e7\u00f5es onde nos instalamos, a quem consideramos os agentes mais importantes para influenciar e fortalecer seus pr\u00f3prios contextos, na busca de uma sociedade mais inclusiva, democr\u00e1tica e promotora de direitos.\n<h2>\n\tResponsabilidade Ambiental\n\t<\/h2>\n\t<p>Na SAXUM, valorizamos a prote\u00e7\u00e3o do meio ambiente, a preven\u00e7\u00e3o de contamina\u00e7\u00e3o e a otimiza\u00e7\u00e3o do consumo de recursos. \u00c9 por isso que nos concentramos em ajudar a transformar conceitos em realidade atrav\u00e9s da conformidade com requisitos regulat\u00f3rios, comunit\u00e1rios e ambientais.<\/p>\n<p>A SAXUM busca cumprir o compromisso de proteger o meio ambiente e a sustentabilidade incorporando princ\u00edpios s\u00f3lidos de prote\u00e7\u00e3o ambiental em nossos projetos e nos esfor\u00e7amos para garantir que os projetos sejam executados de maneira ambientalmente respons\u00e1vel. Os planos de gerenciamento ambiental s\u00e3o conclu\u00eddos para todos os projetos de design e constru\u00e7\u00e3o, usando m\u00e9todos que atendem aos altos padr\u00f5es da pr\u00e1tica de prote\u00e7\u00e3o ambiental e toda a legisla\u00e7\u00e3o relevante.<\/p>\n<p>A SAXUM est\u00e1 comprometida com uma gest\u00e3o ambiental eficaz com base nos seguintes princ\u00edpios:<\/p>\n<ul>\n<li>Conformidade com leis, regulamentos, c\u00f3digos, normas e outros requisitos legais e contratuais ambientais;<\/li>\n<li>Avaliar poss\u00edveis impactos ambientais apropriados \u00e0 natureza e escala de nossas atividades e monitorar nosso desempenho ambiental para evitar a polui\u00e7\u00e3o e melhorar continuamente;<\/li>\n<li>Integrar fatores ambientais no planejamento do projeto atrav\u00e9s da comunica\u00e7\u00e3o com nossos clientes e outras partes interessadas;<\/li>\n<li>Gerenciar res\u00edduos perigosos de acordo com nossos clientes e requisitos legais;<\/li>\n<li>Promover a conscientiza\u00e7\u00e3o ambiental entre nossos funcion\u00e1rios, fornecedores e subcontratados em rela\u00e7\u00e3o \u00e0s nossas atividades comerciais.<\/li>\n<\/ul>\n<p>Por sua vez, na SAXUM, oferecemos uma ampla gama de servi\u00e7os ambientais para ajudar nossos clientes a desenvolver projetos, melhorar o desempenho e fechar e remediar opera\u00e7\u00f5es, enquanto gerencia riscos e impactos.<\/p>\n\t<a href=\"\/wp-content\/uploads\/2020\/08\/Environmental-and-Sustainability-Policy.pdf\" target=\"_blank\" role=\"button\" rel=\"noopener\">\n\t\t\t\t\tEnvironmental and Sustainability Policy\n\t<\/a>\n\t<a href=\"\/wp-content\/uploads\/2020\/08\/Letter-of-Commitment-to-Sustainability.pdf\" target=\"_blank\" role=\"button\" rel=\"noopener\">\n\t\t\t\t\tLetter of Commitment to Sustainability\n\t<\/a>\n<h2>\n\tCompromisso com as comunidades locais\n\t<\/h2>\n\t<p>A filosofia da SAXUM sustenta que o desenvolvimento s\u00f3 pode ser abordado de forma integral, incorporando os conceitos de; COOPERA\u00c7\u00c3O, CONFIAN\u00c7A, ETNICIDADE, IDENTIDADE, COMUNIDADE E AMIZADE, pois s\u00e3o esses elementos que constituem o tecido social no qual se baseiam a pol\u00edtica e a economia. Em outras palavras, s\u00e3o eles que geram desenvolvimento social, fortalecem o capital humano e geram estabilidade pol\u00edtica, sem eles n\u00e3o \u00e9 poss\u00edvel alcan\u00e7ar o desenvolvimento sustent\u00e1vel e sustent\u00e1vel.<\/p>\n<p>A SAXUM trabalha em estreita colabora\u00e7\u00e3o com a comunidade, promovendo alian\u00e7as estrat\u00e9gicas com organiza\u00e7\u00f5es p\u00fablicas e privadas, ONGs, etc., atendendo a diferentes \u00e1reas de interesse, que interagem atrav\u00e9s dos diferentes projetos. Com o objetivo acima mencionado, uma metodologia participativa \u00e9 usada em cada comunidade e, para esses fins, \u00e9 acordado criar um grupo coordenador cuja miss\u00e3o ser\u00e1 centralizar, orientar e promover programas, iniciativas ou projetos enquadrados na \u00e1rea de interesse. O grupo coordenador deve promover:<\/p>\n<ul>\n<li>Elabora\u00e7\u00e3o de projetos sociais, comunit\u00e1rios, produtivos, assist\u00eancia t\u00e9cnica, inova\u00e7\u00e3o e projetos de desenvolvimento tecnol\u00f3gico, social, educacional, esportivo e cultural.<\/li>\n<li>O voluntariado de pessoal especializado da SAXUM para promover atividades de interesse social e benef\u00edcio da comunidade.<\/li>\n<li>Realiza\u00e7\u00e3o de cursos de especializa\u00e7\u00e3o para o pessoal da empresa e para o p\u00fablico em geral.<\/li>\n<li>Programa de visitas ao complexo industrial da empresa, com o objetivo de estreitar os la\u00e7os entre a comunidade de influ\u00eancia, a fam\u00edlia de funcion\u00e1rios e a empresa.<\/li>\n<\/ul>\n<p>Ao mesmo tempo, na SAXUM acreditamos que a educa\u00e7\u00e3o e o treinamento s\u00e3o ferramentas essenciais para transformar a sociedade. Deste local, trabalhamos com jovens e crian\u00e7as das popula\u00e7\u00f5es em que nos instalamos, a quem consideramos os agentes mais importantes para influenciar e aprimorar seus pr\u00f3prios contextos, em busca de uma sociedade mais inclusiva, democr\u00e1tica e promotora de direitos.<\/p>\n\t\t\t\t<a href=\"https:\/\/saxuming.net\/pt-br\/politicas-da-empresa\/local-communities-engagement-corporate-social-responsibility-modality-saxum\/\" target=\"_self\" itemprop=\"url\" title=\"Local communities engagement\" rel=\"noopener\">\n\t\t\t\t\t\t\t<img loading=\"lazy\" src=\"https:\/\/saxuming.net\/wp-content\/uploads\/2020\/04\/local-communities-engagement-corporate-social-responsibility-modality-saxum.jpg\" alt=\"Local communities engagement\" itemprop=\"image\" height=\"921\" width=\"1500\" data-link-type=\"page\" title=\"Local communities engagement\" onerror=\"this.style.display='none'\"  sizes=\"(max-width: 768px) 100vw, 100vw\" srcset=\"data:image\/svg+xml;utf8,&lt;svg%20xmlns=&quot;http:\/\/www.w3.org\/2000\/svg&quot;%20viewBox=&quot;0%200%201500%20921&quot;%20height=&quot;921px&quot;%20width=&quot;1500px&quot;\/&gt;\" data-srcset=\"https:\/\/saxuming.net\/wp-content\/uploads\/2020\/04\/local-communities-engagement-corporate-social-responsibility-modality-saxum.jpg 1500w, https:\/\/saxuming.net\/wp-content\/uploads\/2020\/04\/local-communities-engagement-corporate-social-responsibility-modality-saxum-300x184.jpg 300w, https:\/\/saxuming.net\/wp-content\/uploads\/2020\/04\/local-communities-engagement-corporate-social-responsibility-modality-saxum-1024x629.jpg 1024w, https:\/\/saxuming.net\/wp-content\/uploads\/2020\/04\/local-communities-engagement-corporate-social-responsibility-modality-saxum-768x472.jpg 768w, https:\/\/saxuming.net\/wp-content\/uploads\/2020\/04\/local-communities-engagement-corporate-social-responsibility-modality-saxum-1400x860.jpg 1400w, https:\/\/saxuming.net\/wp-content\/uploads\/2020\/04\/local-communities-engagement-corporate-social-responsibility-modality-saxum-700x430.jpg 700w, https:\/\/saxuming.net\/wp-content\/uploads\/2020\/04\/local-communities-engagement-corporate-social-responsibility-modality-saxum-466x286.jpg 466w, https:\/\/saxuming.net\/wp-content\/uploads\/2020\/04\/local-communities-engagement-corporate-social-responsibility-modality-saxum-933x573.jpg 933w, https:\/\/saxuming.net\/wp-content\/uploads\/2020\/04\/local-communities-engagement-corporate-social-responsibility-modality-saxum-350x215.jpg 350w\" \/>\t\t\t\t\t\t<\/a>\n<h2>\n\tPol\u00edticas de RH\n\t<\/h2>\n\t<p>A efici\u00eancia e a qualidade de nosso servi\u00e7o dependem fortemente do desempenho de cada funcion\u00e1rio da SAXUM. Portanto, cada posi\u00e7\u00e3o ou tarefa em nossa empresa \u00e9 de extrema import\u00e2ncia.<\/p>\n<p>A empresa emitiu um conjunto de pol\u00edticas, normas e procedimentos gerais que visam fornecer uma estrutura para a administra\u00e7\u00e3o correta e profissional dos recursos humanos da empresa.<\/p>\n<p>Nesta estrutura, as pol\u00edticas de RH desenvolvidas s\u00e3o ferramentas centrais para:<\/p>\n<ul>\n<li> Contribuir para a tomada de decis\u00f5es relacionadas \u00e0 gest\u00e3o de recursos humanos.<\/li>\n<li> Criar, manter e desenvolver um conjunto de recursos humanos com habilidades e motiva\u00e7\u00e3o suficientes para atender aos objetivos da organiza\u00e7\u00e3o.<\/li>\n<li> Proporcionar clareza e agilidade na comunica\u00e7\u00e3o entre os membros da organiza\u00e7\u00e3o em rela\u00e7\u00e3o aos nossos clientes e fornecedores.<\/li>\n<li> Buscar tratamento justo e equitativo dos recursos humanos de nossa organiza\u00e7\u00e3o.<\/li>\n<li> Garantir que cada colaborador alcance seu n\u00edvel m\u00e1ximo de desempenho.<\/li>\n<li> Criar um ambiente eficaz para as rela\u00e7\u00f5es de trabalho e orientar o comportamento \u00e9tico em todo o<\/li>\n<\/ul>\n<p>organiza\u00e7\u00e3o.<\/p>\n\t<a href=\"\/wp-content\/uploads\/2020\/06\/Politica-de-RRHH-de-SAXUM.pdf\" target=\"_blank\" role=\"button\" rel=\"noopener\">\n\t\t\t\t\tConsulte as Manual de RH\n\t<\/a>\n\n<\/div><!-- .vgblk-rw-wrapper -->","protected":false},"excerpt":{"rendered":"<p>Pol\u00edtica da Qualidade, Ambiente, Sa\u00fade e Seguran\u00e7a A miss\u00e3o da SAXUM \u00e9 fornecer servi\u00e7os de engenharia, aquisi\u00e7\u00e3o e gerenciamento de projetos para os seguintes setores: \u2022 Minera\u00e7\u00e3o, \u2022 Cimento e cal, \u2022 Ind\u00fastria sider\u00fargica, \u2022 Energia, \u2022 G\u00e1s de petr\u00f3leo, \u2022 Fabrica\u00e7\u00e3o, \u2022 A infraestrutura, \u2022 Ind\u00fastria agr\u00edcola. Para o efeito, a SAXUM define e&#8230;<\/p>\n","protected":false},"author":1,"featured_media":0,"parent":0,"menu_order":0,"comment_status":"closed","ping_status":"closed","template":"","meta":{"inline_featured_image":false},"jetpack_sharing_enabled":true,"_links":{"self":[{"href":"https:\/\/saxuming.net\/pt-br\/wp-json\/wp\/v2\/pages\/20199"}],"collection":[{"href":"https:\/\/saxuming.net\/pt-br\/wp-json\/wp\/v2\/pages"}],"about":[{"href":"https:\/\/saxuming.net\/pt-br\/wp-json\/wp\/v2\/types\/page"}],"author":[{"embeddable":true,"href":"https:\/\/saxuming.net\/pt-br\/wp-json\/wp\/v2\/users\/1"}],"replies":[{"embeddable":true,"href":"https:\/\/saxuming.net\/pt-br\/wp-json\/wp\/v2\/comments?post=20199"}],"version-history":[{"count":4,"href":"https:\/\/saxuming.net\/pt-br\/wp-json\/wp\/v2\/pages\/20199\/revisions"}],"predecessor-version":[{"id":24544,"href":"https:\/\/saxuming.net\/pt-br\/wp-json\/wp\/v2\/pages\/20199\/revisions\/24544"}],"wp:attachment":[{"href":"https:\/\/saxuming.net\/pt-br\/wp-json\/wp\/v2\/media?parent=20199"}],"curies":[{"name":"wp","href":"https:\/\/api.w.org\/{rel}","templated":true}]}}