{"id":20096,"date":"2020-04-10T14:41:41","date_gmt":"2020-04-10T17:41:41","guid":{"rendered":"https:\/\/saxuming.net\/company-protocols-and-procedures\/"},"modified":"2026-01-13T21:16:36","modified_gmt":"2026-01-14T00:16:36","slug":"protocolos-e-procedimentos-da-empresa","status":"publish","type":"page","link":"https:\/\/saxuming.net\/pt-br\/protocolos-e-procedimentos-da-empresa\/","title":{"rendered":"Protocolos e procedimentos da empresa"},"content":{"rendered":"<div class=\"vgblk-rw-wrapper limit-wrapper\">\n<h2>\n\tProtocolo de \u00c9tica e Conduta\n\t<\/h2>\n\t<p>A SAXUM est\u00e1 presente na prov\u00edncia de Santa Cruz h\u00e1 muitos anos, na execu\u00e7\u00e3o de v\u00e1rios projetos. Ele teve e teve contato com a comunidade local, bem como com os grupos de profissionais (temos funcion\u00e1rios registrados na CPAIA). Na \u00e1rea espec\u00edfica de Perito Moreno, colaboramos com o projeto Perito Moreno, enviando profissionais para o munic\u00edpio local, entrando em contato com a popula\u00e7\u00e3o local na busca de solu\u00e7\u00f5es (via de passagem, roteiro), priorizando sempre o relacionamento cliente-comunidade e sendo representantes do primeiro. Da mesma forma, a SAXUM sempre demonstrou em sua contrata\u00e7\u00e3o um esfor\u00e7o para atingir o requisito 70\/30, gerando at\u00e9 cursos de treinamento para o pessoal local, bem como uma extrema prioriza\u00e7\u00e3o no uso de pequenas instala\u00e7\u00f5es comerciais para suprimentos e servi\u00e7os.<\/p>\n<p>Tome como nota acess\u00f3ria a a\u00e7\u00e3o da SAXUM na \u00e1rea de seu projeto EPCM em Salta, Tolar Grande, onde equipamentos de hardware foram doados a institui\u00e7\u00f5es de ensino.<\/p>\n<p>A SAXUM possui um Departamento Jur\u00eddico, inscrito na pol\u00edtica de \u00c9tica em Contratos e Contratos, e nomeou um Diretor de Conformidade Corporativo, respons\u00e1vel por garantir a aplica\u00e7\u00e3o do protocolo da Pol\u00edtica Anticorrup\u00e7\u00e3o, que \u00e9 endossado por seus profissionais. Este dossi\u00ea e protocolo foi utilizado na \u00edntegra na execu\u00e7\u00e3o do EPCM do projeto Lindero, onde foram realizadas todas as compras e contrata\u00e7\u00f5es do projeto (US $ 350 milh\u00f5es). O Departamento Jur\u00eddico da SAXUM trabalha em estreita colabora\u00e7\u00e3o com a Administra\u00e7\u00e3o de Contratos e o departamento. da Procura, garantindo que a pol\u00edtica anticorrup\u00e7\u00e3o seja um anexo a cada contrato executado por si ou por terceiros.<\/p>\n<h3>\n\tMain Ethical Principles\n\t<\/h3>\n\t<p><strong>Regarding workers:<\/strong> The Company is committed to the protection of human rights and, to this end, has implemented guidelines on; the responsibility to respect human rights, build greater trust with our external stakeholders and demonstrate good business practices. SAXUM fosters and promotes an inclusive and respectful work environment by establishing clear standards of behaviour on:<\/p>\n<ul>\n<li>Non-discrimination.<\/li>\n<li>The Prohibition of Child Labor.<\/li>\n<li>Freedom of association and collective bargaining.<\/li>\n<li>Health and safety in the workplace.<\/li>\n<li>Abuse or harassment is not allowed.<\/li>\n<\/ul>\n<p>&nbsp;<\/p>\n<p><strong>Acquisition Policies:<\/strong> The company has developed a Responsible Purchasing Management Policy so that the process is carried out in a safe, sustainable, environmentally responsible and transparent manner.<\/p>\n<p>The purchasing management procedures were designed to guarantee respect for equal treatment among suppliers, taking into account all the particular characteristics and limitations imposed by the local environment and respect for fair competition.<\/p>\n<p>&nbsp;<\/p>\n<p><strong>Anti-Corruption and Anti-Bribery Policy:<\/strong> The Company is firmly committed to the prevention of corruption and intends that its employees, executives and directors conduct themselves honestly and ethically when dealing with government officials and any other party. The fight against corruption is an absolute priority for the Company and for this purpose it has developed specific policies in accordance with all the laws in force in the countries in which it operates, and in general with the international conventions that are applicable to it.<\/p>\n<p>&nbsp;<\/p>\n<p><strong>Conflicts of interest:<\/strong> The company requires its collaborators and third parties to show loyalty and avoid placing themselves in a position where they could find themselves in a conflict of interest situation. If an employee finds themselves in a situation that could create a conflict between their interests or those of their family members or relatives and those of the company, they should immediately and transparently report to their supervisor or manager. Any situation that may adversely affect the impartiality and judgment of employees should be avoided.<\/p>\n<p>&nbsp;<\/p>\n<p><strong>Respect for confidentiality in business:<\/strong> The Company guarantees its employees, related third parties and customers that the information provided is treated with due respect and is used only for authorized purposes. All employees of the Company have a general obligation of secrecy of the information that has been made known to them in the course of their duties, and particularly in the course of specific business relationships. Confidential information means information the disclosure of which to an unauthorized person could seriously damage the reputation of the Company, its employees or its customers.<\/p>\n<h2>\n\tPol\u00edtica de Compra\n\t<\/h2>\n\t<p>A empresa precisa adquirir materiais e servi\u00e7os de contrato em tempo h\u00e1bil e nas melhores condi\u00e7\u00f5es de qualidade, oportunidade e custo oferecidos pelo mercado para o desenvolvimento de projetos contratados.<\/p>\n<p>Para apoiar isso, uma Pol\u00edtica de Compras foi desenvolvida para que o processo seja simples e r\u00e1pido; e garantir que efetivamente, atrav\u00e9s da filosofia de Melhoria Cont\u00ednua, sejam contribu\u00eddas as iniciativas de redu\u00e7\u00e3o de custos, garantindo transpar\u00eancia a cada um dos processos, de maneira segura, sustent\u00e1vel e ambientalmente respons\u00e1vel.<\/p>\n<p>Esse gerenciamento da \u00e1rea de suprimentos \u00e9 baseado na defini\u00e7\u00e3o das pol\u00edticas de engenharia da SAXUM.<\/p>\n<p><strong>Objetivo<\/strong><\/p>\n<ul>\n<li>Gere controles apropriados do processo de compras.<\/li>\n<li>Fornecer ferramentas adequadas para controle de custos.<\/li>\n<li>Fornecer consist\u00eancia em todas as opera\u00e7\u00f5es de compras e contrata\u00e7\u00f5es.<\/li>\n<\/ul>\n<h3>\n\tFun\u00e7\u00e3o de Compras\n\t<\/h3>\n\t<p>A \u00c1rea de Suprimentos ter\u00e1 o pessoal, sistemas e servi\u00e7os necess\u00e1rios para garantir a execu\u00e7\u00e3o eficiente das atividades de compras, que incluem:<\/p>\n<ul>\n<li>Mantenha procedimentos simples que respondem \u00e0s necessidades de compra do cliente.<\/li>\n<li>Mantenha um registro atualizado do fornecedor aberto.<\/li>\n<li>Manter arquivos eletr\u00f4nicos atualizados e documenta\u00e7\u00e3o adequada envolvida em todas as atividades de compra.<\/li>\n<li>Analisar e avaliar as cota\u00e7\u00f5es recebidas, com base na combina\u00e7\u00e3o de fatores como pre\u00e7o, qualidade, prazo de entrega, etc.<\/li>\n<li>Selecione fornecedores com recursos comprovados e garanta que eles mantenham desempenho satisfat\u00f3rio no desenvolvimento sustent\u00e1vel.<\/li>\n<li>Minimizar pr\u00eamios diretos (\u00fanico fornecedor).<\/li>\n<li>Preparar Cartas de Recomenda\u00e7\u00e3o, os Relat\u00f3rios de An\u00e1lise Comercial e T\u00e9cnica das ofertas recebidas.<\/li>\n<li>Esclare\u00e7a as d\u00favidas que os fornecedores possam ter.<\/li>\n<li>Obter fornecedores para prestar servi\u00e7os em tempo h\u00e1bil.<\/li>\n<li>Mantenha uma estrita confidencialidade em todas as atividades de compra.<\/li>\n<li>Aprofundar o conhecimento dos mercados de bens e servi\u00e7os, desenvolvendo intelig\u00eancia de mercado para detectar oportunidades e riscos.<\/li>\n<\/ul>\n<h3>\n\tComportamento Profissional\n\t<\/h3>\n\t<p>A equipe de compras da SAXUM desenvolve rela\u00e7\u00f5es de trabalho com outras \u00e1reas especializadas da SAXUM, como engenharia, assuntos jur\u00eddicos, finan\u00e7as, contas a pagar, etc; fazendo uso de seu suporte para fins de revis\u00e3o, coment\u00e1rio e informa\u00e7\u00f5es durante o processo de desenvolvimento de propostas e pr\u00eamios.<\/p>\n<p>Ao desempenhar fun\u00e7\u00f5es e responsabilidades de compra, o pessoal da \u00c1rea se comporta de maneira altamente profissional e eficiente; em conformidade com as seguintes caracter\u00edsticas:<\/p>\n<ul>\n<li>Conhecimento cuidadoso das pol\u00edticas e pr\u00e1ticas da SAXUM.<\/li>\n<li>Conhecimento detalhado e entendimento do mercado.<\/li>\n<li>Atitude inovadora.<\/li>\n<li>Planejamento estrat\u00e9gico preciso.<\/li>\n<li>Flexibilidade na sele\u00e7\u00e3o do m\u00e9todo de compra que melhor atenda \u00e0s necessidades dos usu\u00e1rios e \u00e0s condi\u00e7\u00f5es do mercado.<\/li>\n<li>Use processos de contrata\u00e7\u00e3o \u00e1geis e simples, entendendo que essas caracter\u00edsticas dependem da magnitude e complexidade do bem a ser fornecido ou do servi\u00e7o a ser contratado.<\/li>\n<li>Exija um alto n\u00edvel de conformidade dos fornecedores.<\/li>\n<li>Ter conhecimento de quest\u00f5es legais, incotermos e risco de exposi\u00e7\u00e3o em situa\u00e7\u00f5es comerciais relacionadas a compras.<\/li>\n<\/ul>\n\t<a href=\"\/wp-content\/uploads\/2020\/04\/SAXUM-Procurement-Manual.pdf\" target=\"_blank\" role=\"button\" rel=\"noopener\">\n\t\t\t\t\tConsulte Pol\u00edticas de Compras\n\t<\/a>\n<h2>\n\tProcedimentos de Gerenciamento de Projetos\n\t<\/h2>\n\t<p>A SAXUM \u00e9 especializada na presta\u00e7\u00e3o de servi\u00e7os de engenharia e gerenciamento de projetos de alto n\u00edvel para o setor.<\/p>\n<p>Nosso estilo de gerenciamento baseia-se no gerenciamento de projetos por meio de uma estrutura corporativa, unidades de neg\u00f3cios e equipes de gerenciamento pr\u00f3prias de cada projeto.<\/p>\n<p>Isso nos permite ser uma empresa que, seguindo as diretrizes corporativas, podemos adaptar os recursos, t\u00e9cnicas, estruturas e gerenciamento \u00e0s caracter\u00edsticas particulares de cada projeto, na regi\u00e3o em que estamos localizados.<\/p>\n<b><br \/>\nEscopo do nosso modelo de gerenciamento de projetos:<\/b>\n<p>A SAXUM fornece uma ampla gama de servi\u00e7os de gerenciamento de projetos, podendo resumi-los em:<\/p>\n<ul>\n<li>Projetos EPCM<\/li>\n<li>Projetos de engenharia: conceitual, b\u00e1sico e detalhado.<\/li>\n<li>Projetos de estudos de viabilidade, trade-offs e impacto ambiental<\/li>\n<li>Projetos de Supervis\u00e3o e Manuten\u00e7\u00e3o<\/li>\n<\/ul>\n<b><br \/>\nModelo de gerenciamento de projetos SAXUM<\/b>\n<p>A SAXUM, por meio das equipes do projeto e do apoio ao design das \u00e1reas corporativas, implementa e controla a execu\u00e7\u00e3o de cada projeto por meio dos Planos de Execu\u00e7\u00e3o do Projeto (PEP).<\/p>\n<p>Esses planos, \u00fanicos e \u00fanicos para cada projeto, refletem o Planejamento do Gerenciamento do Projeto ou Servi\u00e7o, sua estrutura, particularidades, pontos cr\u00edticos, controles operacionais, equipamentos de constru\u00e7\u00e3o, engenharia, controle do contratado e qualquer outra metodologia que seja personalizada e adaptada sempre que necess\u00e1rio, considerando a estrutura legal aplic\u00e1vel e as diretrizes corporativas da SAXUM.<\/p>\n<p>Cada PEP detalha os requisitos espec\u00edficos do Cliente, gerando modalidades particulares de aplica\u00e7\u00e3o para cada contrato e \u00e9 dimensionado de acordo com suas complexidades.<\/p>\n<p>O resultado desse planejamento tamb\u00e9m envolve todas as atividades necess\u00e1rias de verifica\u00e7\u00e3o, valida\u00e7\u00e3o, monitoramento e medi\u00e7\u00e3o, tanto para os produtos adquiridos, contratados como pr\u00f3prios e terceiros, quanto para as constru\u00e7\u00f5es e instala\u00e7\u00f5es realizadas.<\/p>\n<p>No caso de produtos adquiridos, a identifica\u00e7\u00e3o de caracter\u00edsticas ou fun\u00e7\u00f5es particulares pode surgir, sendo denominada &#8220;Produtos Fora do Padr\u00e3o&#8221; e pode exigir planos espec\u00edficos de inspe\u00e7\u00e3o e teste.<\/p>\n<p>O PEP, por sua vez, tem a particularidade de poder se adaptar a outros sistemas de gerenciamento, como o do cliente ou de outras partes envolvidas no contrato.<\/p>\n\t<a href=\"\/wp-content\/uploads\/2020\/04\/SAXUM-Project-Management-Manual.pdf\" target=\"_blank\" role=\"button\" rel=\"noopener\">\n\t\t\t\t\tConsulte o Manual de Gerenciamento de Projetos\n\t<\/a>\n<h2>\n\tProcedimentos de Gerenciamento de Constru\u00e7\u00e3o\n\t<\/h2>\n\t<p>A SAXUM Construction Management consiste no n\u00facleo dos servi\u00e7os da empresa. Envolve dirigir, regular e supervisionar um projeto desde o desenvolvimento inicial at\u00e9 a conclus\u00e3o e \u00e9 respons\u00e1vel pelo planejamento de cronogramas de trabalho, pela coordena\u00e7\u00e3o do m\u00e9todo mais eficiente e pelo desenvolvimento de estrat\u00e9gias de constru\u00e7\u00e3o e or\u00e7amento.<\/p>\n<p>A equipe \u00e9 composta por profissionais multidisciplinares que nos permitem administrar as diferentes disciplinas, tais como: civil \/ estrutural, mec\u00e2nica, el\u00e9trica e instrumenta\u00e7\u00e3o, seguran\u00e7a, contratos, administra\u00e7\u00e3o, comissionamento, etc.<\/p>\n<p>Al\u00e9m de nossa experi\u00eancia, o forte foco nos objetivos do projeto e o trabalho conjunto que se refor\u00e7a mutuamente entre nossos profissionais de todos os departamentos diferentes, nos permite ser a solu\u00e7\u00e3o personalizada para os projetos de EPCM de nossos clientes.<\/p>\n<p>A SAXUM atua como representante do propriet\u00e1rio na condu\u00e7\u00e3o da Supervis\u00e3o do Local, Planejamento Abrangente do Projeto, Administra\u00e7\u00e3o de Contratos e Controle de Gest\u00e3o atrav\u00e9s do Controle de Custos e Recursos, envolvendo o Escrit\u00f3rio T\u00e9cnico de Campo, a Qualidade e sua equipe de Sa\u00fade, Seguran\u00e7a e Meio Ambiente para garantir que os problemas sejam resolvidos no prazo, garantindo um forte compromisso com a consecu\u00e7\u00e3o dos objetivos de custos, prazo e qualidade do produto final, \u00fanicos em cada projeto.<\/p>\n<p>A SAXUM possui procedimentos de gerenciamento de obras que permitem, entre outras coisas, padronizar as atividades da equipe de trabalho, otimizar o monitoramento do mestre do projeto, monitorar o andamento dos diferentes contratos de trabalho, controlar os custos do projeto e a qualidade da obra. trabalhos em execu\u00e7\u00e3o.<\/p>\n<h3>\n\tEsses procedimentos s\u00e3o respaldados pelas normas internacionais ISO 9001, ISO 14001 e ISO 45001, que distinguem nossa empresa pelo compromisso com a qualidade, o meio ambiente e a seguran\u00e7a.\n\t<\/h3>\n\t\t\t\t\t\t\t<img loading=\"lazy\" src=\"https:\/\/saxuming.net\/wp-content\/uploads\/2026\/01\/logo-normas-iso-9001-2026.png\" alt=\"logo-normas-iso-9001-2026\" itemprop=\"image\" height=\"279\" width=\"750\" title=\"logo-normas-iso-9001-2026\" onerror=\"this.style.display='none'\" srcset=\"data:image\/svg+xml;utf8,&lt;svg%20xmlns=&quot;http:\/\/www.w3.org\/2000\/svg&quot;%20viewBox=&quot;0%200%20750%20279&quot;%20height=&quot;279px&quot;%20width=&quot;750px&quot;\/&gt;\" data-srcset=\"https:\/\/saxuming.net\/wp-content\/uploads\/2026\/01\/logo-normas-iso-9001-2026.png 750w, https:\/\/saxuming.net\/wp-content\/uploads\/2026\/01\/logo-normas-iso-9001-2026-300x112.png 300w, https:\/\/saxuming.net\/wp-content\/uploads\/2026\/01\/logo-normas-iso-9001-2026-150x56.png 150w, https:\/\/saxuming.net\/wp-content\/uploads\/2026\/01\/logo-normas-iso-9001-2026-700x260.png 700w, https:\/\/saxuming.net\/wp-content\/uploads\/2026\/01\/logo-normas-iso-9001-2026-466x173.png 466w, https:\/\/saxuming.net\/wp-content\/uploads\/2026\/01\/logo-normas-iso-9001-2026-350x130.png 350w\" sizes=\"(max-width: 750px) 100vw, 750px\" \/>\t\t\t\t\t\t\t\n<h2>\n\tProcedimentos de Log\u00edstica e Expedi\u00e7\u00e3o\n\t<\/h2>\n\t<p>Nossa experiente equipe de Sourcing possui a capacidade e o portf\u00f3lio de fornecedores necess\u00e1rios para o planejamento, coordena\u00e7\u00e3o e gerenciamento de compras de todos os recursos necess\u00e1rios para o seu projeto, juntamente com a equipe de Log\u00edstica apropriada para garantir que os materiais e equipamentos estejam dispon\u00edveis aos p\u00e9s de o trabalho para garantir o cumprimento das datas RAS do programa de constru\u00e7\u00e3o.<\/p>\n<p>Al\u00e9m disso, a SAXUM oferece servi\u00e7os abrangentes de:<\/p>\n<ul>\n<li>Log\u00edstica abrangente e gest\u00e3o de Comex, totalmente focada em projetos de EPCM.<\/li>\n<li>Avalia\u00e7\u00e3o, desenvolvimento e gerenciamento de fornecedores sugeridos para log\u00edstica internacional, nacional e local.<\/li>\n<li>An\u00e1lise, planejamento e desenvolvimento de servi\u00e7os portu\u00e1rios e procedimentos aduaneiros, incluindo despachantes. Alf\u00e2ndega e estrat\u00e9gia de importa\u00e7\u00e3o. Configura\u00e7\u00e3o do modo inicial para importa\u00e7\u00f5es ou exporta\u00e7\u00f5es. An\u00e1lise e propostas geogr\u00e1ficas din\u00e2micas de zonas francas, dep\u00f3sitos fiscais e nacionais. Gest\u00e3o de Com\u00e9rcio Exterior. Servi\u00e7os de Importa\u00e7\u00e3o e Exporta\u00e7\u00e3o. Garantir a conformidade com pol\u00edticas ambientais, de seguran\u00e7a e qualidade.<\/li>\n<li>An\u00e1lise de origem \/ destino da infraestrutura ideal de porto, ar, terra e ferrovia para a entrada no pa\u00eds; bem como rotas internas \/ dom\u00e9sticas para garantir um suprimento de qualidade e seguran\u00e7a. Garantir o cumprimento das pol\u00edticas ambientais.<\/li>\n<li>\u00a0An\u00e1lise e revis\u00e3o de vias de acesso \u00e0s \u00e1reas do projeto, desenho de log\u00edstica estrat\u00e9gica de suprimentos e log\u00edstica reversa. Estudo dos centros globais de armazenamento e redistribui\u00e7\u00e3o, a fim de garantir suporte log\u00edstico adequado, garantindo o cumprimento das pol\u00edticas ambientais, de seguran\u00e7a e de rela\u00e7\u00f5es sociais da comunidade.<\/li>\n<li>\u00a0Servi\u00e7o e gerenciamento de despachante em n\u00edvel global, com capacidade para operar com cargas gerais, cargas perigosas e cargas pesadas extras ou fora das dimens\u00f5es padr\u00e3o. Equipamentos e profissionais com experi\u00eancia comprovada. Transporte polimodal: capacidade nacional e internacional, global em modalidades terrestres, incluindo transporte ferrovi\u00e1rio, mar\u00edtimo e a\u00e9reo. Garantir a conformidade com pol\u00edticas ambientais, de seguran\u00e7a e qualidade.<\/li>\n<li>\u00a0Assessoria em planos estrat\u00e9gicos de mobiliza\u00e7\u00e3o e desmobiliza\u00e7\u00e3o de parque de m\u00e1quinas e equipamentos. Fluxo de tr\u00e1fego e organiza\u00e7\u00e3o da matriz vi\u00e1ria de receitas \/ despesas dos locais. Garantir a conformidade com pol\u00edticas ambientais, de seguran\u00e7a e qualidade.<\/li>\n<li>Log\u00edstica de produ\u00e7\u00e3o no local. Gerenciamento e administra\u00e7\u00e3o do Parque de M\u00e1quinas, Equipamentos, frota de ve\u00edculos leves e pesados \u200b\u200be transporte de pessoas, durante a constru\u00e7\u00e3o e opera\u00e7\u00e3o. Tecnologias aplicadas e profissionais capazes de inspecionar e garantir manuten\u00e7\u00e3o preventiva, preditiva e corretiva. Gerenciamento de controle de custos e melhoria de desempenho. Administra\u00e7\u00e3o da Plataforma de Abastecimento de Combust\u00edvel. Garantir a conformidade com pol\u00edticas ambientais, de seguran\u00e7a e qualidade.<\/li>\n<\/ul>\n<h2>\n\tProcedimentos de Engenharia\n\t<\/h2>\n\t<p>A SAXUM possui uma equipe de engenheiros e profissionais com ampla experi\u00eancia e experi\u00eancia capazes de fornecer solu\u00e7\u00f5es abrangentes para as ind\u00fastrias. Com forte hist\u00f3rico nos setores de minera\u00e7\u00e3o, cimento, l\u00edtio, manufatura e petr\u00f3leo e g\u00e1s.<\/p>\n<p>Nossos profissionais nas disciplinas de Engenharia Civil e Estrutural, Mec\u00e2nica, Tubula\u00e7\u00e3o, El\u00e9trica e I&amp;C participam das diferentes etapas do seu projeto, desde a viabilidade at\u00e9 a engenharia detalhada da constru\u00e7\u00e3o, para ajud\u00e1-lo a atingir os objetivos de custo e prazo.<\/p>\n<p>\u00a0Ao padronizar os procedimentos, a SAXUM garante o cumprimento correto de cada uma das etapas do desenvolvimento de projetos de engenharia. Os procedimentos utilizados durante as fases de In\u00edcio, Planejamento, Desenvolvimento, Controle e Fechamento de cada um de nossos projetos s\u00e3o certificados de acordo com o Padr\u00e3o de Qualidade ISO 9001. Dessa forma, garantimos o gerenciamento mais eficiente e de qualidade de nossos servi\u00e7os.<\/p>\n<h3>\n\tA SAXUM, em seu processo de melhoria cont\u00ednua, adequou todos os procedimentos \u00e0s mais altas exig\u00eancias internacionais.\n\t<\/h3>\n\t\t\t\t\t\t\t<img loading=\"lazy\" src=\"https:\/\/saxuming.net\/wp-content\/uploads\/2026\/01\/logo-normas-iso-9001-2026.png\" alt=\"logo-normas-iso-9001-2026\" itemprop=\"image\" height=\"279\" width=\"750\" title=\"logo-normas-iso-9001-2026\" onerror=\"this.style.display='none'\" srcset=\"data:image\/svg+xml;utf8,&lt;svg%20xmlns=&quot;http:\/\/www.w3.org\/2000\/svg&quot;%20viewBox=&quot;0%200%20750%20279&quot;%20height=&quot;279px&quot;%20width=&quot;750px&quot;\/&gt;\" data-srcset=\"https:\/\/saxuming.net\/wp-content\/uploads\/2026\/01\/logo-normas-iso-9001-2026.png 750w, https:\/\/saxuming.net\/wp-content\/uploads\/2026\/01\/logo-normas-iso-9001-2026-300x112.png 300w, https:\/\/saxuming.net\/wp-content\/uploads\/2026\/01\/logo-normas-iso-9001-2026-150x56.png 150w, https:\/\/saxuming.net\/wp-content\/uploads\/2026\/01\/logo-normas-iso-9001-2026-700x260.png 700w, https:\/\/saxuming.net\/wp-content\/uploads\/2026\/01\/logo-normas-iso-9001-2026-466x173.png 466w, https:\/\/saxuming.net\/wp-content\/uploads\/2026\/01\/logo-normas-iso-9001-2026-350x130.png 350w\" sizes=\"(max-width: 750px) 100vw, 750px\" \/>\t\t\t\t\t\t\t\n<h2>\n\tProcedimentos de pr\u00e9-comissionamento e comissionamento\n\t<\/h2>\n\t<p>A SAXUM possui profissionais para realizar as tarefas de pr\u00e9-comiss\u00e1rio, comiss\u00e1rio e comissionamento de todos os sistemas mec\u00e2nicos, el\u00e9tricos e de instrumenta\u00e7\u00e3o e controle, realizando as verifica\u00e7\u00f5es e testes correspondentes em condi\u00e7\u00f5es espec\u00edficas, com pessoal altamente treinado e com vasta experi\u00eancia em campo, para garantir que os equipamentos e instala\u00e7\u00f5es do projeto foram constru\u00eddos de acordo com as diretrizes e documenta\u00e7\u00e3o detalhadas de engenharia da IFC.<\/p>\n<h3>\n\tTrabalhamos sob padr\u00f5es internacionais que fortalecem a confiabilidade, a transpar\u00eancia e a excel\u00eancia operacional em cada projeto.\n\t<\/h3>\n\t\t\t\t\t\t\t<img loading=\"lazy\" src=\"https:\/\/saxuming.net\/wp-content\/uploads\/2026\/01\/logo-normas-iso-9001-2026.png\" alt=\"logo-normas-iso-9001-2026\" itemprop=\"image\" height=\"279\" width=\"750\" title=\"logo-normas-iso-9001-2026\" onerror=\"this.style.display='none'\" srcset=\"data:image\/svg+xml;utf8,&lt;svg%20xmlns=&quot;http:\/\/www.w3.org\/2000\/svg&quot;%20viewBox=&quot;0%200%20750%20279&quot;%20height=&quot;279px&quot;%20width=&quot;750px&quot;\/&gt;\" data-srcset=\"https:\/\/saxuming.net\/wp-content\/uploads\/2026\/01\/logo-normas-iso-9001-2026.png 750w, https:\/\/saxuming.net\/wp-content\/uploads\/2026\/01\/logo-normas-iso-9001-2026-300x112.png 300w, https:\/\/saxuming.net\/wp-content\/uploads\/2026\/01\/logo-normas-iso-9001-2026-150x56.png 150w, https:\/\/saxuming.net\/wp-content\/uploads\/2026\/01\/logo-normas-iso-9001-2026-700x260.png 700w, https:\/\/saxuming.net\/wp-content\/uploads\/2026\/01\/logo-normas-iso-9001-2026-466x173.png 466w, https:\/\/saxuming.net\/wp-content\/uploads\/2026\/01\/logo-normas-iso-9001-2026-350x130.png 350w\" sizes=\"(max-width: 750px) 100vw, 750px\" \/>\t\t\t\t\t\t\t\n\n<\/div><!-- .vgblk-rw-wrapper -->","protected":false},"excerpt":{"rendered":"<p>Protocolo de \u00c9tica e Conduta A SAXUM est\u00e1 presente na prov\u00edncia de Santa Cruz h\u00e1 muitos anos, na execu\u00e7\u00e3o de v\u00e1rios projetos. Ele teve e teve contato com a comunidade local, bem como com os grupos de profissionais (temos funcion\u00e1rios registrados na CPAIA). Na \u00e1rea espec\u00edfica de Perito Moreno, colaboramos com o projeto Perito Moreno,&#8230;<\/p>\n","protected":false},"author":1,"featured_media":0,"parent":0,"menu_order":0,"comment_status":"closed","ping_status":"closed","template":"","meta":{"inline_featured_image":false},"jetpack_sharing_enabled":true,"_links":{"self":[{"href":"https:\/\/saxuming.net\/pt-br\/wp-json\/wp\/v2\/pages\/20096"}],"collection":[{"href":"https:\/\/saxuming.net\/pt-br\/wp-json\/wp\/v2\/pages"}],"about":[{"href":"https:\/\/saxuming.net\/pt-br\/wp-json\/wp\/v2\/types\/page"}],"author":[{"embeddable":true,"href":"https:\/\/saxuming.net\/pt-br\/wp-json\/wp\/v2\/users\/1"}],"replies":[{"embeddable":true,"href":"https:\/\/saxuming.net\/pt-br\/wp-json\/wp\/v2\/comments?post=20096"}],"version-history":[{"count":4,"href":"https:\/\/saxuming.net\/pt-br\/wp-json\/wp\/v2\/pages\/20096\/revisions"}],"predecessor-version":[{"id":24554,"href":"https:\/\/saxuming.net\/pt-br\/wp-json\/wp\/v2\/pages\/20096\/revisions\/24554"}],"wp:attachment":[{"href":"https:\/\/saxuming.net\/pt-br\/wp-json\/wp\/v2\/media?parent=20096"}],"curies":[{"name":"wp","href":"https:\/\/api.w.org\/{rel}","templated":true}]}}