{"id":19980,"date":"2020-09-23T21:17:39","date_gmt":"2020-09-24T00:17:39","guid":{"rendered":"https:\/\/saxuming.net\/?page_id=19980"},"modified":"2024-09-08T05:25:13","modified_gmt":"2024-09-08T08:25:13","slug":"quienes-somos","status":"publish","type":"page","link":"https:\/\/saxuming.net\/pt-br\/quienes-somos\/","title":{"rendered":"Quienes Somos"},"content":{"rendered":"<div class=\"vgblk-rw-wrapper limit-wrapper\">\n<h2>\n\tHist\u00f3ria\n\t<\/h2>\n\t<p>A SAXUM iniciou suas atividades em 1996, prestando servi\u00e7os de alto n\u00edvel de engenharia e gerenciamento de projetos para a ind\u00fastria.<\/p>\n<p>Nossa experi\u00eancia internacional e servi\u00e7os de engenharia de valor agregado, incluindo processos metal\u00fargicos, l\u00edtio e cimento \/ cal, engenharia mec\u00e2nica, de tubula\u00e7\u00e3o, civil, estrutural, el\u00e9trica, automa\u00e7\u00e3o e controle, bem como em gerenciamento de projeto \/ constru\u00e7\u00e3o para a minera\u00e7\u00e3o, cimento \/ cal , as ind\u00fastrias de gr\u00e3os \/ sementes, manufatura e infraestrutura nos permitem atender a uma crescente e destacada clientela internacional.<\/p>\n<p>Nossos procedimentos de gerenciamento de projetos t\u00eam demonstrado alta efic\u00e1cia para atender \u00e0s necessidades dos clientes e, ao mesmo tempo, atingir as metas exigentes de seus projetos. Esses recursos exclusivos permitiram que a SAXUM se envolvesse nos projetos mais relevantes das ind\u00fastrias que atendemos e respondesse adequadamente \u00e0s crescentes demandas de nossos clientes em todo o mundo.<\/p>\n\t\t<h3>Veja a apresenta\u00e7\u00e3o da empresa<\/h3>\n\t\t<p>O folheto da nossa empresa em PDF<\/p>\u00a0\n\t<a href=\"https:\/\/saxuming.net\/wp-content\/uploads\/2024\/09\/SAXUM-Company-Presentation_web.pdf\" target=\"_blank\" role=\"button\" rel=\"noopener\">\n\t\t\t\t\tBaixar\n\t<\/a>\n\n<h2>\n\tNossos valores\n\t<\/h2>\n\t\t\t\t\t\t\t<img loading=\"lazy\" src=\"https:\/\/saxuming.net\/wp-content\/uploads\/2024\/06\/engineering-saxum-icon-safety.png\" alt=\"engineering saxum-icon-safety\" itemprop=\"image\" height=\"371\" width=\"300\" title=\"engineering saxum-icon-safety\" onerror=\"this.style.display='none'\"  sizes=\"(max-width: 768px) 100vw, 100vw\" srcset=\"data:image\/svg+xml;utf8,&lt;svg%20xmlns=&quot;http:\/\/www.w3.org\/2000\/svg&quot;%20viewBox=&quot;0%200%20300%20371&quot;%20height=&quot;371px&quot;%20width=&quot;300px&quot;\/&gt;\" data-srcset=\"https:\/\/saxuming.net\/wp-content\/uploads\/2024\/06\/engineering-saxum-icon-safety.png 300w, https:\/\/saxuming.net\/wp-content\/uploads\/2024\/06\/engineering-saxum-icon-safety-243x300.png 243w\" \/>\t\t\t\t\t\t\t\n<h3>\n\tQualidade\n\t<\/h3>\n\t<p>Nosso compromisso com a qualidade garante que cada projeto, desde a concep\u00e7\u00e3o at\u00e9 a conclus\u00e3o, seja executado com precis\u00e3o, confiabilidade e com foco na melhoria cont\u00ednua.<\/p>\n\t\t\t\t\t\t\t<img loading=\"lazy\" src=\"https:\/\/saxuming.net\/wp-content\/uploads\/2024\/06\/engineering-saxum-icon-cliente-focus.png\" alt=\"engineering saxum-icon-cliente-focus\" itemprop=\"image\" height=\"173\" width=\"300\" title=\"engineering saxum-icon-cliente-focus\" onerror=\"this.style.display='none'\"  sizes=\"(max-width: 768px) 100vw, 100vw\"\/>\t\t\t\t\t\t\t\n<h3>\n\tFoco no Cliente\n\t<\/h3>\n\t<p>Priorizamos as necessidades e objetivos de nossos clientes em cada etapa do projeto. Estamos focados em oferecer solu\u00e7\u00f5es confi\u00e1veis \u200b\u200be de alta qualidade, adaptadas aos desafios e objetivos espec\u00edficos de cada cliente.<\/p>\n\t\t\t\t\t\t\t<img loading=\"lazy\" src=\"https:\/\/saxuming.net\/wp-content\/uploads\/2024\/06\/engineering-saxum-icon-our-people.png\" alt=\"engineering saxum-icon-our-people\" itemprop=\"image\" height=\"300\" width=\"300\" title=\"engineering saxum-icon-our-people\" onerror=\"this.style.display='none'\"  sizes=\"(max-width: 768px) 100vw, 100vw\" srcset=\"data:image\/svg+xml;utf8,&lt;svg%20xmlns=&quot;http:\/\/www.w3.org\/2000\/svg&quot;%20viewBox=&quot;0%200%20300%20300&quot;%20height=&quot;300px&quot;%20width=&quot;300px&quot;\/&gt;\" data-srcset=\"https:\/\/saxuming.net\/wp-content\/uploads\/2024\/06\/engineering-saxum-icon-our-people.png 300w, https:\/\/saxuming.net\/wp-content\/uploads\/2024\/06\/engineering-saxum-icon-our-people-150x150.png 150w, https:\/\/saxuming.net\/wp-content\/uploads\/2024\/06\/engineering-saxum-icon-our-people-100x100.png 100w\" \/>\t\t\t\t\t\t\t\n<h3>\n\tNossa Gente\n\t<\/h3>\n\t<p>Nossa for\u00e7a est\u00e1 na diversidade, nas habilidades e na paix\u00e3o de nossa equipe. Investimos na promo\u00e7\u00e3o de um ambiente inclusivo onde cada funcion\u00e1rio \u00e9 valorizado, capacitado para crescer profissionalmente e incentivado a inovar.<\/p>\n\t\t\t\t\t\t\t<img loading=\"lazy\" src=\"https:\/\/saxuming.net\/wp-content\/uploads\/2024\/06\/engineering-saxum-icon-ingnius-solutions.png\" alt=\"engineering saxum-icon-ingnius-solutions\" itemprop=\"image\" height=\"299\" width=\"300\" title=\"engineering saxum-icon-ingnius-solutions\" onerror=\"this.style.display='none'\"  sizes=\"(max-width: 768px) 100vw, 100vw\" srcset=\"data:image\/svg+xml;utf8,&lt;svg%20xmlns=&quot;http:\/\/www.w3.org\/2000\/svg&quot;%20viewBox=&quot;0%200%20300%20299&quot;%20height=&quot;299px&quot;%20width=&quot;300px&quot;\/&gt;\" data-srcset=\"https:\/\/saxuming.net\/wp-content\/uploads\/2024\/06\/engineering-saxum-icon-ingnius-solutions.png 300w, https:\/\/saxuming.net\/wp-content\/uploads\/2024\/06\/engineering-saxum-icon-ingnius-solutions-150x150.png 150w, https:\/\/saxuming.net\/wp-content\/uploads\/2024\/06\/engineering-saxum-icon-ingnius-solutions-100x100.png 100w\" \/>\t\t\t\t\t\t\t\n<h3>\n\tSolu\u00e7\u00f5es engenhosas\n\t<\/h3>\n\t<p>N\u00f3s prosperamos atrav\u00e9s da criatividade e engenhosidade, buscando solu\u00e7\u00f5es inovadoras e eficientes para os problemas mais desafiadores. Combinamos a mais recente tecnologia com experi\u00eancia pr\u00e1tica e profundo conhecimento do setor.<\/p>\n\t\t\t\t\t\t\t<img loading=\"lazy\" src=\"https:\/\/saxuming.net\/wp-content\/uploads\/2024\/06\/engineering-saxum-icon-integrity.png\" alt=\"engineering saxum-icon-integrity\" itemprop=\"image\" height=\"291\" width=\"300\" title=\"engineering saxum-icon-integrity\" onerror=\"this.style.display='none'\"  sizes=\"(max-width: 768px) 100vw, 100vw\"\/>\t\t\t\t\t\t\t\n<h3>\n\tIntegridade\n\t<\/h3>\n\t<p>Mantemos os mais altos padr\u00f5es de \u00e9tica e transpar\u00eancia em todos os nossos relacionamentos. A integridade \u00e9 a base de nossas pr\u00e1ticas comerciais, garantindo uma conduta honesta e justa.<\/p>\n<h3>\n\tVis\u00e3o\n\t<\/h3>\n\t<p>Melhorar os resultados financieiros dos nossos clientes a trav\u00e9s de solu\u00e7\u00f5es eficientes de engenharia e gerenciamento, e estimativas de custo e planejamento precisos, em qualquer momento e em qualquer lugar. <\/p>\n<h3>\n\tMiss\u00e3o\n\t<\/h3>\n\t<p>Fornecer servi\u00e7os de engenharia e gerenciamento de projetos\/constru\u00e7\u00e3o de alta qualidade, precisos e econ\u00f4micos para a ind\u00fastria por meio do aprimoramento cont\u00ednuo de nossos profissionais at\u00e9 que a excel\u00eancia seja alcan\u00e7ada.<\/p>\n<h2>\n\tOficinas\n\t<\/h2>\n\t\t\t\t\t\t\t<img loading=\"lazy\" src=\"https:\/\/saxuming.net\/wp-content\/uploads\/2020\/11\/offices-02.jpg\" alt=\"offices-02\" itemprop=\"image\" height=\"963\" width=\"1600\" title=\"offices-02\" onerror=\"this.style.display='none'\"  sizes=\"(max-width: 768px) 100vw, 100vw\" srcset=\"data:image\/svg+xml;utf8,&lt;svg%20xmlns=&quot;http:\/\/www.w3.org\/2000\/svg&quot;%20viewBox=&quot;0%200%201600%20963&quot;%20height=&quot;963px&quot;%20width=&quot;1600px&quot;\/&gt;\" data-srcset=\"https:\/\/saxuming.net\/wp-content\/uploads\/2020\/11\/offices-02.jpg 1600w, https:\/\/saxuming.net\/wp-content\/uploads\/2020\/11\/offices-02-300x181.jpg 300w, https:\/\/saxuming.net\/wp-content\/uploads\/2020\/11\/offices-02-1024x616.jpg 1024w, https:\/\/saxuming.net\/wp-content\/uploads\/2020\/11\/offices-02-768x462.jpg 768w, https:\/\/saxuming.net\/wp-content\/uploads\/2020\/11\/offices-02-1536x924.jpg 1536w, https:\/\/saxuming.net\/wp-content\/uploads\/2020\/11\/offices-02-1400x843.jpg 1400w, https:\/\/saxuming.net\/wp-content\/uploads\/2020\/11\/offices-02-700x421.jpg 700w, https:\/\/saxuming.net\/wp-content\/uploads\/2020\/11\/offices-02-466x280.jpg 466w, https:\/\/saxuming.net\/wp-content\/uploads\/2020\/11\/offices-02-933x562.jpg 933w, https:\/\/saxuming.net\/wp-content\/uploads\/2020\/11\/offices-02-350x211.jpg 350w\" \/>\t\t\t\t\t\t\t\n<h2>\n\tOrganization<br \/> <strong>chart<\/strong>\n\t<\/h2>\n<h5>\n\tSAXUM Ingenier\u00eda S.A. &#8211; South America\n\t<\/h5>\n\t\t\t\t<a href=\"https:\/\/saxuming.net\/pt-br\/quienes-somos\/organization-chart-south-america-cement-saxum-mineria-industria-construccion-empresas-ingenieria-argentina-litio-cementera-2-2\/\" target=\"_self\" itemprop=\"url\" title=\"organization-chart-south-america-cement-saxum-mineria-industria-construccion-empresas-ingenier\u00eda-argentina-litio-cementera\" rel=\"noopener\">\n\t\t\t\t\t\t\t<img loading=\"lazy\" src=\"https:\/\/saxuming.net\/wp-content\/uploads\/2020\/06\/organization-chart-south-america-cement-saxum-mineria-industria-construccion-empresas-ingenier\u00eda-argentina-litio-cementera-1.jpg\" alt=\"organization-chart-south-america-cement-saxum-mineria-industria-construccion-empresas-ingenier\u00eda-argentina-litio-cementera\" itemprop=\"image\" height=\"904\" width=\"1600\" data-link-type=\"page\" title=\"organization-chart-south-america-cement-saxum-mineria-industria-construccion-empresas-ingenier\u00eda-argentina-litio-cementera\" onerror=\"this.style.display='none'\"  sizes=\"(max-width: 768px) 100vw, 100vw\" srcset=\"data:image\/svg+xml;utf8,&lt;svg%20xmlns=&quot;http:\/\/www.w3.org\/2000\/svg&quot;%20viewBox=&quot;0%200%201600%20904&quot;%20height=&quot;904px&quot;%20width=&quot;1600px&quot;\/&gt;\" data-srcset=\"https:\/\/saxuming.net\/wp-content\/uploads\/2020\/06\/organization-chart-south-america-cement-saxum-mineria-industria-construccion-empresas-ingenier\u00eda-argentina-litio-cementera-1.jpg 1600w, https:\/\/saxuming.net\/wp-content\/uploads\/2020\/06\/organization-chart-south-america-cement-saxum-mineria-industria-construccion-empresas-ingenier\u00eda-argentina-litio-cementera-1-300x170.jpg 300w, https:\/\/saxuming.net\/wp-content\/uploads\/2020\/06\/organization-chart-south-america-cement-saxum-mineria-industria-construccion-empresas-ingenier\u00eda-argentina-litio-cementera-1-1024x579.jpg 1024w, https:\/\/saxuming.net\/wp-content\/uploads\/2020\/06\/organization-chart-south-america-cement-saxum-mineria-industria-construccion-empresas-ingenier\u00eda-argentina-litio-cementera-1-768x434.jpg 768w, https:\/\/saxuming.net\/wp-content\/uploads\/2020\/06\/organization-chart-south-america-cement-saxum-mineria-industria-construccion-empresas-ingenier\u00eda-argentina-litio-cementera-1-1536x868.jpg 1536w, https:\/\/saxuming.net\/wp-content\/uploads\/2020\/06\/organization-chart-south-america-cement-saxum-mineria-industria-construccion-empresas-ingenier\u00eda-argentina-litio-cementera-1-1400x791.jpg 1400w, https:\/\/saxuming.net\/wp-content\/uploads\/2020\/06\/organization-chart-south-america-cement-saxum-mineria-industria-construccion-empresas-ingenier\u00eda-argentina-litio-cementera-1-700x396.jpg 700w, https:\/\/saxuming.net\/wp-content\/uploads\/2020\/06\/organization-chart-south-america-cement-saxum-mineria-industria-construccion-empresas-ingenier\u00eda-argentina-litio-cementera-1-466x263.jpg 466w, https:\/\/saxuming.net\/wp-content\/uploads\/2020\/06\/organization-chart-south-america-cement-saxum-mineria-industria-construccion-empresas-ingenier\u00eda-argentina-litio-cementera-1-933x527.jpg 933w, https:\/\/saxuming.net\/wp-content\/uploads\/2020\/06\/organization-chart-south-america-cement-saxum-mineria-industria-construccion-empresas-ingenier\u00eda-argentina-litio-cementera-1-350x198.jpg 350w\" \/>\t\t\t\t\t\t<\/a>\n<h5>\n\tSAXUM Engineered Solutions LLC. &#8211; North America\n\t<\/h5>\n\t\t\t\t<a href=\"https:\/\/saxuming.net\/pt-br\/quienes-somos\/organization-chart-north-america-cement-saxum-mineria-industria-construccion-empresas-ingenieria-argentina-litio-cementera-2\/\" target=\"_self\" itemprop=\"url\" title=\"organization-chart-north-america-cement-saxum-mineria-industria-construccion-empresas-ingenier\u00eda-argentina-litio-cementera\" rel=\"noopener\">\n\t\t\t\t\t\t\t<img loading=\"lazy\" src=\"https:\/\/saxuming.net\/wp-content\/uploads\/2020\/06\/organization-chart-north-america-cement-saxum-mineria-industria-construccion-empresas-ingenier\u00eda-argentina-litio-cementera.jpg\" alt=\"organization-chart-north-america-cement-saxum-mineria-industria-construccion-empresas-ingenier\u00eda-argentina-litio-cementera\" itemprop=\"image\" height=\"904\" width=\"1600\" data-link-type=\"page\" title=\"organization-chart-north-america-cement-saxum-mineria-industria-construccion-empresas-ingenier\u00eda-argentina-litio-cementera\" onerror=\"this.style.display='none'\"  sizes=\"(max-width: 768px) 100vw, 100vw\" srcset=\"data:image\/svg+xml;utf8,&lt;svg%20xmlns=&quot;http:\/\/www.w3.org\/2000\/svg&quot;%20viewBox=&quot;0%200%201600%20904&quot;%20height=&quot;904px&quot;%20width=&quot;1600px&quot;\/&gt;\" data-srcset=\"https:\/\/saxuming.net\/wp-content\/uploads\/2020\/06\/organization-chart-north-america-cement-saxum-mineria-industria-construccion-empresas-ingenier\u00eda-argentina-litio-cementera.jpg 1600w, https:\/\/saxuming.net\/wp-content\/uploads\/2020\/06\/organization-chart-north-america-cement-saxum-mineria-industria-construccion-empresas-ingenier\u00eda-argentina-litio-cementera-300x170.jpg 300w, https:\/\/saxuming.net\/wp-content\/uploads\/2020\/06\/organization-chart-north-america-cement-saxum-mineria-industria-construccion-empresas-ingenier\u00eda-argentina-litio-cementera-1024x579.jpg 1024w, https:\/\/saxuming.net\/wp-content\/uploads\/2020\/06\/organization-chart-north-america-cement-saxum-mineria-industria-construccion-empresas-ingenier\u00eda-argentina-litio-cementera-768x434.jpg 768w, https:\/\/saxuming.net\/wp-content\/uploads\/2020\/06\/organization-chart-north-america-cement-saxum-mineria-industria-construccion-empresas-ingenier\u00eda-argentina-litio-cementera-1536x868.jpg 1536w, https:\/\/saxuming.net\/wp-content\/uploads\/2020\/06\/organization-chart-north-america-cement-saxum-mineria-industria-construccion-empresas-ingenier\u00eda-argentina-litio-cementera-1400x791.jpg 1400w, https:\/\/saxuming.net\/wp-content\/uploads\/2020\/06\/organization-chart-north-america-cement-saxum-mineria-industria-construccion-empresas-ingenier\u00eda-argentina-litio-cementera-700x396.jpg 700w, https:\/\/saxuming.net\/wp-content\/uploads\/2020\/06\/organization-chart-north-america-cement-saxum-mineria-industria-construccion-empresas-ingenier\u00eda-argentina-litio-cementera-466x263.jpg 466w, https:\/\/saxuming.net\/wp-content\/uploads\/2020\/06\/organization-chart-north-america-cement-saxum-mineria-industria-construccion-empresas-ingenier\u00eda-argentina-litio-cementera-933x527.jpg 933w, https:\/\/saxuming.net\/wp-content\/uploads\/2020\/06\/organization-chart-north-america-cement-saxum-mineria-industria-construccion-empresas-ingenier\u00eda-argentina-litio-cementera-350x198.jpg 350w\" \/>\t\t\t\t\t\t<\/a>\n\n<\/div><!-- .vgblk-rw-wrapper -->","protected":false},"excerpt":{"rendered":"<p>Hist\u00f3ria A SAXUM iniciou suas atividades em 1996, prestando servi\u00e7os de alto n\u00edvel de engenharia e gerenciamento de projetos para a ind\u00fastria. Nossa experi\u00eancia internacional e servi\u00e7os de engenharia de valor agregado, incluindo processos metal\u00fargicos, l\u00edtio e cimento \/ cal, engenharia mec\u00e2nica, de tubula\u00e7\u00e3o, civil, estrutural, el\u00e9trica, automa\u00e7\u00e3o e controle, bem como em gerenciamento de&#8230;<\/p>\n","protected":false},"author":1,"featured_media":0,"parent":0,"menu_order":0,"comment_status":"closed","ping_status":"closed","template":"","meta":{"inline_featured_image":false},"jetpack_sharing_enabled":true,"_links":{"self":[{"href":"https:\/\/saxuming.net\/pt-br\/wp-json\/wp\/v2\/pages\/19980"}],"collection":[{"href":"https:\/\/saxuming.net\/pt-br\/wp-json\/wp\/v2\/pages"}],"about":[{"href":"https:\/\/saxuming.net\/pt-br\/wp-json\/wp\/v2\/types\/page"}],"author":[{"embeddable":true,"href":"https:\/\/saxuming.net\/pt-br\/wp-json\/wp\/v2\/users\/1"}],"replies":[{"embeddable":true,"href":"https:\/\/saxuming.net\/pt-br\/wp-json\/wp\/v2\/comments?post=19980"}],"version-history":[{"count":9,"href":"https:\/\/saxuming.net\/pt-br\/wp-json\/wp\/v2\/pages\/19980\/revisions"}],"predecessor-version":[{"id":23966,"href":"https:\/\/saxuming.net\/pt-br\/wp-json\/wp\/v2\/pages\/19980\/revisions\/23966"}],"wp:attachment":[{"href":"https:\/\/saxuming.net\/pt-br\/wp-json\/wp\/v2\/media?parent=19980"}],"curies":[{"name":"wp","href":"https:\/\/api.w.org\/{rel}","templated":true}]}}