{"id":23441,"date":"2023-09-27T19:42:45","date_gmt":"2023-09-27T22:42:45","guid":{"rendered":"https:\/\/saxuming.net\/careers\/"},"modified":"2025-08-17T23:37:14","modified_gmt":"2025-08-18T02:37:14","slug":"empleo","status":"publish","type":"page","link":"https:\/\/saxuming.net\/es\/empleo\/","title":{"rendered":"Empleo"},"content":{"rendered":"<div class=\"vgblk-rw-wrapper limit-wrapper\">\n<h2>\n\tPorqu\u00e9 SAXUM?\n\t<\/h2>\n\t<p>En SAXUM, tendr\u00e1s acceso a una cartera de proyectos din\u00e1mica, desafiante e internacional alrededor del mundo. Te ayudaremos a acelerar su carrera siendo parte de un incre\u00edble equipo de cerca de 150 talentosos y ambiciosos profesionales, que trabajan en nuestras oficinas de Argentina, Brasil, Estados Unidos y Australia.<\/p>\n\t<a href=\"https:\/\/saxuming.net\/es\/proyectos\/\" target=\"_self\" role=\"button\" rel=\"noopener\">\n\t\t\t\t\tNuestros Proyectos\n\t<\/a>\n\t<a href=\"https:\/\/saxuming.net\/es\/nuestro-equipo\/\" target=\"_self\" role=\"button\" rel=\"noopener\">\n\t\t\t\t\tNuestro Equipo\n\t<\/a>\n<h2>\n\t\u00bfBuscando oportunidades laborales?\n\t<\/h2>\n\t<p>Browse our job listings for opportunities that match your skillset.<\/p>\n\t<a href=\"https:\/\/www.livehire.com\/careers\/saxum\/jobs\" target=\"_blank\" role=\"button\" rel=\"noopener\">\n\t\t\t\t\tAplica aqui\n\t<\/a>\n\t<a href=\"https:\/\/www.livehire.com\/talent\/community\/saxum\/contact\" target=\"_blank\" role=\"button\" rel=\"noopener\">\n\t\t\t\t\tUnite a Nuestra Comunidad de Talentos\n\t<\/a>\n\n<\/div><!-- .vgblk-rw-wrapper -->","protected":false},"excerpt":{"rendered":"<p>Porqu\u00e9 SAXUM? En SAXUM, tendr\u00e1s acceso a una cartera de proyectos din\u00e1mica, desafiante e internacional alrededor del mundo. Te ayudaremos a acelerar su carrera siendo parte de un incre\u00edble equipo de cerca de 150 talentosos y ambiciosos profesionales, que trabajan en nuestras oficinas de Argentina, Brasil, Estados Unidos y Australia. Nuestros Proyectos Nuestro Equipo \u00bfBuscando&#8230;<\/p>\n","protected":false},"author":1,"featured_media":0,"parent":0,"menu_order":0,"comment_status":"closed","ping_status":"closed","template":"","meta":{"inline_featured_image":false},"jetpack_sharing_enabled":true,"_links":{"self":[{"href":"https:\/\/saxuming.net\/es\/wp-json\/wp\/v2\/pages\/23441"}],"collection":[{"href":"https:\/\/saxuming.net\/es\/wp-json\/wp\/v2\/pages"}],"about":[{"href":"https:\/\/saxuming.net\/es\/wp-json\/wp\/v2\/types\/page"}],"author":[{"embeddable":true,"href":"https:\/\/saxuming.net\/es\/wp-json\/wp\/v2\/users\/1"}],"replies":[{"embeddable":true,"href":"https:\/\/saxuming.net\/es\/wp-json\/wp\/v2\/comments?post=23441"}],"version-history":[{"count":8,"href":"https:\/\/saxuming.net\/es\/wp-json\/wp\/v2\/pages\/23441\/revisions"}],"predecessor-version":[{"id":24355,"href":"https:\/\/saxuming.net\/es\/wp-json\/wp\/v2\/pages\/23441\/revisions\/24355"}],"wp:attachment":[{"href":"https:\/\/saxuming.net\/es\/wp-json\/wp\/v2\/media?parent=23441"}],"curies":[{"name":"wp","href":"https:\/\/api.w.org\/{rel}","templated":true}]}}