{"id":20651,"date":"2020-11-18T20:11:12","date_gmt":"2020-11-18T23:11:12","guid":{"rendered":"https:\/\/saxuming.net\/industrias\/iron-steel\/"},"modified":"2020-11-19T01:13:38","modified_gmt":"2020-11-19T04:13:38","slug":"hierro-y-acero","status":"publish","type":"page","link":"https:\/\/saxuming.net\/es\/industrias\/hierro-y-acero\/","title":{"rendered":"Hierro y Acero"},"content":{"rendered":"<div class=\"vgblk-rw-wrapper limit-wrapper\"><h2>\n\tHierro y Acero\n\t<\/h2>\n\t<p>SAXUM Engineering ofrece una amplia gama de servicios de ingenier\u00eda para la industria del hierro y el acero, tanto para rutas de proceso integradas como para miniacer\u00edas, desde materias primas, fabricaci\u00f3n de hierro, siderurgia, refinaci\u00f3n, fundici\u00f3n y laminaci\u00f3n de productos planos y largos y procesamiento posterior.<\/p>\n<p>Nuestros servicios incluyen estudios de alcance y viabilidad, an\u00e1lisis de compensaciones, evaluaciones de procesos y operaciones, materias primas, energ\u00eda y evaluaciones y optimizaci\u00f3n del valor en uso, ingenier\u00eda conceptual, b\u00e1sica y detallada en todas las disciplinas, incluidas civil y estructural, mec\u00e1nica y tuber\u00edas, e ingenier\u00eda el\u00e9ctrica, instrumentaci\u00f3n y control.<\/p>\n<p>El equipo de ingenier\u00eda de SAXUM utiliza el software computacional m\u00e1s eficiente y completo para desarrollar dise\u00f1os de ingenier\u00eda en entornos totalmente 3D, lo que permite una integraci\u00f3n precisa entre los dise\u00f1os de todas las diferentes disciplinas t\u00e9cnicas. Adem\u00e1s, el enfoque de ingenier\u00eda de SAXUM para los proyectos de hierro y acero se centra en los aspectos de constructibilidad y la ingenier\u00eda de valor a trav\u00e9s de dise\u00f1os rentables.<\/p>\n<p>Nuestros equipos de ingenier\u00eda en cada proyecto est\u00e1n dirigidos y coordinados por Gerentes de Proyecto, Controladores de Proyecto y Supervisores de QA \/ QC altamente experimentados y especializados; Adem\u00e1s, los servicios de gesti\u00f3n de adquisiciones y construcci\u00f3n de SAXUM brindan a los proyectos toda la experiencia necesaria desde el desarrollo inicial de procesos y operaciones hasta su finalizaci\u00f3n exitosa. Nuestro equipo de Direcci\u00f3n de Obra sigue los m\u00e9todos, estrategias de construcci\u00f3n y controles presupuestarios m\u00e1s eficientes, ya que est\u00e1 compuesto por profesionales multidisciplinarios para permitir la coordinaci\u00f3n de todas las disciplinas involucradas incluyendo seguridad, calidad, seguimiento de contratos, administraci\u00f3n, comisionamiento y puesta en marcha. Por lo tanto, SAXUM se encuentra en una posici\u00f3n \u00fanica para brindar servicios EPCM completos y generales.<\/p>\n<h3>\n\tNUESTROS SERVICIOS\n\t<\/h3>\n<h3>\n\tLOS SERVICIOS DE INGENIER\u00cdA MULTIDISCIPLINA DE SAXUM PARA LA INDUSTRIA DEL HIERRO Y DEL ACERO PARA LOS PROYECTOS BROWNFIELD Y GREENFIELD SON:\n\t<\/h3>\n\t\t<h3>Descargar Brochure de Hierro y Acero<\/h3>\n\t\t<p>Nuestro brochure completo en formato PDF<\/p>\u00a0\n\t<a href=\"\/wp-content\/uploads\/2020\/11\/SAXUM-Iron-Steel-Flyer.pdf\" target=\"_blank\" role=\"button\" rel=\"noopener noreferrer\">\n\t\t\t\t\tDescargar\n\t<\/a>\n<style>\n\t\t<\/style>\n<section>\n\t\t\t\t<a href=\"https:\/\/saxuming.net\/es\/portfolio\/tecpetrol\/\" target=\"_self\" rel=\"noopener noreferrer\">\n\t\t\t\t\t\t\t\tTecpetrol\t\t\t\t\t\t\t\n\t\t\t\t\t\t\t\t\t\t\t\t\t\t\t\t\t\t\tLocation: &#8211;\n\t\t\t\t<\/a>\n\t\t\t\t<a href=\"https:\/\/saxuming.net\/es\/portfolio\/tecpetrol\/\">Read more &rarr;<\/a>\n\t\t\t\t\t\t\t\t\t<a href=\"https:\/\/saxuming.net\/es\/portfolio\/tecpetrol\/\" target=\"_self\" rel=\"noopener noreferrer\">\n\t\t\t\t\t\t\t<img width=\"350\" height=\"269\" src=\"https:\/\/saxuming.net\/wp-content\/uploads\/2020\/05\/Tecpetrol-saxum-mineria-industria-construccion-empresas-ingenieria-argentina-litio-cementera-350x269.jpg\" alt=\"\" loading=\"lazy\" srcset=\"data:image\/svg+xml;utf8,&lt;svg%20xmlns=&quot;http:\/\/www.w3.org\/2000\/svg&quot;%20viewBox=&quot;0%200%20350%20269&quot;%20height=&quot;269px&quot;%20width=&quot;350px&quot;\/&gt;\" data-srcset=\"https:\/\/saxuming.net\/wp-content\/uploads\/2020\/05\/Tecpetrol-saxum-mineria-industria-construccion-empresas-ingenieria-argentina-litio-cementera-350x269.jpg 350w, https:\/\/saxuming.net\/wp-content\/uploads\/2020\/05\/Tecpetrol-saxum-mineria-industria-construccion-empresas-ingenieria-argentina-litio-cementera-700x538.jpg 700w, https:\/\/saxuming.net\/wp-content\/uploads\/2020\/05\/Tecpetrol-saxum-mineria-industria-construccion-empresas-ingenieria-argentina-litio-cementera-466x358.jpg 466w\" sizes=\"(min-width: 900px) 50vw, 100vw\" data-attachment-id=\"19691\" data-permalink=\"https:\/\/saxuming.net\/es\/portfolio\/pluspetrol-2\/tecpetrol-saxum-mineria-industria-construccion-empresas-ingenieria-argentina-litio-cementera\/\" data-orig-file=\"https:\/\/saxuming.net\/wp-content\/uploads\/2020\/05\/Tecpetrol-saxum-mineria-industria-construccion-empresas-ingenieria-argentina-litio-cementera.jpg\" data-orig-size=\"1200,675\" data-comments-opened=\"0\" data-image-meta=\"{&quot;aperture&quot;:&quot;0&quot;,&quot;credit&quot;:&quot;&quot;,&quot;camera&quot;:&quot;&quot;,&quot;caption&quot;:&quot;&quot;,&quot;created_timestamp&quot;:&quot;0&quot;,&quot;copyright&quot;:&quot;&quot;,&quot;focal_length&quot;:&quot;0&quot;,&quot;iso&quot;:&quot;0&quot;,&quot;shutter_speed&quot;:&quot;0&quot;,&quot;title&quot;:&quot;&quot;,&quot;orientation&quot;:&quot;0&quot;}\" data-image-title=\"Tecpetrol -saxum-mineria-industria-construccion-empresas-ingenieria-argentina-litio-cementera\" data-image-description=\"\" data-medium-file=\"https:\/\/saxuming.net\/wp-content\/uploads\/2020\/05\/Tecpetrol-saxum-mineria-industria-construccion-empresas-ingenieria-argentina-litio-cementera-300x169.jpg\" data-large-file=\"https:\/\/saxuming.net\/wp-content\/uploads\/2020\/05\/Tecpetrol-saxum-mineria-industria-construccion-empresas-ingenieria-argentina-litio-cementera-1024x576.jpg\" \/>\t\t\t\t\t\t<\/a>\n\t\t\t\t<a href=\"https:\/\/saxuming.net\/es\/portfolio\/pluspetrol-2\/\" target=\"_self\" rel=\"noopener noreferrer\">\n\t\t\t\t\t\t\t\tPluspetrol\t\t\t\t\t\t\t\n\t\t\t\t\t\t\t\t\t\t\t\t\t\t\t\t\t\t\tLocation: Tucum\u00e1n, Argentina\n\t\t\t\t<\/a>\n\t\t\t\t<a href=\"https:\/\/saxuming.net\/es\/portfolio\/pluspetrol-2\/\">Read more &rarr;<\/a>\n\t\t\t\t\t\t\t\t\t<a href=\"https:\/\/saxuming.net\/es\/portfolio\/pluspetrol-2\/\" target=\"_self\" rel=\"noopener noreferrer\">\n\t\t\t\t\t\t\t<img width=\"350\" height=\"269\" src=\"https:\/\/saxuming.net\/wp-content\/uploads\/2020\/05\/Tecpetrol-2-saxum-mineria-industria-construccion-empresas-ingenieria-argentina-litio-cementera-350x269.jpg\" alt=\"\" loading=\"lazy\" srcset=\"data:image\/svg+xml;utf8,&lt;svg%20xmlns=&quot;http:\/\/www.w3.org\/2000\/svg&quot;%20viewBox=&quot;0%200%20350%20269&quot;%20height=&quot;269px&quot;%20width=&quot;350px&quot;\/&gt;\" data-srcset=\"https:\/\/saxuming.net\/wp-content\/uploads\/2020\/05\/Tecpetrol-2-saxum-mineria-industria-construccion-empresas-ingenieria-argentina-litio-cementera-350x269.jpg 350w, https:\/\/saxuming.net\/wp-content\/uploads\/2020\/05\/Tecpetrol-2-saxum-mineria-industria-construccion-empresas-ingenieria-argentina-litio-cementera-1400x1076.jpg 1400w, https:\/\/saxuming.net\/wp-content\/uploads\/2020\/05\/Tecpetrol-2-saxum-mineria-industria-construccion-empresas-ingenieria-argentina-litio-cementera-700x538.jpg 700w, https:\/\/saxuming.net\/wp-content\/uploads\/2020\/05\/Tecpetrol-2-saxum-mineria-industria-construccion-empresas-ingenieria-argentina-litio-cementera-466x358.jpg 466w, https:\/\/saxuming.net\/wp-content\/uploads\/2020\/05\/Tecpetrol-2-saxum-mineria-industria-construccion-empresas-ingenieria-argentina-litio-cementera-933x717.jpg 933w\" sizes=\"(min-width: 900px) 50vw, 100vw\" data-attachment-id=\"19692\" data-permalink=\"https:\/\/saxuming.net\/es\/portfolio\/pluspetrol-2\/tecpetrol-2-saxum-mineria-industria-construccion-empresas-ingenieria-argentina-litio-cementera\/\" data-orig-file=\"https:\/\/saxuming.net\/wp-content\/uploads\/2020\/05\/Tecpetrol-2-saxum-mineria-industria-construccion-empresas-ingenieria-argentina-litio-cementera.jpg\" data-orig-size=\"1473,1112\" data-comments-opened=\"0\" data-image-meta=\"{&quot;aperture&quot;:&quot;4&quot;,&quot;credit&quot;:&quot;&quot;,&quot;camera&quot;:&quot;DSC-W50&quot;,&quot;caption&quot;:&quot;&quot;,&quot;created_timestamp&quot;:&quot;1176440444&quot;,&quot;copyright&quot;:&quot;&quot;,&quot;focal_length&quot;:&quot;12.4&quot;,&quot;iso&quot;:&quot;100&quot;,&quot;shutter_speed&quot;:&quot;0.0125&quot;,&quot;title&quot;:&quot;&quot;,&quot;orientation&quot;:&quot;1&quot;}\" data-image-title=\"Tecpetrol-2-saxum-mineria-industria-construccion-empresas-ingenieria-argentina-litio-cementera\" data-image-description=\"\" data-medium-file=\"https:\/\/saxuming.net\/wp-content\/uploads\/2020\/05\/Tecpetrol-2-saxum-mineria-industria-construccion-empresas-ingenieria-argentina-litio-cementera-300x226.jpg\" data-large-file=\"https:\/\/saxuming.net\/wp-content\/uploads\/2020\/05\/Tecpetrol-2-saxum-mineria-industria-construccion-empresas-ingenieria-argentina-litio-cementera-1024x773.jpg\" \/>\t\t\t\t\t\t<\/a>\n<\/section>\n<\/div><!-- .vgblk-rw-wrapper -->","protected":false},"excerpt":{"rendered":"<p>Hierro y Acero SAXUM Engineering ofrece una amplia gama de servicios de ingenier\u00eda para la industria del hierro y el acero, tanto para rutas de proceso integradas como para miniacer\u00edas, desde materias primas, fabricaci\u00f3n de hierro, siderurgia, refinaci\u00f3n, fundici\u00f3n y laminaci\u00f3n de productos planos y largos y procesamiento posterior. Nuestros servicios incluyen estudios de alcance&#8230;<\/p>\n","protected":false},"author":1,"featured_media":0,"parent":20433,"menu_order":0,"comment_status":"closed","ping_status":"closed","template":"","meta":{"inline_featured_image":false},"jetpack_sharing_enabled":true,"_links":{"self":[{"href":"https:\/\/saxuming.net\/es\/wp-json\/wp\/v2\/pages\/20651"}],"collection":[{"href":"https:\/\/saxuming.net\/es\/wp-json\/wp\/v2\/pages"}],"about":[{"href":"https:\/\/saxuming.net\/es\/wp-json\/wp\/v2\/types\/page"}],"author":[{"embeddable":true,"href":"https:\/\/saxuming.net\/es\/wp-json\/wp\/v2\/users\/1"}],"replies":[{"embeddable":true,"href":"https:\/\/saxuming.net\/es\/wp-json\/wp\/v2\/comments?post=20651"}],"version-history":[{"count":0,"href":"https:\/\/saxuming.net\/es\/wp-json\/wp\/v2\/pages\/20651\/revisions"}],"up":[{"embeddable":true,"href":"https:\/\/saxuming.net\/es\/wp-json\/wp\/v2\/pages\/20433"}],"wp:attachment":[{"href":"https:\/\/saxuming.net\/es\/wp-json\/wp\/v2\/media?parent=20651"}],"curies":[{"name":"wp","href":"https:\/\/api.w.org\/{rel}","templated":true}]}}