{"id":20340,"date":"2020-04-20T21:05:18","date_gmt":"2020-04-21T00:05:18","guid":{"rendered":"https:\/\/saxuming.net\/oil-gas\/"},"modified":"2020-11-05T21:40:14","modified_gmt":"2020-11-06T00:40:14","slug":"petroleo-y-gas","status":"publish","type":"page","link":"https:\/\/saxuming.net\/es\/industrias\/petroleo-y-gas\/","title":{"rendered":"Petr\u00f3leo y Gas"},"content":{"rendered":"<div class=\"vgblk-rw-wrapper limit-wrapper\"><h2>\n\tPetr\u00f3leo y Gas\n\t<\/h2>\n\t<p>SAXUM ofrece una amplia gama de servicios de ingenier\u00eda para las industrias de petr\u00f3leo y gas, incluidos estudios de alcance y factibilidad, an\u00e1lisis de compensaci\u00f3n, ingenier\u00eda conceptual, b\u00e1sica y detallada. Nuestras capacidades de ingenier\u00eda abarcan todas las disciplinas t\u00e9cnicas, incluyendo ingenier\u00eda civil y estructural, mec\u00e1nica y de tuber\u00edas, y el\u00e9ctrica, instrumentaci\u00f3n y control.<\/p>\n<h3>\n\tNUESTROS SERVICIOS\n\t<\/h3>\n<h3>\n\tLOS SERVICIOS DE INGENIER\u00cdA MULTIDISCIPLINA DE SAXUM PARA LA INDUSTRIA DE PRODUCCI\u00d3N Y PROCESAMIENTO DE PETR\u00d3LEO Y GAS SON LOS SIGUIENTES\n\t<\/h3>\n\t\t<h3>Descargar Brochure de Petr\u00f3leo y Gas<\/h3>\n\t\t<p>Brochare en formato PDF<\/p>\n\t<a href=\"\/wp-content\/uploads\/2020\/04\/SAXUM-Oil-Gas-Flyer-Book.pdf\" target=\"_blank\" role=\"button\" rel=\"noopener noreferrer\">\n\t\t\t\t\tDescargar\n\t<\/a>\n<style>\n\t\t<\/style>\n<section>\n\t\t\t\t<a href=\"https:\/\/saxuming.net\/es\/portfolio\/tecpetrol\/\" target=\"_self\" rel=\"noopener noreferrer\">\n\t\t\t\t\t\t\t\tTecpetrol\t\t\t\t\t\t\t\n\t\t\t\t\t\t\t\t\t\t\t\t\t\t\t\t\t\t\tLocation: &#8211;\n\t\t\t\t<\/a>\n\t\t\t\t<a href=\"https:\/\/saxuming.net\/es\/portfolio\/tecpetrol\/\">Read more &rarr;<\/a>\n\t\t\t\t\t\t\t\t\t<a href=\"https:\/\/saxuming.net\/es\/portfolio\/tecpetrol\/\" target=\"_self\" rel=\"noopener noreferrer\">\n\t\t\t\t\t\t\t<img width=\"350\" height=\"269\" src=\"https:\/\/saxuming.net\/wp-content\/uploads\/2020\/05\/Tecpetrol-saxum-mineria-industria-construccion-empresas-ingenieria-argentina-litio-cementera-350x269.jpg\" alt=\"\" loading=\"lazy\" srcset=\"data:image\/svg+xml;utf8,&lt;svg%20xmlns=&quot;http:\/\/www.w3.org\/2000\/svg&quot;%20viewBox=&quot;0%200%20350%20269&quot;%20height=&quot;269px&quot;%20width=&quot;350px&quot;\/&gt;\" data-srcset=\"https:\/\/saxuming.net\/wp-content\/uploads\/2020\/05\/Tecpetrol-saxum-mineria-industria-construccion-empresas-ingenieria-argentina-litio-cementera-350x269.jpg 350w, https:\/\/saxuming.net\/wp-content\/uploads\/2020\/05\/Tecpetrol-saxum-mineria-industria-construccion-empresas-ingenieria-argentina-litio-cementera-700x538.jpg 700w, https:\/\/saxuming.net\/wp-content\/uploads\/2020\/05\/Tecpetrol-saxum-mineria-industria-construccion-empresas-ingenieria-argentina-litio-cementera-466x358.jpg 466w\" sizes=\"(min-width: 900px) 50vw, 100vw\" data-attachment-id=\"19691\" data-permalink=\"https:\/\/saxuming.net\/es\/portfolio\/pluspetrol-2\/tecpetrol-saxum-mineria-industria-construccion-empresas-ingenieria-argentina-litio-cementera\/\" data-orig-file=\"https:\/\/saxuming.net\/wp-content\/uploads\/2020\/05\/Tecpetrol-saxum-mineria-industria-construccion-empresas-ingenieria-argentina-litio-cementera.jpg\" data-orig-size=\"1200,675\" data-comments-opened=\"0\" data-image-meta=\"{&quot;aperture&quot;:&quot;0&quot;,&quot;credit&quot;:&quot;&quot;,&quot;camera&quot;:&quot;&quot;,&quot;caption&quot;:&quot;&quot;,&quot;created_timestamp&quot;:&quot;0&quot;,&quot;copyright&quot;:&quot;&quot;,&quot;focal_length&quot;:&quot;0&quot;,&quot;iso&quot;:&quot;0&quot;,&quot;shutter_speed&quot;:&quot;0&quot;,&quot;title&quot;:&quot;&quot;,&quot;orientation&quot;:&quot;0&quot;}\" data-image-title=\"Tecpetrol -saxum-mineria-industria-construccion-empresas-ingenieria-argentina-litio-cementera\" data-image-description=\"\" data-medium-file=\"https:\/\/saxuming.net\/wp-content\/uploads\/2020\/05\/Tecpetrol-saxum-mineria-industria-construccion-empresas-ingenieria-argentina-litio-cementera-300x169.jpg\" data-large-file=\"https:\/\/saxuming.net\/wp-content\/uploads\/2020\/05\/Tecpetrol-saxum-mineria-industria-construccion-empresas-ingenieria-argentina-litio-cementera-1024x576.jpg\" \/>\t\t\t\t\t\t<\/a>\n\t\t\t\t<a href=\"https:\/\/saxuming.net\/es\/portfolio\/pluspetrol-2\/\" target=\"_self\" rel=\"noopener noreferrer\">\n\t\t\t\t\t\t\t\tPluspetrol\t\t\t\t\t\t\t\n\t\t\t\t\t\t\t\t\t\t\t\t\t\t\t\t\t\t\tLocation: Tucum\u00e1n, Argentina\n\t\t\t\t<\/a>\n\t\t\t\t<a href=\"https:\/\/saxuming.net\/es\/portfolio\/pluspetrol-2\/\">Read more &rarr;<\/a>\n\t\t\t\t\t\t\t\t\t<a href=\"https:\/\/saxuming.net\/es\/portfolio\/pluspetrol-2\/\" target=\"_self\" rel=\"noopener noreferrer\">\n\t\t\t\t\t\t\t<img width=\"350\" height=\"269\" src=\"https:\/\/saxuming.net\/wp-content\/uploads\/2020\/05\/Tecpetrol-2-saxum-mineria-industria-construccion-empresas-ingenieria-argentina-litio-cementera-350x269.jpg\" alt=\"\" loading=\"lazy\" srcset=\"data:image\/svg+xml;utf8,&lt;svg%20xmlns=&quot;http:\/\/www.w3.org\/2000\/svg&quot;%20viewBox=&quot;0%200%20350%20269&quot;%20height=&quot;269px&quot;%20width=&quot;350px&quot;\/&gt;\" data-srcset=\"https:\/\/saxuming.net\/wp-content\/uploads\/2020\/05\/Tecpetrol-2-saxum-mineria-industria-construccion-empresas-ingenieria-argentina-litio-cementera-350x269.jpg 350w, https:\/\/saxuming.net\/wp-content\/uploads\/2020\/05\/Tecpetrol-2-saxum-mineria-industria-construccion-empresas-ingenieria-argentina-litio-cementera-1400x1076.jpg 1400w, https:\/\/saxuming.net\/wp-content\/uploads\/2020\/05\/Tecpetrol-2-saxum-mineria-industria-construccion-empresas-ingenieria-argentina-litio-cementera-700x538.jpg 700w, https:\/\/saxuming.net\/wp-content\/uploads\/2020\/05\/Tecpetrol-2-saxum-mineria-industria-construccion-empresas-ingenieria-argentina-litio-cementera-466x358.jpg 466w, https:\/\/saxuming.net\/wp-content\/uploads\/2020\/05\/Tecpetrol-2-saxum-mineria-industria-construccion-empresas-ingenieria-argentina-litio-cementera-933x717.jpg 933w\" sizes=\"(min-width: 900px) 50vw, 100vw\" data-attachment-id=\"19692\" data-permalink=\"https:\/\/saxuming.net\/es\/portfolio\/pluspetrol-2\/tecpetrol-2-saxum-mineria-industria-construccion-empresas-ingenieria-argentina-litio-cementera\/\" data-orig-file=\"https:\/\/saxuming.net\/wp-content\/uploads\/2020\/05\/Tecpetrol-2-saxum-mineria-industria-construccion-empresas-ingenieria-argentina-litio-cementera.jpg\" data-orig-size=\"1473,1112\" data-comments-opened=\"0\" data-image-meta=\"{&quot;aperture&quot;:&quot;4&quot;,&quot;credit&quot;:&quot;&quot;,&quot;camera&quot;:&quot;DSC-W50&quot;,&quot;caption&quot;:&quot;&quot;,&quot;created_timestamp&quot;:&quot;1176440444&quot;,&quot;copyright&quot;:&quot;&quot;,&quot;focal_length&quot;:&quot;12.4&quot;,&quot;iso&quot;:&quot;100&quot;,&quot;shutter_speed&quot;:&quot;0.0125&quot;,&quot;title&quot;:&quot;&quot;,&quot;orientation&quot;:&quot;1&quot;}\" data-image-title=\"Tecpetrol-2-saxum-mineria-industria-construccion-empresas-ingenieria-argentina-litio-cementera\" data-image-description=\"\" data-medium-file=\"https:\/\/saxuming.net\/wp-content\/uploads\/2020\/05\/Tecpetrol-2-saxum-mineria-industria-construccion-empresas-ingenieria-argentina-litio-cementera-300x226.jpg\" data-large-file=\"https:\/\/saxuming.net\/wp-content\/uploads\/2020\/05\/Tecpetrol-2-saxum-mineria-industria-construccion-empresas-ingenieria-argentina-litio-cementera-1024x773.jpg\" \/>\t\t\t\t\t\t<\/a>\n<\/section>\n<\/div><!-- .vgblk-rw-wrapper -->","protected":false},"excerpt":{"rendered":"<p>Petr\u00f3leo y Gas SAXUM ofrece una amplia gama de servicios de ingenier\u00eda para las industrias de petr\u00f3leo y gas, incluidos estudios de alcance y factibilidad, an\u00e1lisis de compensaci\u00f3n, ingenier\u00eda conceptual, b\u00e1sica y detallada. Nuestras capacidades de ingenier\u00eda abarcan todas las disciplinas t\u00e9cnicas, incluyendo ingenier\u00eda civil y estructural, mec\u00e1nica y de tuber\u00edas, y el\u00e9ctrica, instrumentaci\u00f3n y&#8230;<\/p>\n","protected":false},"author":1,"featured_media":0,"parent":20433,"menu_order":0,"comment_status":"closed","ping_status":"closed","template":"","meta":{"inline_featured_image":false},"jetpack_sharing_enabled":true,"_links":{"self":[{"href":"https:\/\/saxuming.net\/es\/wp-json\/wp\/v2\/pages\/20340"}],"collection":[{"href":"https:\/\/saxuming.net\/es\/wp-json\/wp\/v2\/pages"}],"about":[{"href":"https:\/\/saxuming.net\/es\/wp-json\/wp\/v2\/types\/page"}],"author":[{"embeddable":true,"href":"https:\/\/saxuming.net\/es\/wp-json\/wp\/v2\/users\/1"}],"replies":[{"embeddable":true,"href":"https:\/\/saxuming.net\/es\/wp-json\/wp\/v2\/comments?post=20340"}],"version-history":[{"count":0,"href":"https:\/\/saxuming.net\/es\/wp-json\/wp\/v2\/pages\/20340\/revisions"}],"up":[{"embeddable":true,"href":"https:\/\/saxuming.net\/es\/wp-json\/wp\/v2\/pages\/20433"}],"wp:attachment":[{"href":"https:\/\/saxuming.net\/es\/wp-json\/wp\/v2\/media?parent=20340"}],"curies":[{"name":"wp","href":"https:\/\/api.w.org\/{rel}","templated":true}]}}