{"id":20321,"date":"2020-04-20T20:42:12","date_gmt":"2020-04-20T23:42:12","guid":{"rendered":"https:\/\/saxuming.net\/lithium\/"},"modified":"2025-07-07T01:24:22","modified_gmt":"2025-07-07T04:24:22","slug":"litio","status":"publish","type":"page","link":"https:\/\/saxuming.net\/es\/industrias\/litio\/","title":{"rendered":"Litio"},"content":{"rendered":"<div class=\"vgblk-rw-wrapper limit-wrapper\">\n<h2>\n\tLitio\n\t<\/h2>\n\t<p>Nos diferenciamos de otras compa\u00f1\u00edas de ingenier\u00eda al ofrecer una gran experiencia y conocimiento en servicios de Ingenier\u00eda, Adquisiciones y Construcci\u00f3n, Administraci\u00f3n (EPCM) para las industrias de procesamiento de minerales (cemento, cal, miner\u00eda), as\u00ed como para la industria del litio.<\/p>\n<p>Nuestros servicios se caracterizan por equipos de ingenier\u00eda y gesti\u00f3n de proyectos de alto nivel, que permiten a nuestros clientes confiar en nuestra forma de ejecutar sus proyectos con un enfoque en la entrega de instalaciones renovadas o nuevas dentro de cronogramas y presupuestos realistas, as\u00ed como soluciones t\u00e9cnicas \u00f3ptimas.<\/p>\n<h3>\n\tNUESTROS SERVICIOS\n\t<\/h3>\n<h3>\n\tNOS ESPECIALIZAMOS EN\n\t<\/h3>\n\t\t<h3>Dercargar Brochure de Litio<\/h3>\n\t\t<p>Folleto completo en PDF<\/p>\u00a0\n\t<a href=\"https:\/\/saxuming.net\/wp-content\/uploads\/2025\/07\/SAXUM-Lithium-Capabilities.pdf\" target=\"_blank\" role=\"button\" rel=\"noopener\">\n\t\t\t\t\tDescargar\n\t<\/a>\n\n\n<\/div><!-- .vgblk-rw-wrapper -->","protected":false},"excerpt":{"rendered":"<p>Litio Nos diferenciamos de otras compa\u00f1\u00edas de ingenier\u00eda al ofrecer una gran experiencia y conocimiento en servicios de Ingenier\u00eda, Adquisiciones y Construcci\u00f3n, Administraci\u00f3n (EPCM) para las industrias de procesamiento de minerales (cemento, cal, miner\u00eda), as\u00ed como para la industria del litio. Nuestros servicios se caracterizan por equipos de ingenier\u00eda y gesti\u00f3n de proyectos de alto&#8230;<\/p>\n","protected":false},"author":1,"featured_media":0,"parent":20433,"menu_order":0,"comment_status":"closed","ping_status":"closed","template":"","meta":{"inline_featured_image":false},"jetpack_sharing_enabled":true,"_links":{"self":[{"href":"https:\/\/saxuming.net\/es\/wp-json\/wp\/v2\/pages\/20321"}],"collection":[{"href":"https:\/\/saxuming.net\/es\/wp-json\/wp\/v2\/pages"}],"about":[{"href":"https:\/\/saxuming.net\/es\/wp-json\/wp\/v2\/types\/page"}],"author":[{"embeddable":true,"href":"https:\/\/saxuming.net\/es\/wp-json\/wp\/v2\/users\/1"}],"replies":[{"embeddable":true,"href":"https:\/\/saxuming.net\/es\/wp-json\/wp\/v2\/comments?post=20321"}],"version-history":[{"count":6,"href":"https:\/\/saxuming.net\/es\/wp-json\/wp\/v2\/pages\/20321\/revisions"}],"predecessor-version":[{"id":24318,"href":"https:\/\/saxuming.net\/es\/wp-json\/wp\/v2\/pages\/20321\/revisions\/24318"}],"up":[{"embeddable":true,"href":"https:\/\/saxuming.net\/es\/wp-json\/wp\/v2\/pages\/20433"}],"wp:attachment":[{"href":"https:\/\/saxuming.net\/es\/wp-json\/wp\/v2\/media?parent=20321"}],"curies":[{"name":"wp","href":"https:\/\/api.w.org\/{rel}","templated":true}]}}