{"id":20310,"date":"2020-04-20T19:42:57","date_gmt":"2020-04-20T22:42:57","guid":{"rendered":"https:\/\/saxuming.net\/mining\/"},"modified":"2025-06-12T01:04:44","modified_gmt":"2025-06-12T04:04:44","slug":"mineria","status":"publish","type":"page","link":"https:\/\/saxuming.net\/es\/industrias\/mineria\/","title":{"rendered":"Miner\u00eda"},"content":{"rendered":"<div class=\"vgblk-rw-wrapper limit-wrapper\">\n<h2>\n\tMiner\u00eda\n\t<\/h2>\n\t<p>SAXUM ofrece una amplia gama de servicios de ingenier\u00eda para la industria minera. Desde estudios de topograf\u00eda, compensaci\u00f3n y viabilidad hasta ingenier\u00eda b\u00e1sica y de detalle, as\u00ed como servicios de construcci\u00f3n y optimizaciones de operaciones de procesos. SAXUM ofrece valores agregados y soluciones rentables a sus clientes. La ingenier\u00eda multidisciplinaria de SAXUM cubre todas las \u00e1reas de la industria minera.<\/p>\n<p>Nos diferenciamos de otras empresas de ingenier\u00eda al ofrecer una gran experiencia y conocimiento en servicios de Ingenier\u00eda, Adquisiciones y Construcci\u00f3n, Gesti\u00f3n (EPCM) a las industrias de procesamiento de minerales (cemento, cal, miner\u00eda), as\u00ed como a la fabricaci\u00f3n y la agroindustria.<\/p>\n<h3>\n\tNUESTROS SERVICIOS\n\t<\/h3>\n<h3>\n\tNOS ESPECIALIZAMOS EN\n\t<\/h3>\n<h3>\n\tOFRECEMOS SERVICIOS DE INGENIER\u00cdA DESDE EL CONCEPTO A LA REALIDAD\n\t<\/h3>\n\t\t<h3>Descargar Brochure de Miner\u00eda<\/h3>\n\t\t<p>Nuestro folleto completo en PDF<\/p>\n\t<a href=\"https:\/\/saxuming.net\/wp-content\/uploads\/2025\/06\/SAXUM-Mining-Qualifications.pdf\" target=\"_blank\" role=\"button\" rel=\"noopener\">\n\t\t\t\t\tDescargar\n\t<\/a>\n\n\n<\/div><!-- .vgblk-rw-wrapper -->","protected":false},"excerpt":{"rendered":"<p>Miner\u00eda SAXUM ofrece una amplia gama de servicios de ingenier\u00eda para la industria minera. Desde estudios de topograf\u00eda, compensaci\u00f3n y viabilidad hasta ingenier\u00eda b\u00e1sica y de detalle, as\u00ed como servicios de construcci\u00f3n y optimizaciones de operaciones de procesos. SAXUM ofrece valores agregados y soluciones rentables a sus clientes. La ingenier\u00eda multidisciplinaria de SAXUM cubre todas&#8230;<\/p>\n","protected":false},"author":1,"featured_media":0,"parent":20433,"menu_order":0,"comment_status":"closed","ping_status":"closed","template":"","meta":{"inline_featured_image":false},"jetpack_sharing_enabled":true,"_links":{"self":[{"href":"https:\/\/saxuming.net\/es\/wp-json\/wp\/v2\/pages\/20310"}],"collection":[{"href":"https:\/\/saxuming.net\/es\/wp-json\/wp\/v2\/pages"}],"about":[{"href":"https:\/\/saxuming.net\/es\/wp-json\/wp\/v2\/types\/page"}],"author":[{"embeddable":true,"href":"https:\/\/saxuming.net\/es\/wp-json\/wp\/v2\/users\/1"}],"replies":[{"embeddable":true,"href":"https:\/\/saxuming.net\/es\/wp-json\/wp\/v2\/comments?post=20310"}],"version-history":[{"count":5,"href":"https:\/\/saxuming.net\/es\/wp-json\/wp\/v2\/pages\/20310\/revisions"}],"predecessor-version":[{"id":24290,"href":"https:\/\/saxuming.net\/es\/wp-json\/wp\/v2\/pages\/20310\/revisions\/24290"}],"up":[{"embeddable":true,"href":"https:\/\/saxuming.net\/es\/wp-json\/wp\/v2\/pages\/20433"}],"wp:attachment":[{"href":"https:\/\/saxuming.net\/es\/wp-json\/wp\/v2\/media?parent=20310"}],"curies":[{"name":"wp","href":"https:\/\/api.w.org\/{rel}","templated":true}]}}