{"id":20285,"date":"2017-05-10T20:16:34","date_gmt":"2017-05-10T20:16:34","guid":{"rendered":"https:\/\/saxuming.net\/procurement\/"},"modified":"2020-11-02T19:49:34","modified_gmt":"2020-11-02T22:49:34","slug":"compras","status":"publish","type":"page","link":"https:\/\/saxuming.net\/es\/servicios\/compras\/","title":{"rendered":"Compras"},"content":{"rendered":"<div class=\"vgblk-rw-wrapper limit-wrapper\"><h2>\n\tLog\u00edstica\n\t<\/h2>\n<h3>\n\tSAXUM ofrece una amplia gama de servicios en el \u00e1rea de Log\u00edstica, entre ellas: \n\t<\/h3>\n\t<p><strong>SAXUM ofrece una amplia gama de servicios en el \u00e1rea de Log\u00edstica, entre ellas:\u00a0<\/strong><\/p>\n<ul>\n<li>Gesti\u00f3n de Supply Chain Management<\/li>\n<li>Planificaci\u00f3n,<\/li>\n<li>Gesti\u00f3n de la informaci\u00f3n y tecnolog\u00eda asociada.<\/li>\n<li>Gesti\u00f3n del abastecimiento.<\/li>\n<li>Dise\u00f1o y desarrollo de kpi performance de la cadena de abastecimiento.<\/li>\n<\/ul>\n<p>Adem\u00e1s, desarrollamos los siguientes servicios:<\/p>\n<p>Gesti\u00f3n de Activaci\u00f3n y Expedici\u00f3n de la procura en sitios de fabricaci\u00f3n o provisi\u00f3n externa, reportes y status de avances, informes de calidad, e identificaci\u00f3n de potenciales riesgos. Capacidad de respuesta en todo el continente americano, Europa, \u00c1frica, Medio Oriente, Asia y Ocean\u00eda, disponibilidad de una plantilla de profesionales especializados en todas las disciplinas de la ingenier\u00eda.<\/p>\n<p>Gesti\u00f3n de Log\u00edstica y Comex integral, totalmente enfocado a los proyectos EPCM, expertise para el atendimiento de todas sus complejidades. SAXUM se expresa con estrategia integral:<\/p>\n<p>Evaluaci\u00f3n, desarrollo y gesti\u00f3n de proveedores sugeridos para log\u00edstica internacional, nacional y local.<\/p>\n<p>An\u00e1lisis, planificaci\u00f3n y desarrollo de los servicios portuarios y gestiones aduaneras incluyendo despachantes. Estrategia aduanera e importaci\u00f3n. Configuraci\u00f3n de modalidad temprana para importaciones o exportaciones. An\u00e1lisis y propuestas geogr\u00e1ficas din\u00e1micas de zonas francas, dep\u00f3sitos fiscales, y nacionales. Gesti\u00f3n de Comercio Exterior. Servicios de Importaci\u00f3n y Exportaci\u00f3n. Garantizar el cumplimiento de las pol\u00edticas ambientales, seguridad y calidad.<\/p>\n<p>An\u00e1lisis Origen\/Destino de las v\u00edas portuarias, a\u00e9reas, terrestres e infraestructuras f\u00e9rreas \u00f3ptimas para el ireso al pa\u00eds; como as\u00ed tambi\u00e9n las v\u00edas internas \/ domesticas para garantizar un abastecimiento de calidad y seguro. Garantizar el cumplimiento de las pol\u00edticas ambientales.<\/p>\n<p>An\u00e1lisis y revisi\u00f3n de caminos de accesos a zonas de proyecto, dise\u00f1o de log\u00edstica estrat\u00e9gica de abastecimiento y log\u00edstica de reversa. Estudio de centros globales de almacenamiento y redistribuci\u00f3n a fin de asegurar un correcto soporte log\u00edstico garantizando el cumplimiento de pol\u00edticas ambientales, de seguridad, y de relacionamiento social comunitario.<\/p>\n<p>Servicio y gesti\u00f3n de freight forwarder a nivel global, con capacidad de operar con cargas generales, cargas peligrosas, y cargas extra pesadas o fuera de dimensiones est\u00e1ndar. Equipamiento y profesionales con expertise comprobado. Transportes polimodales: nacionales e internacionales, capacidad a nivel global en modalidades terrestres incluyendo ferrocarriles, mar\u00edtimas y a\u00e9reas. Garantizar el cumplimiento de las pol\u00edticas ambientales, seguridad y calidad.<\/p>\n<p>Asesoramiento sobre planes de movilizaci\u00f3n y desmovilizaci\u00f3n estrat\u00e9gicos de parque de m\u00e1quinas y equipos. Flujo de tr\u00e1ficos y organizaci\u00f3n de la matriz vial de ingresos\/egresos de sitios. Garantizar el cumplimiento de las pol\u00edticas ambientales, seguridad y calidad.<\/p>\n<h3>\n\tAn\u00e1lisis de log\u00edstica de personas\n\t<\/h3>\n\t<p>Planes de movilizaci\u00f3n y desmovilizaci\u00f3n. Emisi\u00f3n de planes de contingencias. Gerenciamiento de campamentos estrat\u00e9gicos y posicionamientos permanentes. Garantizar el cumplimiento de las pol\u00edticas ambientales, seguridad y calidad.<\/p>\n<p>Log\u00edstica de Producci\u00f3n On Site. Gerenciamiento y administraci\u00f3n del Parque de M\u00e1quinas, Equipos, flota de veh\u00edculos livianos, pesados y transporte de personas, durante construcci\u00f3n y operaci\u00f3n. Tecnolog\u00edas aplicadas y profesionales aptos para inspeccionar y garantizar el mantenimiento preventivo, predictivo y correctivo. Gesti\u00f3n de Control Costes y mejora de rendimientos. Administraci\u00f3n de Plataforma de suministros de combustible. Garantizar el cumplimiento de las pol\u00edticas ambientales, seguridad y calidad.<\/p>\n<h2>\n\tProcesos y preparaci\u00f3n de paquetes de licitaciones\n\t<\/h2>\n\t<p>Todas las adquisiciones est\u00e1n sujetas a ofertas competitivas. Esto es para garantizar que nuestro cliente obtenga el mejor precio posible dentro del contexto de las directivas legales y de compra, mientras practica una pol\u00edtica comercial abierta y justa.<\/p>\n<p>Dependiendo de la complejidad de la oferta, el proceso de la oferta puede tomar de 1 d\u00eda a un mes. La mayor\u00eda de nuestras compras que superan los $ 100 000 est\u00e1n sujetas a las consideraciones descritas en nuestro proceso de adquisici\u00f3n, lo que garantiza que cualquier empresa, en cualquier pa\u00eds o provincia, deber\u00eda tener oportunidades justas e iguales para nuestro negocio.<\/p>\n<p>El proceso de licitaci\u00f3n comienza con la solicitud de cotizaci\u00f3n (RFQ) de nuestras oficinas de ingenier\u00eda o construcci\u00f3n. Esta solicitud incluye una especificaci\u00f3n t\u00e9cnica y una hoja de datos t\u00e9cnicos. Los controladores del proyecto nos indican el \u00abrequerido en la fecha del sitio\u00bb (RAS) para el suministro, y el equipo de log\u00edstica nos dice el incoterm recomendado.<\/p>\n<p>Teniendo en cuenta todo lo anterior, el departamento de compras invita a todas las empresas incluidas en la lista de licitadores a presentar una propuesta de acuerdo con todos los t\u00e9rminos comerciales, que incluye la fecha de presentaci\u00f3n de la propuesta, t\u00e9rminos de pago, incoterms, facturaci\u00f3n, etc.<\/p>\n<p>Durante el proceso de licitaci\u00f3n, pueden aparecer consultas de los participantes, nuestros ingenieros las recopilan y responden.<\/p>\n<p>Una vez que finaliza el tiempo de licitaci\u00f3n, todas las propuestas recibidas se dividen en secciones t\u00e9cnicas (sin precio) y comerciales (con precio). La secci\u00f3n t\u00e9cnica se env\u00eda para su posterior an\u00e1lisis a los ingenieros que deber\u00e1n presentar el an\u00e1lisis t\u00e9cnico de ofertas (TBA).<\/p>\n<p>El departamento de compras revisa la secci\u00f3n comercial, cuando finaliza el an\u00e1lisis de la oferta comercial, el comprador emite el documento CBA.<\/p>\n<p>La evaluaci\u00f3n de ofertas es el proceso organizado de examinar y comparar ofertas para seleccionar la mejor oferta en un esfuerzo por adquirir bienes, obras y servicios necesarios para lograr los objetivos de una organizaci\u00f3n.<\/p>\n<p>El \u00faltimo paso para el comprador es preparar la carta de recomendaci\u00f3n (LOR). Este documento final es un resumen del TBA y el CBA. El LOR recomendar\u00e1 la mejor propuesta t\u00e9cnica y comercial a nuestro cliente.<\/p>\n<p>Las situaciones que requieren un determinado art\u00edculo o una entrega urgente pueden justificar una excepci\u00f3n al proceso de oferta.<\/p>\n<\/div><!-- .vgblk-rw-wrapper -->","protected":false},"excerpt":{"rendered":"<p>Log\u00edstica SAXUM ofrece una amplia gama de servicios en el \u00e1rea de Log\u00edstica, entre ellas: SAXUM ofrece una amplia gama de servicios en el \u00e1rea de Log\u00edstica, entre ellas:\u00a0 Gesti\u00f3n de Supply Chain Management Planificaci\u00f3n, Gesti\u00f3n de la informaci\u00f3n y tecnolog\u00eda asociada. Gesti\u00f3n del abastecimiento. Dise\u00f1o y desarrollo de kpi performance de la cadena de&#8230;<\/p>\n","protected":false},"author":1,"featured_media":0,"parent":20426,"menu_order":0,"comment_status":"closed","ping_status":"closed","template":"","meta":{"inline_featured_image":false},"jetpack_sharing_enabled":true,"_links":{"self":[{"href":"https:\/\/saxuming.net\/es\/wp-json\/wp\/v2\/pages\/20285"}],"collection":[{"href":"https:\/\/saxuming.net\/es\/wp-json\/wp\/v2\/pages"}],"about":[{"href":"https:\/\/saxuming.net\/es\/wp-json\/wp\/v2\/types\/page"}],"author":[{"embeddable":true,"href":"https:\/\/saxuming.net\/es\/wp-json\/wp\/v2\/users\/1"}],"replies":[{"embeddable":true,"href":"https:\/\/saxuming.net\/es\/wp-json\/wp\/v2\/comments?post=20285"}],"version-history":[{"count":0,"href":"https:\/\/saxuming.net\/es\/wp-json\/wp\/v2\/pages\/20285\/revisions"}],"up":[{"embeddable":true,"href":"https:\/\/saxuming.net\/es\/wp-json\/wp\/v2\/pages\/20426"}],"wp:attachment":[{"href":"https:\/\/saxuming.net\/es\/wp-json\/wp\/v2\/media?parent=20285"}],"curies":[{"name":"wp","href":"https:\/\/api.w.org\/{rel}","templated":true}]}}