{"id":20272,"date":"2017-05-08T17:41:42","date_gmt":"2017-05-08T17:41:42","guid":{"rendered":"https:\/\/saxuming.net\/construction-management\/"},"modified":"2021-02-17T09:52:53","modified_gmt":"2021-02-17T12:52:53","slug":"gestion-de-construccion","status":"publish","type":"page","link":"https:\/\/saxuming.net\/es\/servicios\/gestion-de-construccion\/","title":{"rendered":"Gesti\u00f3n de construcci\u00f3n"},"content":{"rendered":"<div class=\"vgblk-rw-wrapper limit-wrapper\">\r\n<h2>Supervisi\u00f3n del Sitio<\/h2>\r\n<p><strong>Los servicios de supervisi\u00f3n del sitio que SAXUM ofrece durante la etapa de construcci\u00f3n\/montaje del Proyecto son los siguientes:<\/strong><\/p>\r\n<ul>\r\n<li>Supervisi\u00f3n de obras civiles, estructurales, el\u00e9ctricas, de I\/C y de construcci\u00f3n\/montaje mec\u00e1nico;<\/li>\r\n<li>Revisi\u00f3n de la consistencia de los trabajos y materiales de construcci\u00f3n \/ montaje con los documentos de ingenier\u00eda \/ dise\u00f1o;<\/li>\r\n<li>Revisi\u00f3n de los certificados mensuales de progreso emitidos por constructores y constructores;<\/li>\r\n<li>Seguimiento y respuestas a las solicitudes de informaci\u00f3n por parte de los constructores y constructores;<\/li>\r\n<li>Coordinaci\u00f3n de los trabajos de ingenier\u00eda requeridos durante la fase de construcci\u00f3n\/montaje;<\/li>\r\n<li>Seguimiento de las pruebas de materiales de construcci\u00f3n y montaje de acuerdo con las especificaciones t\u00e9cnicas del proyecto;<\/li>\r\n<li>Seguimiento de los cronogramas de construcci\u00f3n \/ montaje y alertas tempranas de posibles conflictos \/ problemas en el cronograma del proyecto.<\/li>\r\n<\/ul>\r\n<h2>Control de Calidad<\/h2>\r\n<p>El potencial de SAXUM se basa en un equipo humano altamente calificado, experimentado y adiestrado; procedimientos de trabajo permanentemente actualizados; disponibilidad de tecnolog\u00eda y sistemas de c\u00e1lculo, dise\u00f1o y medios t\u00e9cnicos avanzados, y unos mecanismos de control que permiten garantizar la Calidad de los productos.<\/p>\r\n<h3>Alineados con la visi\u00f3n y misi\u00f3n de nuestra empresa nos regimos por la siguiente Pol\u00edtica de Calidad:<\/h3>\r\n<ul>\r\n<li>Establecer, en el marco de esta Pol\u00edtica, objetivos de mejora continua del desempe\u00f1o y aumento de satisfacci\u00f3n de los clientes.<\/li>\r\n<li>Integrar la Calidad en la cultura de la Empresa de manera que se convierta en un factor diferencial frente a nuestros competidores, fomentando la participaci\u00f3n de todos los trabajadores.<\/li>\r\n<li>Proveer los recursos necesarios para el cumplimiento de los Objetivos establecidos, haciendo uso eficiente de los mismos para aumentar la performance.<\/li>\r\n<li>Cumplir con la legislaci\u00f3n aplicable, con los requisitos acordados con los clientes y con todo otro compromiso voluntariamente asumido.<\/li>\r\n<li>Controlar que los proveedores y prestadores cuenten con los recursos apropiados para cumplir con sus obligaciones y responsabilidades.<\/li>\r\n<li>Mantener y respetar la confidencialidad de la informaci\u00f3n de nuestros clientes.<\/li>\r\n<li>La Calidad se logra tambi\u00e9n con una organizaci\u00f3n clara, con la motivaci\u00f3n permanente en todos los niveles del personal, buscando la mejor adecuaci\u00f3n de los hombres a cada puesto y con el compromiso de la empresa de asegurar la capacitaci\u00f3n necesaria para acompa\u00f1ar las evoluciones t\u00e9cnicas.<\/li>\r\n<li>\u00a0<\/li>\r\n<\/ul>\r\n<p><a role=\"button\" href=\"#\" target=\"_blank\" rel=\"noopener noreferrer\"> Ver manual de control de calidad <\/a><\/p>\r\n<h2>Gesti\u00f3n de seguridad y supervisi\u00f3n<\/h2>\r\n<h3>SAXUM proporciona un MANUAL DE SEGURIDAD, SALUD Y MEDIO AMBIENTE que son obligatorios para el trabajo en todo proyecto.<\/h3>\r\n<p>El Compromiso con la Seguridad, Salud y Medio Ambiente (SHE) dar\u00e1 como resultado que cada persona que trabaja para el proyecto sea responsable de desarrollar adecuadamente los asuntos de Seguridad, Salud y Medio Ambiente. El resultado \u00f3ptimo de SHE importa, as\u00ed como la seguridad y la salud de cualquier persona que trabaje con nosotros, es fundamental para el \u00e9xito del proyecto.<\/p>\r\n<h3>Nuestros objetivos se expresan claramente: SIN ACCIDENTES Y SIN DA\u00d1O AL MEDIO AMBIENTE.<\/h3>\r\n<p><strong>Pol\u00edtica de SAXUM sobre el bloqueo del trabajo inseguro: <\/strong>La prioridad de SAXUM en todos sus proyectos y trabajos es ocuparse de la seguridad del personal y el medio ambiente. Reafirmamos este concepto implementando una pol\u00edtica para bloquear el trabajo inseguro con el fin de garantizar la seguridad y lograr los siguientes objetivos:<\/p>\r\n<h3>Trabaja de forma segura. Es un requisito de empleo descrito por SAXUM.<\/h3>\r\n<p>Cualquier persona que trabaje para un Proyecto SAXUM, incluidos todos los subcontratistas, deber\u00e1 cumplir con esta pol\u00edtica. Cualquier persona que trabaje en proyectos para SAXUM dar\u00e1 la m\u00e1xima importancia a la seguridad y ser\u00e1 un ejemplo a seguir en relaci\u00f3n con este asunto.<\/p>\r\n<p>Los equipos de protecci\u00f3n personal (EPP) de uso obligatorio son cascos, gafas protectoras, guantes de seguridad, zapatos de seguridad y todos aquellos necesarios de acuerdo con el tipo de riesgo involucrado. Cualquier persona que no cumpla con los requisitos mencionados anteriormente no permanecer\u00e1 en el proyecto.<\/p>\r\n<p>Cualquier persona que observe una actividad insegura la detendr\u00e1 de inmediato. Luego, \u00e9l \/ ella informar\u00e1 al supervisor de trabajo sobre el asunto para tomar las medidas correctivas necesarias para evitar la repetici\u00f3n del evento.<\/p>\r\n<p>El trabajo no se iniciar\u00e1 hasta que el supervisor haya informado a los trabajadores sobre los riesgos involucrados, las medidas preventivas, la asignaci\u00f3n de roles y responsabilidades y, si corresponde, el permiso de trabajo.<\/p>\r\n<p>Cualquier cambio en las condiciones de trabajo previamente evaluadas proporciona evidencia suficiente para detener el trabajo, por lo tanto, la evaluaci\u00f3n de riesgos y la documentaci\u00f3n y las medidas eventuales deber\u00e1n ser reestudiadas obligatoriamente antes de reiniciar las obras.<\/p>\r\n<p>Desarrollo y emisi\u00f3n del programa de contratistas de salud y seguridad<\/p>\r\n<p>El Programa de Prevenci\u00f3n de Seguridad, Salud y Prevenci\u00f3n de Accidentes por escrito del Contratista se presentar\u00e1 para la revisi\u00f3n de la Supervisi\u00f3n de SAXUM a m\u00e1s tardar treinta d\u00edas antes del inicio del trabajo en el lugar de trabajo. Esta revisi\u00f3n no eximir\u00e1 al contratista de su exclusiva responsabilidad por la seguridad y la salud, ni se interpretar\u00e1 como una limitaci\u00f3n de ninguna manera la obligaci\u00f3n del contratista de emprender cualquier acci\u00f3n que sea necesaria o requerida para establecer y mantener condiciones de trabajo seguras con respecto a su trabajo en el lugar de trabajo<\/p>\r\n<p>Los supervisores de SAXUM SHE asegurar\u00e1n la mejor pr\u00e1ctica adecuada de lo siguiente:<\/p>\r\n<p>Requisitos de seguridad y salud ocupacional Cumplimiento del constructor, informe de an\u00e1lisis de riesgos laborales, inspecciones de SHE, informe de incidentes, integraci\u00f3n de SHE, an\u00e1lisis preventivo de actividades.<\/p>\r\n<h2>Administraci\u00f3n de Contratos<\/h2>\r\n<p>El Manual de administraci\u00f3n de contratos de SAXUM, que monitorea el ciclo completo de los contratos de proyectos, que incluye:<\/p>\r\n<h3>Conciencia del contrato:<\/h3>\r\n<p>consiste en hacer un resumen explicativo de las principales cl\u00e1usulas del contrato. El valor agregado de este resumen es interpretar y hacer expl\u00edcito el contrato en t\u00e9rminos simples e inteligibles, y hacerlo accesible a los interesados \u200b\u200bno juristas.<\/p>\r\n<h3>Negociaci\u00f3n:<\/h3>\r\n<p>esta es una actividad cotidiana del administrador del contrato que supone una preparaci\u00f3n cuesta arriba, una b\u00fasqueda exhaustiva de intereses mutuos, un enfoque mutuo proactivo y creativo, y la elaboraci\u00f3n de criterios objetivos, as\u00ed como la promoci\u00f3n de una relaci\u00f3n respetuosa.<\/p>\r\n<h3>Gesti\u00f3n de riesgos:<\/h3>\r\n<p>es bastante similar a la gesti\u00f3n de riesgos del proyecto, cuyo artefacto final es el registro de riesgos con m\u00e1s o menos los mismos atributos que los elaborados en la Gu\u00eda PMBOK\u00ae.<\/p>\r\n<h3>Reclamos:<\/h3>\r\n<p>este es un proceso esencial a dominar cuando la relaci\u00f3n entre el cliente y el proyecto se vuelve demasiado emocional. Los enfoques no violentos son t\u00e9cnicas potenciales para desarrollar aqu\u00ed<\/p>\r\n<p><strong>Otros procesos \u00fatiles pueden abarcar:<\/strong><\/p>\r\n<ul>\r\n<li>Comunicaci\u00f3n<\/li>\r\n<li>Gesti\u00f3n de datos cr\u00edticos (personal, comercial, confidencial, propiedad intelectual, etc.)<\/li>\r\n<li>Cierre de contrato<\/li>\r\n<\/ul>\r\n<\/div><!-- .vgblk-rw-wrapper -->","protected":false},"excerpt":{"rendered":"<p>Supervisi\u00f3n del Sitio Los servicios de supervisi\u00f3n del sitio que SAXUM ofrece durante la etapa de construcci\u00f3n\/montaje del Proyecto son los siguientes: Supervisi\u00f3n de obras civiles, estructurales, el\u00e9ctricas, de I\/C y de construcci\u00f3n\/montaje mec\u00e1nico; Revisi\u00f3n de la consistencia de los trabajos y materiales de construcci\u00f3n \/ montaje con los documentos de ingenier\u00eda \/ dise\u00f1o; Revisi\u00f3n&#8230;<\/p>\n","protected":false},"author":1,"featured_media":0,"parent":20426,"menu_order":0,"comment_status":"closed","ping_status":"closed","template":"","meta":{"inline_featured_image":false},"jetpack_sharing_enabled":true,"_links":{"self":[{"href":"https:\/\/saxuming.net\/es\/wp-json\/wp\/v2\/pages\/20272"}],"collection":[{"href":"https:\/\/saxuming.net\/es\/wp-json\/wp\/v2\/pages"}],"about":[{"href":"https:\/\/saxuming.net\/es\/wp-json\/wp\/v2\/types\/page"}],"author":[{"embeddable":true,"href":"https:\/\/saxuming.net\/es\/wp-json\/wp\/v2\/users\/1"}],"replies":[{"embeddable":true,"href":"https:\/\/saxuming.net\/es\/wp-json\/wp\/v2\/comments?post=20272"}],"version-history":[{"count":0,"href":"https:\/\/saxuming.net\/es\/wp-json\/wp\/v2\/pages\/20272\/revisions"}],"up":[{"embeddable":true,"href":"https:\/\/saxuming.net\/es\/wp-json\/wp\/v2\/pages\/20426"}],"wp:attachment":[{"href":"https:\/\/saxuming.net\/es\/wp-json\/wp\/v2\/media?parent=20272"}],"curies":[{"name":"wp","href":"https:\/\/api.w.org\/{rel}","templated":true}]}}