{"id":20237,"date":"2017-05-08T17:30:45","date_gmt":"2017-05-08T17:30:45","guid":{"rendered":"https:\/\/saxuming.net\/engineering\/"},"modified":"2020-11-13T05:14:37","modified_gmt":"2020-11-13T08:14:37","slug":"ingenieria","status":"publish","type":"page","link":"https:\/\/saxuming.net\/es\/servicios\/ingenieria\/","title":{"rendered":"Ingenier\u00eda"},"content":{"rendered":"<div class=\"vgblk-rw-wrapper limit-wrapper\"><h2>\n\tEstudios de Factibilidad y Trade-off\n\t<\/h2>\n\t<p>A trav\u00e9s de la diversa experiencia de sus profesionales, SAXUM ofrece servicios de consultor\u00eda especializada orientados a evaluar la viabilidad de proyectos dentro de est\u00e1ndares reconocidos como NI 43-101 y JORC. Nuestros informes incluyen recomendaciones concluyentes y estimaciones fiables de gastos de capital y gastos de funcionamiento. En cuanto a los estudios de Trade-Off, nuestros experimentados profesionales son capaces de identificar alternativas viables que, luego de compartirlas con nuestros clientes, son comparadas tanto t\u00e9cnica como econ\u00f3micamente, dadas hasta precisas recomendaciones finales.<\/p>\n<h2>\n\tIngenier\u00eda Conceptual\n\t<\/h2>\n\t<p>SAXUM es una empresa de ingenier\u00eda multidisciplinar que realiza todas las etapas de los servicios de ingenier\u00eda de campo marr\u00f3n y campo verde, desde el concepto hasta la ingenier\u00eda b\u00e1sica y detallada, incluidos los estudios de compensaci\u00f3n, la lista de cantidades y las opciones, optimizaciones y alternativas espec\u00edficas. soluciones en las industrias de Miner\u00eda, Cemento y Cal, Hierro y Acero y Petr\u00f3leo y Gas. Nuestra experiencia cubre Mec\u00e1nica \/ Tuber\u00eda, Civil \/ Estructural, El\u00e9ctrica \/ Instrumentaci\u00f3n \/ Controles, Procesos e incluye Gesti\u00f3n de Proyectos, Controles de Proyectos, Gesti\u00f3n de Adquisiciones y Construcci\u00f3n en los contratos de ejecuci\u00f3n y entrega de proyectos EPCM y EPC.<\/p>\n<p>En la etapa de Concept Engineering (CE), tambi\u00e9n llamada pre-FEED (Front End Engineering Design), SAXUM desarrolla y proporciona la definici\u00f3n del proyecto, los diagramas de flujo del proceso y los criterios de dise\u00f1o en una fase de estudio de alto nivel respaldada por los aportes del cliente, las condiciones del sitio, la documentaci\u00f3n y esquemas; el resultado de este CE es un informe de descripci\u00f3n amplia del proyecto que incluye un cronograma inicial del proyecto y un gasto de capital (CapEx) y un gasto operativo (OpEx) de orden de magnitud.<\/p>\n<h2>\n\tIngenier\u00eda B\u00e1sica\n\t<\/h2>\n\t<p>Ingenier\u00eda b\u00e1sica (BE) o FEED es la etapa en la que SAXUM desarrolla la base del dise\u00f1o detallado y la ingenier\u00eda de un proyecto e incluye especificaciones de equipos, arreglos generales, un cronograma preliminar y una estimaci\u00f3n de CapEx t\u00edpicamente con una precisi\u00f3n de +\/- 15-30 %, que el cliente utiliza como Decisi\u00f3n de Inversi\u00f3n Final (FID) del proyecto. En algunos casos, el BE es parte de un paquete de licitaci\u00f3n para fines de licitaci\u00f3n en contratos EPC.<\/p>\n<h2>\n\tDisciplinas de Ingenier\u00eda\n\t<\/h2>\n<h2>\n\tIngenier\u00eda de Procesos y Ambiental\n\t<\/h2>\n\t<p>SAXUM tiene una amplia experiencia en ingenier\u00eda de procesos y ambiental para las industrias de la miner\u00eda, el cemento y la cal, mediante el uso de softwares avanzados y herramientas tecnol\u00f3gicas, junto con datos pr\u00e1cticos de operaci\u00f3n y mantenimiento. En el aspecto medioambiental, los ingenieros de SAXUM se aseguran de que todas las emisiones (s\u00f3lidos, l\u00edquidos, gaseosos y ruidosos) se capturen y mitiguen, adem\u00e1s de cumplir con todas las regulaciones locales, estatales y federales. Nuestros recursos en ingenier\u00eda de procesos brindan un valor excepcional a nuestros clientes en el centro mismo de sus operaciones, con soluciones rentables y rentables.<\/p>\n<h3>\n\tNuestros servicios:\n\t<\/h3>\n<h2>\n\tIngenier\u00eda Mec\u00e1nica y Piping\n\t<\/h2>\n\t<p>El objetivo principal de SAXUM es ejecutar un proyecto que cumpla con los objetivos de los clientes en cuanto a capacidad de rendimiento y calidad del producto. El departamento de ingenier\u00eda mec\u00e1nica se encarga del dise\u00f1o de nuevas plantas, calculando los requerimientos de potencia mec\u00e1nica, capacidad de flujo, optimizando el r\u00e9gimen de operaci\u00f3n de los diferentes equipos y sistemas que componen el proceso y sus servicios auxiliares. Tambi\u00e9n considera las instalaciones de montaje, puesta en marcha y mantenimiento.<\/p>\n<h3>\n\tNuestros servicios:\n\t<\/h3>\n<h2>\n\tIngenier\u00eda Civil y Estructural \n\t<\/h2>\n\t<p>La asistencia de ingenier\u00eda civil y estructural de SAXUM cubre un amplio espectro, desde consultor\u00eda para investigaciones geomec\u00e1nicas, hasta dise\u00f1os detallados de superestructuras, e incluyendo la selecci\u00f3n y dise\u00f1o de los sistemas de cimentaci\u00f3n m\u00e1s apropiados. Nuestras capacidades y experiencia involucran el an\u00e1lisis y dise\u00f1o de obras de infraestructura, tanto subterr\u00e1neas como en superficie que se requieran en todas las etapas de los proyectos industriales greenfield y brownfield, desde sus conceptos, a lo largo de sus construcciones, operaciones y hasta el cierre.<\/p>\nLas competencias de nuestros profesionales abarcan un amplio abanico, desde la identificaci\u00f3n de riesgos y oportunidades, la caracterizaci\u00f3n geot\u00e9cnica, la modelizaci\u00f3n matem\u00e1tica de estructuras y cimentaciones, hasta dise\u00f1os detallados que contemplan aspectos de constructibilidad. Nuestros dise\u00f1os de ingenier\u00eda civil \/ estructural constructiva involucran un profundo nivel de detalles, los cuales son el resultado de la evaluaci\u00f3n de m\u00faltiples alternativas y diversos aspectos relevantes como la econom\u00eda, seguridad operacional, mantenimiento, mitigaci\u00f3n de riesgos involucrados, etc. Nuestra experiencia garantiza a nuestros clientes un detallado y comprensi\u00f3n clara de las contingencias y complejidades de sus proyectos civiles \/ estructurales, de principio a fin.<br \/>\nNuestros servicios incluyen la evaluaci\u00f3n de las causas de patolog\u00eda estructural y el dise\u00f1o de las soluciones \u00f3ptimas de reparaci\u00f3n. Tenemos experiencia en el dise\u00f1o de estructuras de alta complejidad de hormig\u00f3n y acero, como silos, componentes de plantas nucleares, torres de proceso, puentes y estructuras con fuerte interacci\u00f3n con el terreno como t\u00faneles, cimentaciones y sistemas de contenci\u00f3n de taludes.\n<h3>\n\tNuestros servicios:\n\t<\/h3>\n<h2>\n\tIngenier\u00eda El\u00e9ctrica e Instrumentaci\u00f3n &amp; Control \n\t<\/h2>\n\t<p>Este departamento consiste en profesionales de las disciplinas el\u00e9ctrica y electr\u00f3nica, con vasta experiencia en el dise\u00f1o de instalaciones para transporte, transformaci\u00f3n y distribuci\u00f3n de energ\u00eda el\u00e9ctrica, as\u00ed como en la definici\u00f3n de los sistemas de instrumentaci\u00f3n y control que forman el \u201csistema nervioso\u201d de los procesos industriales de nuestros clientes. <\/p>\n<p>Nuestros profesionales est\u00e1n permanentemente actualizados con las nuevas tecnolog\u00edas  disponibles en el mercado, y cuentan con un conocimiento avanzado en los asuntos regulatorios y normativos requeridos para obtener un suministro el\u00e9ctrico seguro para cualquier proyecto en las Am\u00e9ricas.<\/p>\n<h3>\n\tNuestros servicios:\n\t<\/h3>\n<h2>\n\tIngenier\u00eda de Detalle y RFI\n\t<\/h2>\n\t<p>La Ingenier\u00eda de detalle de un proyecto de SAXUM contiene informes finales, diagramas, c\u00e1lculos y dibujos de cada disciplina para la construcci\u00f3n e incluye un cronograma maestro y una estimaci\u00f3n de CapEx t\u00edpicamente con una precisi\u00f3n de +\/- 5-10%. Adem\u00e1s, los servicios EPCM o EPC est\u00e1n disponibles para entregar y ejecutar proyectos, dependiendo de las necesidades y requisitos espec\u00edficos de los clientes.<\/p>\n<\/div><!-- .vgblk-rw-wrapper -->","protected":false},"excerpt":{"rendered":"<p>Estudios de Factibilidad y Trade-off A trav\u00e9s de la diversa experiencia de sus profesionales, SAXUM ofrece servicios de consultor\u00eda especializada orientados a evaluar la viabilidad de proyectos dentro de est\u00e1ndares reconocidos como NI 43-101 y JORC. Nuestros informes incluyen recomendaciones concluyentes y estimaciones fiables de gastos de capital y gastos de funcionamiento. En cuanto a&#8230;<\/p>\n","protected":false},"author":1,"featured_media":0,"parent":20426,"menu_order":0,"comment_status":"closed","ping_status":"closed","template":"","meta":{"inline_featured_image":false},"jetpack_sharing_enabled":true,"_links":{"self":[{"href":"https:\/\/saxuming.net\/es\/wp-json\/wp\/v2\/pages\/20237"}],"collection":[{"href":"https:\/\/saxuming.net\/es\/wp-json\/wp\/v2\/pages"}],"about":[{"href":"https:\/\/saxuming.net\/es\/wp-json\/wp\/v2\/types\/page"}],"author":[{"embeddable":true,"href":"https:\/\/saxuming.net\/es\/wp-json\/wp\/v2\/users\/1"}],"replies":[{"embeddable":true,"href":"https:\/\/saxuming.net\/es\/wp-json\/wp\/v2\/comments?post=20237"}],"version-history":[{"count":0,"href":"https:\/\/saxuming.net\/es\/wp-json\/wp\/v2\/pages\/20237\/revisions"}],"up":[{"embeddable":true,"href":"https:\/\/saxuming.net\/es\/wp-json\/wp\/v2\/pages\/20426"}],"wp:attachment":[{"href":"https:\/\/saxuming.net\/es\/wp-json\/wp\/v2\/media?parent=20237"}],"curies":[{"name":"wp","href":"https:\/\/api.w.org\/{rel}","templated":true}]}}