{"id":20217,"date":"2016-12-05T16:29:56","date_gmt":"2016-12-05T16:29:56","guid":{"rendered":"https:\/\/saxuming.net\/home\/"},"modified":"2025-10-06T22:11:36","modified_gmt":"2025-10-07T01:11:36","slug":"inicio","status":"publish","type":"page","link":"https:\/\/saxuming.net\/es\/","title":{"rendered":"Inicio"},"content":{"rendered":"<div class=\"vgblk-rw-wrapper limit-wrapper\">\n<h3>\n\t\t\t<a href=\"https:\/\/saxuming.net\/es\/industrias\/mineria\/\" title=\"Miner\u00eda\" target=\"_self\" rel=\"noopener\">\n\tMiner\u00eda\n\t\t\t<\/a>\n\t<\/h3>\n\t<p>Servicios de Ingenier\u00eda, Procura y Gesti\u00f3n de la Construcci\u00f3n (EPCM).<\/p>\n<h3>\n\t\t\t<a href=\"https:\/\/saxuming.net\/es\/industrias\/litio\/\" title=\"Litio\" target=\"_self\" rel=\"noopener\">\n\tLitio\n\t\t\t<\/a>\n\t<\/h3>\n\t<p>Servicios de ingenier\u00eda y gesti\u00f3n de proyectos de alto nivel para industrias de procesamiento de minerales.<\/p>\n<h3>\n\t\t\t<a href=\"https:\/\/saxuming.net\/es\/industrias\/cemento-y-cal\/\" title=\"Cemento y Cal\" target=\"_self\" rel=\"noopener\">\n\tCemento y Cal\n\t\t\t<\/a>\n\t<\/h3>\n\t<p>Ingenier\u00eda multidisciplinar y de alta calidad para sus proyectos de cemento.<\/p>\n<h3>\n\t\t\t<a href=\"https:\/\/saxuming.net\/es\/industrias\/petroleo-y-gas\/\" title=\"Gas y Petr\u00f3leo\" target=\"_self\" rel=\"noopener\">\n\tGas y Petr\u00f3leo\n\t\t\t<\/a>\n\t<\/h3>\n\t<p>Amplia experiencia y soluciones de ingenier\u00eda para la industria del petr\u00f3leo y el gas.<\/p>\n<h3>\n\t\t\t<a href=\"https:\/\/saxuming.net\/es\/industrias\/manufactura-e-infraestructura\/\" title=\"Manufactura e Infra\" target=\"_self\" rel=\"noopener\">\n\tManufactura e Infra\n\t\t\t<\/a>\n\t<\/h3>\n\t<p>Servicios completos de ingenier\u00eda y consultor\u00eda de alta calidad en la industria.<\/p>\n<h5>\n\tEMPRESA\n\t<\/h5>\n\t<h2>Brindamos servicios de ingenier\u00eda del <strong> concepto a la realidad<\/strong><\/h2>\n\t<p>Nuestro equipo de profesionales en las \u00e1reas de ingenier\u00eda, administraci\u00f3n y construcci\u00f3n le brinda la informaci\u00f3n y el asesoramiento que necesita para su proyecto.<\/p>\n<h2>\n\tSAXUM Ingenier\u00eda\n\t<\/h2>\n\t<p>Soluciones para su proyecto<\/p>\n\t<a href=\"https:\/\/www.youtube.com\/watch?v=fnuNpg9mKZc&#038;t=5s\" target=\"_blank\" role=\"button\" rel=\"noopener\">\n\t\t\t\t\tVer Video\n\t<\/a>\n<h4>\n\tSAXUM en cifras:\n\t<\/h4>\n\t\t\t+378\n\t<h4><strong>Proyectos <\/strong><br \/>\nrealizados exitosamente<\/h4>\n\t\t\t19\n\t<h4><strong>Pa\u00edses<\/strong><br \/>\nal rededor del mundo<\/h4>\n\t\t\t105\n\t<h4><strong>Clientes<\/strong> que confiaron<\/h4>\n\t\t\t5\n\t<h4><strong>Oficinas<\/strong><br \/>\npropias<\/h4>\n<h2>\n\tPROYECTOS\n\t<\/h2>\n<h2>\n\tNuestros <b>Testimonios<\/b>\n\t<\/h2>\n\t<p>En SAXUM, la orientaci\u00f3n al cliente es uno de nuestros valores fundamentales. Escuchamos atentamente a nuestros clientes, comprendemos sus objetivos y desaf\u00edos, y trabajamos en colaboraci\u00f3n para ofrecer soluciones que satisfagan sus expectativas.<\/p>\n\n<\/div><!-- .vgblk-rw-wrapper -->","protected":false},"excerpt":{"rendered":"<p>Miner\u00eda Servicios de Ingenier\u00eda, Procura y Gesti\u00f3n de la Construcci\u00f3n (EPCM). Litio Servicios de ingenier\u00eda y gesti\u00f3n de proyectos de alto nivel para industrias de procesamiento de minerales. Cemento y Cal Ingenier\u00eda multidisciplinar y de alta calidad para sus proyectos de cemento. Gas y Petr\u00f3leo Amplia experiencia y soluciones de ingenier\u00eda para la industria del&#8230;<\/p>\n","protected":false},"author":1,"featured_media":0,"parent":0,"menu_order":0,"comment_status":"closed","ping_status":"closed","template":"","meta":{"inline_featured_image":false},"jetpack_sharing_enabled":true,"_links":{"self":[{"href":"https:\/\/saxuming.net\/es\/wp-json\/wp\/v2\/pages\/20217"}],"collection":[{"href":"https:\/\/saxuming.net\/es\/wp-json\/wp\/v2\/pages"}],"about":[{"href":"https:\/\/saxuming.net\/es\/wp-json\/wp\/v2\/types\/page"}],"author":[{"embeddable":true,"href":"https:\/\/saxuming.net\/es\/wp-json\/wp\/v2\/users\/1"}],"replies":[{"embeddable":true,"href":"https:\/\/saxuming.net\/es\/wp-json\/wp\/v2\/comments?post=20217"}],"version-history":[{"count":14,"href":"https:\/\/saxuming.net\/es\/wp-json\/wp\/v2\/pages\/20217\/revisions"}],"predecessor-version":[{"id":24419,"href":"https:\/\/saxuming.net\/es\/wp-json\/wp\/v2\/pages\/20217\/revisions\/24419"}],"wp:attachment":[{"href":"https:\/\/saxuming.net\/es\/wp-json\/wp\/v2\/media?parent=20217"}],"curies":[{"name":"wp","href":"https:\/\/api.w.org\/{rel}","templated":true}]}}