{"id":20043,"date":"2020-09-24T15:18:16","date_gmt":"2020-09-24T18:18:16","guid":{"rendered":"https:\/\/saxuming.net\/?page_id=20043"},"modified":"2026-01-13T18:24:51","modified_gmt":"2026-01-13T21:24:51","slug":"politicas-de-la-empresa","status":"publish","type":"page","link":"https:\/\/saxuming.net\/es\/politicas-de-la-empresa\/","title":{"rendered":"Pol\u00edticas de la empresa"},"content":{"rendered":"<div class=\"vgblk-rw-wrapper limit-wrapper\">\n<h2>\n\tPol\u00edtica de Calidad, Medio Ambiente, Salud y Seguridad\n\t<\/h2>\n\t<p><img loading=\"lazy\" src=\"https:\/\/saxuming.net\/wp-content\/uploads\/2026\/01\/pordada-normas-iso-9001-2026.jpg\" alt=\"\" width=\"1000\" height=\"410\" \/><\/p>\n<p><strong>SAXUM<\/strong> tiene como misi\u00f3n proveer servicios de ingenier\u00eda, procura y gerenciamiento de proyectos para las siguientes industrias:<\/p>\n<ul>\n<li>Miner\u00eda,<\/li>\n<li>Cemento y cal,<\/li>\n<li>Siderurgia,<\/li>\n<li>Energ\u00eda,<\/li>\n<li>Oil&amp;Gas,<\/li>\n<li>Manufactura,<\/li>\n<li>Infraestructura,<\/li>\n<\/ul>\n<p>Para ello, <strong>SAXUM<\/strong> define y documenta esta pol\u00edtica de <strong>Calidad, Medio Ambiente, Salud y Seguridad de los Trabajadores <\/strong>la cual es comunicada y entendida por sus integrantes para su aplicaci\u00f3n en todos sus procesos, y se encuentra disponible para las partes interesadas pertinentes.<\/p>\n<p>Esta pol\u00edtica de Calidad se basa en los siguientes principios:<\/p>\n<ul>\n<li>Satisfacer en tiempo, precisi\u00f3n y calidad el amplio espectro de necesidades t\u00e9cnicas de nuestros clientes, involucrando soluciones apropiadas y eficientes a lo largo de todas las etapas de sus proyectos.<\/li>\n<li>Asegurar el cumplimiento de los requisitos legales aplicables a las actividades, normas, programas, pol\u00edticas y de los cumplimientos voluntariamente suscritos con los clientes y otras partes interesadas.<\/li>\n<li>Promover el entrenamiento y la mejora continua de nuestros profesionales para alcanzar la excelencia en ingenier\u00eda y procedimientos.<\/li>\n<li>Mejorar continuamente nuestros procesos internos fomentando la participaci\u00f3n y compromiso de nuestro personal, implementando metodolog\u00edas de trabajo probadas y adecuadas, como tambi\u00e9n proveyendo los recursos necesarios para el desarrollo de las actividades inherentes a nuestra empresa.<\/li>\n<li>Disponer de espacios de trabajo saludables, limpios, ordenados y provistos de las herramientas tecnol\u00f3gicas necesarias para el desarrollo eficiente de nuestras actividades de manera de optimizar la productividad.<\/li>\n<li>Seleccionar y desarrollar estrat\u00e9gicamente aquellos proveedores y contratistas comprometidos y alineados con nuestra Pol\u00edtica.<\/li>\n<li>Prevenir, reducir y gestionar los impactos ambientales de nuestras operaciones, promoviendo el uso eficiente de los recursos naturales, la conciencia por el cuidado del medio ambiente, comprometi\u00e9ndonos con la protecci\u00f3n del medio ambiente y la prevenci\u00f3n de la contaminaci\u00f3n.<\/li>\n<li>Prevenir, reducir o eliminar los peligros o riesgos, asegurando condiciones de trabajo seguras y saludables para la prevenci\u00f3n de lesiones y deterioro de la salud de las personas que trabajan en nuestros procesos.<\/li>\n<li>Promover la consulta y participaci\u00f3n de los trabajadores en todos los niveles, proporcionando herramientas adecuadas para su efectiva aplicaci\u00f3n.<\/li>\n<\/ul>\n\t<a href=\"https:\/\/saxuming.net\/wp-content\/uploads\/2023\/11\/RPG-02.02-Politica-de-Sistema-de-Gestion-Saxum-Rev-02.pdf\" target=\"_self\" role=\"button\" rel=\"noopener\">\n\t\t\t\t\tPol\u00edtica de Sistemas de Gesti\u00f3n Integrado \n\t<\/a>\n<h2>\n\tResponsabilidad Social Empresarial \n\t<\/h2>\n\t<p>SAXUM se encuentra comprometido con el desarrollo sostenible\/sostenible de los sectores\/localidades de influencia. Busca permanentemente el crecimiento y la capacitaci\u00f3n de los ciudadanos en cada localidad a trav\u00e9s de la capacitaci\u00f3n y educaci\u00f3n de sus habitantes. Sus profesionales trabajan ad honorem con la comunidad llevando a cabo dise\u00f1os de casas utilizando materiales nativos entre otros proyectos activos, as\u00ed como capacitaci\u00f3n oportuna y estrat\u00e9gica.<\/p>\n<p>Mejorar la calidad de vida y la empleabilidad de la poblaci\u00f3n a trav\u00e9s de capacitaci\u00f3n en oficios, conciencia ambiental, higiene y seguridad (prevenci\u00f3n de accidentes e incidentes), conciencia nutricional. La b\u00fasqueda se enfoca en el desarrollo de una conciencia del impacto ambiental de nuestra gesti\u00f3n, por lo que trabajamos para minimizarlo a trav\u00e9s de la optimizaci\u00f3n de los recursos que tenemos (Clasificaci\u00f3n de residuos, 5 \u00abS\u00bb, otros) a su vez, pretende ser \u00abmultiplicadores\u00bb \u00abde estas acciones en nuestro entorno.<\/p>\n<p><b>\u00a0Modalidad de Responsabilidad Social Corporativa de SAXUM<\/b><\/p>\n<p>Trabajamos estrechamente con la comunidad, promoviendo alianzas estrat\u00e9gicas con organizaciones p\u00fablicas, privadas, ONG, etc., en atenci\u00f3n a diferentes \u00e1reas de inter\u00e9s, que interact\u00faan a trav\u00e9s de los diferentes proyectos. Se utilizar\u00e1 una metodolog\u00eda participativa en cada comunidad.<\/p>\n<p>Programa de visitas al complejo industrial de la empresa con el objetivo de fortalecer los v\u00ednculos entre la comunidad de influencia, la familia de empleados y la empresa. Se comunican las pol\u00edticas de la organizaci\u00f3n y se establece contacto con el trabajo del personal empleado.<\/p>\n<p><strong>Voluntariado:<\/strong> alentamos a nuestros empleados a participar activamente en las ONG multiplicando sus conocimientos. En SAXUM creemos en la capacitaci\u00f3n como una herramienta clave para transformar la sociedad. Desde este lugar trabajamos con j\u00f3venes y ni\u00f1os de las poblaciones donde nos instalamos, a quienes consideramos los agentes m\u00e1s importantes para influir y fortalecer sus propios contextos, en la b\u00fasqueda de una sociedad m\u00e1s inclusiva, democr\u00e1tica y promotora de derechos.<\/p>\n<h2>\n\tResponsabilidad Ambiental\n\t<\/h2>\n\t<p>En SAXUM valoramos la protecci\u00f3n del medio ambiente, la prevenci\u00f3n de la contaminaci\u00f3n y la optimizaci\u00f3n del consumo de recursos. Es por ello, que nos enfocamos en ayudar a transformar los conceptos en realidad a trav\u00e9s del cumplimiento de los requisitos regulatorios, comunitarios y ambientales.<\/p>\n<p>SAXUM busca cumplir con el compromiso de proteger el medio ambiente y la sostenibilidad al incorporar principios s\u00f3lidos de protecci\u00f3n ambiental en nuestros dise\u00f1os y nos esforzamos para que los proyectos se ejecuten de una manera ambientalmente responsable. Los planes de gesti\u00f3n ambiental se completan para todos los proyectos de dise\u00f1o y construcci\u00f3n utilizando m\u00e9todos que cumplen con los altos est\u00e1ndares de la pr\u00e1ctica de protecci\u00f3n ambiental y toda la legislaci\u00f3n pertinente.<\/p>\n<p>SAXUM se compromete a una gesti\u00f3n ambiental efectiva basada en los siguientes principios:<\/p>\n<ul>\n<li>Cumplimiento de las leyes, reglamentos, c\u00f3digos, normas y otros requisitos legales y contractuales ambientales;<\/li>\n<li>Evaluar los posibles impactos ambientales apropiados para la naturaleza y la escala de nuestras actividades y monitorear nuestro desempe\u00f1o ambiental para prevenir la contaminaci\u00f3n y mejorar continuamente;<\/li>\n<li>Integrar factores ambientales en la planificaci\u00f3n del proyecto a trav\u00e9s de la comunicaci\u00f3n con nuestros clientes y otras partes interesadas;<\/li>\n<li>Gestionar los residuos peligrosos de acuerdo con nuestros clientes y los requisitos legales;<\/li>\n<li>Promover la conciencia ambiental entre nuestros empleados, proveedores y subcontratistas en relaci\u00f3n con nuestras actividades comerciales.<\/li>\n<\/ul>\n<p>A su vez, en SAXUM, ofrecemos una amplia gama de servicios ambientales para ayudar a nuestros clientes a desarrollar proyectos, mejorar el rendimiento y cerrar y remediar operaciones, al tiempo que gestionamos riesgos e impactos.<\/p>\n\t<a href=\"\/wp-content\/uploads\/2020\/08\/Environmental-and-Sustainability-Policy.pdf\" target=\"_self\" role=\"button\" rel=\"noopener\">\n\t\t\t\t\tEnvironmental and Sustainability Policy\n\t<\/a>\n\t<a href=\"\/wp-content\/uploads\/2020\/08\/Letter-of-Commitment-to-Sustainability.pdf\" target=\"_self\" role=\"button\" rel=\"noopener\">\n\t\t\t\t\tLetter of Commitment to Sustainability\n\t<\/a>\n<h2>\n\tCompromiso con las comunidades locales\n\t<\/h2>\n\t<p>La filosof\u00eda de SAXUM sostiene que el desarrollo s\u00f3lo puede encararse en forma integral, incorporando los conceptos de; COOPERACI\u00d3N, CONFIANZA, ETNICIDAD, IDENTIDAD, COMUNIDAD y AMISTAD, pues son estos elementos los que constituyen el tejido social en que se basan la pol\u00edtica y la econom\u00eda. Es decir, son los que generan el desarrollo social, fortalecen el capital humano y generan estabilidad pol\u00edtica, sin ellos no es posible lograr un desarrollo sostenible y sustentable.<\/p>\n<p>SAXUM trabaja en estrecha relaci\u00f3n con la comunidad, promoviendo alianzas estrat\u00e9gicas con organismos p\u00fablicos, privados, ONGS, etc., en atenci\u00f3n a distintas \u00e1reas de inter\u00e9s, las cuales interact\u00faan a trav\u00e9s de los diferentes proyectos. Con el fin arriba se\u00f1alado, se utiliza una metodolog\u00eda participativa en cada comunidad, y a tales efectos, se acuerda la creaci\u00f3n de un grupo coordinador que tendr\u00e1 como misi\u00f3n centralizar, orientar y promover programas, iniciativas o proyectos encuadrados en el \u00e1rea de inter\u00e9s. El grupo coordinador debe promover:<\/p>\n<ul>\n<li>La elaboraci\u00f3n de proyectos sociales, comunitarios, productivos, de asistencia t\u00e9cnica, de innovaci\u00f3n y desarrollo tecnol\u00f3gico, social, educativo, deportivo y cultural.<\/li>\n<li>El voluntariado de personal especializado de SAXUM para promocionar actividades de inter\u00e9s social y beneficio comunitario.<\/li>\n<li>La realizaci\u00f3n de cursos de especializaci\u00f3n destinados al personal de la empresa como as\u00ed tambi\u00e9n al p\u00fablico en general.<\/li>\n<li>Un programa de visitas al complejo industrial de la compa\u00f1\u00eda, con el objetivo de afianzar v\u00ednculos entre la comunidad de influencia, la familia de los empleados y la empresa.<\/li>\n<\/ul>\n<p>A su vez, en SAXUM creemos que la educaci\u00f3n y capacitaci\u00f3n son herramientas claves para transformar la sociedad. Desde este lugar trabajamos con j\u00f3venes y ni\u00f1os de las poblaciones en donde nos instalamos, a quienes consideramos los agentes m\u00e1s importantes para incidir y potenciar sus propios contextos, en pos de una sociedad m\u00e1s inclusiva, democr\u00e1tica y promotora de derechos.<\/p>\n\t\t\t\t\t\t\t<img loading=\"lazy\" src=\"https:\/\/saxuming.net\/wp-content\/uploads\/2020\/04\/local-communities-engagement-corporate-social-responsibility-modality-saxum.jpg\" alt=\"Local communities engagement\" itemprop=\"image\" height=\"921\" width=\"1500\" title=\"Local communities engagement\" onerror=\"this.style.display='none'\"  sizes=\"(max-width: 768px) 100vw, 100vw\" srcset=\"data:image\/svg+xml;utf8,&lt;svg%20xmlns=&quot;http:\/\/www.w3.org\/2000\/svg&quot;%20viewBox=&quot;0%200%201500%20921&quot;%20height=&quot;921px&quot;%20width=&quot;1500px&quot;\/&gt;\" data-srcset=\"https:\/\/saxuming.net\/wp-content\/uploads\/2020\/04\/local-communities-engagement-corporate-social-responsibility-modality-saxum.jpg 1500w, https:\/\/saxuming.net\/wp-content\/uploads\/2020\/04\/local-communities-engagement-corporate-social-responsibility-modality-saxum-300x184.jpg 300w, https:\/\/saxuming.net\/wp-content\/uploads\/2020\/04\/local-communities-engagement-corporate-social-responsibility-modality-saxum-1024x629.jpg 1024w, https:\/\/saxuming.net\/wp-content\/uploads\/2020\/04\/local-communities-engagement-corporate-social-responsibility-modality-saxum-768x472.jpg 768w, https:\/\/saxuming.net\/wp-content\/uploads\/2020\/04\/local-communities-engagement-corporate-social-responsibility-modality-saxum-1400x860.jpg 1400w, https:\/\/saxuming.net\/wp-content\/uploads\/2020\/04\/local-communities-engagement-corporate-social-responsibility-modality-saxum-700x430.jpg 700w, https:\/\/saxuming.net\/wp-content\/uploads\/2020\/04\/local-communities-engagement-corporate-social-responsibility-modality-saxum-466x286.jpg 466w, https:\/\/saxuming.net\/wp-content\/uploads\/2020\/04\/local-communities-engagement-corporate-social-responsibility-modality-saxum-933x573.jpg 933w, https:\/\/saxuming.net\/wp-content\/uploads\/2020\/04\/local-communities-engagement-corporate-social-responsibility-modality-saxum-350x215.jpg 350w\" \/>\t\t\t\t\t\t\t\n<h2>\n\tPol\u00edticas de RRHH\n\t<\/h2>\n\t<p>La eficiencia y calidad de nuestro servicio depende fuertemente del desempe\u00f1o de cada empleado en SAXUM. Por lo tanto, cada puesto o tarea en nuestra empresa es de suma importancia.<\/p>\n<p>La empresa ha emitido un conjunto de Pol\u00edticas Generales, Normas y procedimientos que tienen como objetivo brindar un marco para una administraci\u00f3n correcta y profesional de los recursos humanos de la compa\u00f1\u00eda.<\/p>\n<p>En este marco, las pol\u00edticas de RRHH que se desarrollan son herramientas centrales para:<\/p>\n<ul>\n<li>Contribuir a la toma de decisiones vinculadas a la gesti\u00f3n de los Recursos Humanos.<\/li>\n<li>Crear, mantener y desarrollar un conjunto de recursos humanos con habilidades y motivaci\u00f3n suficiente para cumplir los objetivos de la organizaci\u00f3n.<\/li>\n<li>Aportar claridad y agilidad en la comunicaci\u00f3n entre los miembros de la organizaci\u00f3n, hacia nuestros clientes y proveedores.<\/li>\n<li>Procurar un tratamiento justo y equitativo de los Recursos Humanos de nuestra organizaci\u00f3n.<\/li>\n<li>Garantizar que cada colaborador pueda alcanzar su m\u00e1ximo nivel de desempe\u00f1o.<\/li>\n<li>Crear un \u00e1mbito efectivo para las relaciones de trabajo y guiar un comportamiento \u00e9tico en toda la<\/li>\n<\/ul>\n<p>organizaci\u00f3n.<\/p>\n\t<a href=\"\/wp-content\/uploads\/2020\/06\/Politica-de-RRHH-de-SAXUM.pdf\" target=\"_self\" role=\"button\" rel=\"noopener\">\n\t\t\t\t\tSee HR Manual\n\t<\/a>\n\n<\/div><!-- .vgblk-rw-wrapper -->","protected":false},"excerpt":{"rendered":"<p>Pol\u00edtica de Calidad, Medio Ambiente, Salud y Seguridad SAXUM tiene como misi\u00f3n proveer servicios de ingenier\u00eda, procura y gerenciamiento de proyectos para las siguientes industrias: Miner\u00eda, Cemento y cal, Siderurgia, Energ\u00eda, Oil&amp;Gas, Manufactura, Infraestructura, Para ello, SAXUM define y documenta esta pol\u00edtica de Calidad, Medio Ambiente, Salud y Seguridad de los Trabajadores la cual es&#8230;<\/p>\n","protected":false},"author":1,"featured_media":0,"parent":0,"menu_order":0,"comment_status":"closed","ping_status":"closed","template":"","meta":{"inline_featured_image":false},"jetpack_sharing_enabled":true,"_links":{"self":[{"href":"https:\/\/saxuming.net\/es\/wp-json\/wp\/v2\/pages\/20043"}],"collection":[{"href":"https:\/\/saxuming.net\/es\/wp-json\/wp\/v2\/pages"}],"about":[{"href":"https:\/\/saxuming.net\/es\/wp-json\/wp\/v2\/types\/page"}],"author":[{"embeddable":true,"href":"https:\/\/saxuming.net\/es\/wp-json\/wp\/v2\/users\/1"}],"replies":[{"embeddable":true,"href":"https:\/\/saxuming.net\/es\/wp-json\/wp\/v2\/comments?post=20043"}],"version-history":[{"count":7,"href":"https:\/\/saxuming.net\/es\/wp-json\/wp\/v2\/pages\/20043\/revisions"}],"predecessor-version":[{"id":24540,"href":"https:\/\/saxuming.net\/es\/wp-json\/wp\/v2\/pages\/20043\/revisions\/24540"}],"wp:attachment":[{"href":"https:\/\/saxuming.net\/es\/wp-json\/wp\/v2\/media?parent=20043"}],"curies":[{"name":"wp","href":"https:\/\/api.w.org\/{rel}","templated":true}]}}