{"id":19937,"date":"2020-09-23T13:20:51","date_gmt":"2020-09-23T16:20:51","guid":{"rendered":"https:\/\/saxuming.net\/?page_id=19937"},"modified":"2024-09-08T05:24:48","modified_gmt":"2024-09-08T08:24:48","slug":"quienes-somos","status":"publish","type":"page","link":"https:\/\/saxuming.net\/es\/quienes-somos\/","title":{"rendered":"Quienes Somos"},"content":{"rendered":"<div class=\"vgblk-rw-wrapper limit-wrapper\">\n<h2>\n\tNuestra historia\n\t<\/h2>\n\t<p>SAXUM inici\u00f3 sus actividades en 1996, proporcionando servicios de ingenier\u00eda y gesti\u00f3n de proyectos de alto nivel a la industria.<\/p>\n<p>Nuestra experiencia internacional y servicios de ingenier\u00eda de valor agregado, incluyendo procesos metal\u00fargicos, de litio y cemento\/cal, ingenier\u00eda mec\u00e1nica, de tuber\u00edas, civil, estructural, el\u00e9ctrica, automatizaci\u00f3n y control, as\u00ed como en la gesti\u00f3n de proyectos\/construcci\u00f3n para la miner\u00eda, cemento\/cal, las industrias de granos\/semillas, manufactura e infraestructura nos permiten atender a una clientela internacional creciente y prominente.<\/p>\n<p>Nuestros procedimientos de gesti\u00f3n de proyectos han demostrado una alta eficacia para satisfacer las necesidades de los clientes y alcanzar los exigentes objetivos de sus proyectos. Estas caracter\u00edsticas \u00fanicas han permitido a SAXUM participar en los proyectos m\u00e1s relevantes de las industrias a las que asistimos y responder de manera adecuada a las crecientes demandas de nuestros clientes en todo el mundo.<\/p>\n\t\t<h3>Ver Presentaci\u00f3n de la Empresa<\/h3>\n\t\t<p>Ver presentaci\u00f3n en PDF<\/p>\u00a0\n\t<a href=\"https:\/\/saxuming.net\/wp-content\/uploads\/2024\/09\/SAXUM-Company-Presentation_web.pdf\" target=\"_blank\" role=\"button\" rel=\"noopener\">\n\t\t\t\t\tDescargar\n\t<\/a>\n\n<h2>\n\tNuestros valores\n\t<\/h2>\n\t\t\t\t\t\t\t<img loading=\"lazy\" src=\"https:\/\/saxuming.net\/wp-content\/uploads\/2024\/06\/engineering-saxum-icon-safety.png\" alt=\"engineering saxum-icon-safety\" itemprop=\"image\" height=\"371\" width=\"300\" title=\"engineering saxum-icon-safety\" onerror=\"this.style.display='none'\"  sizes=\"(max-width: 768px) 100vw, 100vw\" srcset=\"data:image\/svg+xml;utf8,&lt;svg%20xmlns=&quot;http:\/\/www.w3.org\/2000\/svg&quot;%20viewBox=&quot;0%200%20300%20371&quot;%20height=&quot;371px&quot;%20width=&quot;300px&quot;\/&gt;\" data-srcset=\"https:\/\/saxuming.net\/wp-content\/uploads\/2024\/06\/engineering-saxum-icon-safety.png 300w, https:\/\/saxuming.net\/wp-content\/uploads\/2024\/06\/engineering-saxum-icon-safety-243x300.png 243w\" \/>\t\t\t\t\t\t\t\n<h3>\n\tCalidad\n\t<\/h3>\n\t<p>Nuestro compromiso con la calidad garantiza que cada proyecto, desde el concepto hasta su finalizaci\u00f3n, se ejecute con precisi\u00f3n, confiabilidad y con un enfoque en la mejora continua.<\/p>\n\t\t\t\t\t\t\t<img loading=\"lazy\" src=\"https:\/\/saxuming.net\/wp-content\/uploads\/2024\/06\/engineering-saxum-icon-cliente-focus.png\" alt=\"engineering saxum-icon-cliente-focus\" itemprop=\"image\" height=\"173\" width=\"300\" title=\"engineering saxum-icon-cliente-focus\" onerror=\"this.style.display='none'\"  sizes=\"(max-width: 768px) 100vw, 100vw\"\/>\t\t\t\t\t\t\t\n<h3>\n\tEnfoque en el cliente\n\t<\/h3>\n\t<p>Priorizamos las necesidades y objetivos de nuestros clientes en cada etapa del proyecto. Estamos enfocados en ofrecer soluciones confiables y de alta calidad adaptadas a los desaf\u00edos y objetivos espec\u00edficos de cada cliente.<\/p>\n\t\t\t\t\t\t\t<img loading=\"lazy\" src=\"https:\/\/saxuming.net\/wp-content\/uploads\/2024\/06\/engineering-saxum-icon-our-people.png\" alt=\"engineering saxum-icon-our-people\" itemprop=\"image\" height=\"300\" width=\"300\" title=\"engineering saxum-icon-our-people\" onerror=\"this.style.display='none'\"  sizes=\"(max-width: 768px) 100vw, 100vw\" srcset=\"data:image\/svg+xml;utf8,&lt;svg%20xmlns=&quot;http:\/\/www.w3.org\/2000\/svg&quot;%20viewBox=&quot;0%200%20300%20300&quot;%20height=&quot;300px&quot;%20width=&quot;300px&quot;\/&gt;\" data-srcset=\"https:\/\/saxuming.net\/wp-content\/uploads\/2024\/06\/engineering-saxum-icon-our-people.png 300w, https:\/\/saxuming.net\/wp-content\/uploads\/2024\/06\/engineering-saxum-icon-our-people-150x150.png 150w, https:\/\/saxuming.net\/wp-content\/uploads\/2024\/06\/engineering-saxum-icon-our-people-100x100.png 100w\" \/>\t\t\t\t\t\t\t\n<h3>\n\tNuestra Gente\n\t<\/h3>\n\t<p>Nuestra fortaleza radica en la diversidad, habilidades y pasi\u00f3n de nuestro equipo. Invertimos en fomentar un entorno inclusivo donde cada empleado sea valorado, empoderado para crecer profesionalmente y alentado a innovar.<\/p>\n\t\t\t\t\t\t\t<img loading=\"lazy\" src=\"https:\/\/saxuming.net\/wp-content\/uploads\/2024\/06\/engineering-saxum-icon-ingnius-solutions.png\" alt=\"engineering saxum-icon-ingnius-solutions\" itemprop=\"image\" height=\"299\" width=\"300\" title=\"engineering saxum-icon-ingnius-solutions\" onerror=\"this.style.display='none'\"  sizes=\"(max-width: 768px) 100vw, 100vw\" srcset=\"data:image\/svg+xml;utf8,&lt;svg%20xmlns=&quot;http:\/\/www.w3.org\/2000\/svg&quot;%20viewBox=&quot;0%200%20300%20299&quot;%20height=&quot;299px&quot;%20width=&quot;300px&quot;\/&gt;\" data-srcset=\"https:\/\/saxuming.net\/wp-content\/uploads\/2024\/06\/engineering-saxum-icon-ingnius-solutions.png 300w, https:\/\/saxuming.net\/wp-content\/uploads\/2024\/06\/engineering-saxum-icon-ingnius-solutions-150x150.png 150w, https:\/\/saxuming.net\/wp-content\/uploads\/2024\/06\/engineering-saxum-icon-ingnius-solutions-100x100.png 100w\" \/>\t\t\t\t\t\t\t\n<h3>\n\tSoluciones ingeniosas\n\t<\/h3>\n\t<p>Prosperamos a traves de la creatividad y el ingenio, buscando soluciones innovadoras y eficientes para los problemas m\u00e1s desafiantes. Combinamos la ultima tecnolog\u00eda con experiencia pr\u00e1ctica y un profundo conocimiento de la industria.<\/p>\n\t\t\t\t\t\t\t<img loading=\"lazy\" src=\"https:\/\/saxuming.net\/wp-content\/uploads\/2024\/06\/engineering-saxum-icon-integrity.png\" alt=\"engineering saxum-icon-integrity\" itemprop=\"image\" height=\"291\" width=\"300\" title=\"engineering saxum-icon-integrity\" onerror=\"this.style.display='none'\"  sizes=\"(max-width: 768px) 100vw, 100vw\"\/>\t\t\t\t\t\t\t\n<h3>\n\tIntegridad\n\t<\/h3>\n\t<p>Mantenemos los m\u00e1s altos est\u00e1ndares de \u00e9tica y transparencia en todas nuestras relaciones. La integridad es la base de nuestras pr\u00e1cticas comerciales, lo que garantiza que nos conduzcamos con honestidad y justicia.<\/p>\n<h3>\n\tVisi\u00f3n\n\t<\/h3>\n<p>Mejorar los resultados financieros de nuestros clientes a trav\u00e9s de soluciones eficientes de ingenier\u00eda y gerenciamiento, y estimaciones de costo y planeamiento precisos, en cualquier momento y en cualquier lugar.<\/p>\n<h3>\n\tMisi\u00f3n\n\t<\/h3>\n\t<p>Proveer servicios de ingenier\u00eda y gesti\u00f3n de proyectos\/construcci\u00f3n de alta calidad, precisos y rentables a la industria a trav\u00e9s de la mejora continua de nuestros profesionales hasta alcanzar la excelencia.<\/p>\n<h2>\n\tOficinas\n\t<\/h2>\n\t\t\t\t\t\t\t<img loading=\"lazy\" src=\"https:\/\/saxuming.net\/wp-content\/uploads\/2020\/11\/offices-02.jpg\" alt=\"offices-02\" itemprop=\"image\" height=\"963\" width=\"1600\" title=\"offices-02\" onerror=\"this.style.display='none'\"  sizes=\"(max-width: 768px) 100vw, 100vw\" srcset=\"data:image\/svg+xml;utf8,&lt;svg%20xmlns=&quot;http:\/\/www.w3.org\/2000\/svg&quot;%20viewBox=&quot;0%200%201600%20963&quot;%20height=&quot;963px&quot;%20width=&quot;1600px&quot;\/&gt;\" data-srcset=\"https:\/\/saxuming.net\/wp-content\/uploads\/2020\/11\/offices-02.jpg 1600w, https:\/\/saxuming.net\/wp-content\/uploads\/2020\/11\/offices-02-300x181.jpg 300w, https:\/\/saxuming.net\/wp-content\/uploads\/2020\/11\/offices-02-1024x616.jpg 1024w, https:\/\/saxuming.net\/wp-content\/uploads\/2020\/11\/offices-02-768x462.jpg 768w, https:\/\/saxuming.net\/wp-content\/uploads\/2020\/11\/offices-02-1536x924.jpg 1536w, https:\/\/saxuming.net\/wp-content\/uploads\/2020\/11\/offices-02-1400x843.jpg 1400w, https:\/\/saxuming.net\/wp-content\/uploads\/2020\/11\/offices-02-700x421.jpg 700w, https:\/\/saxuming.net\/wp-content\/uploads\/2020\/11\/offices-02-466x280.jpg 466w, https:\/\/saxuming.net\/wp-content\/uploads\/2020\/11\/offices-02-933x562.jpg 933w, https:\/\/saxuming.net\/wp-content\/uploads\/2020\/11\/offices-02-350x211.jpg 350w\" \/>\t\t\t\t\t\t\t\n<h2>\n\tOrganigrama\n\t<\/h2>\n<h5>\n\tSAXUM Ingenier\u00eda S.A. &#8211; South America\n\t<\/h5>\n\t\t\t\t<a href=\"https:\/\/saxuming.net\/es\/quienes-somos\/organization-chart-south-america-cement-saxum-mineria-industria-construccion-empresas-ingenieria-argentina-litio-cementera-2\/\" target=\"_self\" itemprop=\"url\" title=\"SAXUM Ingenier\u00eda S.A. - South America\" rel=\"noopener\">\n\t\t\t\t\t\t\t<img loading=\"lazy\" src=\"https:\/\/saxuming.net\/wp-content\/uploads\/2020\/06\/organization-chart-south-america-cement-saxum-mineria-industria-construccion-empresas-ingenier\u00eda-argentina-litio-cementera-1.jpg\" alt=\"SAXUM Ingenier\u00eda S.A. - South America\" itemprop=\"image\" height=\"904\" width=\"1600\" data-link-type=\"page\" title=\"SAXUM Ingenier\u00eda S.A. - South America\" onerror=\"this.style.display='none'\"  sizes=\"(max-width: 768px) 100vw, 100vw\" srcset=\"data:image\/svg+xml;utf8,&lt;svg%20xmlns=&quot;http:\/\/www.w3.org\/2000\/svg&quot;%20viewBox=&quot;0%200%201600%20904&quot;%20height=&quot;904px&quot;%20width=&quot;1600px&quot;\/&gt;\" data-srcset=\"https:\/\/saxuming.net\/wp-content\/uploads\/2020\/06\/organization-chart-south-america-cement-saxum-mineria-industria-construccion-empresas-ingenier\u00eda-argentina-litio-cementera-1.jpg 1600w, https:\/\/saxuming.net\/wp-content\/uploads\/2020\/06\/organization-chart-south-america-cement-saxum-mineria-industria-construccion-empresas-ingenier\u00eda-argentina-litio-cementera-1-300x170.jpg 300w, https:\/\/saxuming.net\/wp-content\/uploads\/2020\/06\/organization-chart-south-america-cement-saxum-mineria-industria-construccion-empresas-ingenier\u00eda-argentina-litio-cementera-1-1024x579.jpg 1024w, https:\/\/saxuming.net\/wp-content\/uploads\/2020\/06\/organization-chart-south-america-cement-saxum-mineria-industria-construccion-empresas-ingenier\u00eda-argentina-litio-cementera-1-768x434.jpg 768w, https:\/\/saxuming.net\/wp-content\/uploads\/2020\/06\/organization-chart-south-america-cement-saxum-mineria-industria-construccion-empresas-ingenier\u00eda-argentina-litio-cementera-1-1536x868.jpg 1536w, https:\/\/saxuming.net\/wp-content\/uploads\/2020\/06\/organization-chart-south-america-cement-saxum-mineria-industria-construccion-empresas-ingenier\u00eda-argentina-litio-cementera-1-1400x791.jpg 1400w, https:\/\/saxuming.net\/wp-content\/uploads\/2020\/06\/organization-chart-south-america-cement-saxum-mineria-industria-construccion-empresas-ingenier\u00eda-argentina-litio-cementera-1-700x396.jpg 700w, https:\/\/saxuming.net\/wp-content\/uploads\/2020\/06\/organization-chart-south-america-cement-saxum-mineria-industria-construccion-empresas-ingenier\u00eda-argentina-litio-cementera-1-466x263.jpg 466w, https:\/\/saxuming.net\/wp-content\/uploads\/2020\/06\/organization-chart-south-america-cement-saxum-mineria-industria-construccion-empresas-ingenier\u00eda-argentina-litio-cementera-1-933x527.jpg 933w, https:\/\/saxuming.net\/wp-content\/uploads\/2020\/06\/organization-chart-south-america-cement-saxum-mineria-industria-construccion-empresas-ingenier\u00eda-argentina-litio-cementera-1-350x198.jpg 350w\" \/>\t\t\t\t\t\t<\/a>\n<h5>\n\tSAXUM Engineered Solutions LLC. &#8211; North America\n\t<\/h5>\n\t\t\t\t<a href=\"https:\/\/saxuming.net\/es\/quienes-somos\/organization-chart-north-america-cement-saxum-mineria-industria-construccion-empresas-ingenieria-argentina-litio-cementera\/\" target=\"_self\" itemprop=\"url\" title=\"SAXUM Engineered Solutions LLC. - North America\" rel=\"noopener\">\n\t\t\t\t\t\t\t<img loading=\"lazy\" src=\"https:\/\/saxuming.net\/wp-content\/uploads\/2020\/06\/organization-chart-north-america-cement-saxum-mineria-industria-construccion-empresas-ingenier\u00eda-argentina-litio-cementera.jpg\" alt=\"SAXUM Engineered Solutions LLC. - North America\" itemprop=\"image\" height=\"904\" width=\"1600\" data-link-type=\"page\" title=\"SAXUM Engineered Solutions LLC. - North America\" onerror=\"this.style.display='none'\"  sizes=\"(max-width: 768px) 100vw, 100vw\" srcset=\"data:image\/svg+xml;utf8,&lt;svg%20xmlns=&quot;http:\/\/www.w3.org\/2000\/svg&quot;%20viewBox=&quot;0%200%201600%20904&quot;%20height=&quot;904px&quot;%20width=&quot;1600px&quot;\/&gt;\" data-srcset=\"https:\/\/saxuming.net\/wp-content\/uploads\/2020\/06\/organization-chart-north-america-cement-saxum-mineria-industria-construccion-empresas-ingenier\u00eda-argentina-litio-cementera.jpg 1600w, https:\/\/saxuming.net\/wp-content\/uploads\/2020\/06\/organization-chart-north-america-cement-saxum-mineria-industria-construccion-empresas-ingenier\u00eda-argentina-litio-cementera-300x170.jpg 300w, https:\/\/saxuming.net\/wp-content\/uploads\/2020\/06\/organization-chart-north-america-cement-saxum-mineria-industria-construccion-empresas-ingenier\u00eda-argentina-litio-cementera-1024x579.jpg 1024w, https:\/\/saxuming.net\/wp-content\/uploads\/2020\/06\/organization-chart-north-america-cement-saxum-mineria-industria-construccion-empresas-ingenier\u00eda-argentina-litio-cementera-768x434.jpg 768w, https:\/\/saxuming.net\/wp-content\/uploads\/2020\/06\/organization-chart-north-america-cement-saxum-mineria-industria-construccion-empresas-ingenier\u00eda-argentina-litio-cementera-1536x868.jpg 1536w, https:\/\/saxuming.net\/wp-content\/uploads\/2020\/06\/organization-chart-north-america-cement-saxum-mineria-industria-construccion-empresas-ingenier\u00eda-argentina-litio-cementera-1400x791.jpg 1400w, https:\/\/saxuming.net\/wp-content\/uploads\/2020\/06\/organization-chart-north-america-cement-saxum-mineria-industria-construccion-empresas-ingenier\u00eda-argentina-litio-cementera-700x396.jpg 700w, https:\/\/saxuming.net\/wp-content\/uploads\/2020\/06\/organization-chart-north-america-cement-saxum-mineria-industria-construccion-empresas-ingenier\u00eda-argentina-litio-cementera-466x263.jpg 466w, https:\/\/saxuming.net\/wp-content\/uploads\/2020\/06\/organization-chart-north-america-cement-saxum-mineria-industria-construccion-empresas-ingenier\u00eda-argentina-litio-cementera-933x527.jpg 933w, https:\/\/saxuming.net\/wp-content\/uploads\/2020\/06\/organization-chart-north-america-cement-saxum-mineria-industria-construccion-empresas-ingenier\u00eda-argentina-litio-cementera-350x198.jpg 350w\" \/>\t\t\t\t\t\t<\/a>\n\n<\/div><!-- .vgblk-rw-wrapper -->","protected":false},"excerpt":{"rendered":"<p>Nuestra historia SAXUM inici\u00f3 sus actividades en 1996, proporcionando servicios de ingenier\u00eda y gesti\u00f3n de proyectos de alto nivel a la industria. Nuestra experiencia internacional y servicios de ingenier\u00eda de valor agregado, incluyendo procesos metal\u00fargicos, de litio y cemento\/cal, ingenier\u00eda mec\u00e1nica, de tuber\u00edas, civil, estructural, el\u00e9ctrica, automatizaci\u00f3n y control, as\u00ed como en la gesti\u00f3n de&#8230;<\/p>\n","protected":false},"author":1,"featured_media":0,"parent":0,"menu_order":0,"comment_status":"closed","ping_status":"closed","template":"","meta":{"inline_featured_image":false},"jetpack_sharing_enabled":true,"_links":{"self":[{"href":"https:\/\/saxuming.net\/es\/wp-json\/wp\/v2\/pages\/19937"}],"collection":[{"href":"https:\/\/saxuming.net\/es\/wp-json\/wp\/v2\/pages"}],"about":[{"href":"https:\/\/saxuming.net\/es\/wp-json\/wp\/v2\/types\/page"}],"author":[{"embeddable":true,"href":"https:\/\/saxuming.net\/es\/wp-json\/wp\/v2\/users\/1"}],"replies":[{"embeddable":true,"href":"https:\/\/saxuming.net\/es\/wp-json\/wp\/v2\/comments?post=19937"}],"version-history":[{"count":11,"href":"https:\/\/saxuming.net\/es\/wp-json\/wp\/v2\/pages\/19937\/revisions"}],"predecessor-version":[{"id":23965,"href":"https:\/\/saxuming.net\/es\/wp-json\/wp\/v2\/pages\/19937\/revisions\/23965"}],"wp:attachment":[{"href":"https:\/\/saxuming.net\/es\/wp-json\/wp\/v2\/media?parent=19937"}],"curies":[{"name":"wp","href":"https:\/\/api.w.org\/{rel}","templated":true}]}}